{"id":46290,"date":"2026-04-13T07:01:25","date_gmt":"2026-04-13T05:01:25","guid":{"rendered":"https:\/\/fernox.com\/es\/product\/protector-filter-fluid-f9-express-400ml\/"},"modified":"2026-04-13T07:01:28","modified_gmt":"2026-04-13T05:01:28","slug":"protector-filter-fluid-f9-express-400ml","status":"publish","type":"product","link":"https:\/\/fernox.com\/es\/product\/protector-filter-fluid-f9-express-400ml\/","title":{"rendered":"Protector+ Filter Fluid F9 Express 400ml"},"content":{"rendered":"<p>Dise\u00f1ado para usarse con los filtros de sistemas en l\u00ednea Fernox TF1 u otros filtros similares, este paquete inhibidor \u00fanico incluye un dispersante activo que ha demostrado ayudar a la recolecci\u00f3n segura de corrosi\u00f3n, restos e incrustaciones a trav\u00e9s de un filtro. El protector + Filter Fluid Express mejora el rendimiento del filtro del sistema ofreciendo una completa protecci\u00f3n contra corrosi\u00f3n y formaci\u00f3n de cal. Esta f\u00f3rmula innovadora y probada adem\u00e1s extiende la vida del sistema y mantiene la eficiencia \u00f3ptima, Los niveles de concentraci\u00f3n deben ser revisad como parte del servicio anual de mantenimiento del sistema. La gama Fernox Express utiliza tecnolog\u00eda Barrier Pressure Pack y propulsor de aire comprimido para expulsar el producto, por lo que toda la gama es no inflamable. El propulsor (aire comprimido) no est\u00e1 mezclado con el producto activo as\u00ed que no hay existe riesgo de entrada de aire en el sistema, lo que podr\u00eda acelerar un riesgo futuro de corrosi\u00f3n.<\/p>\n<ul>\n<li>Pack de inhibidor \u00fanico con dispersante dise\u00f1ado para desincrustar y llevar los restos circulantes en el sistema a un filtro para una recolecci\u00f3n y eliminaci\u00f3n segura.\n<\/li>\n<li>R\u00e1pido y c\u00f3modo: dosificaci\u00f3n en 30 segundos a trav\u00e9s del radiador, circuito de llenado o Fernox TF1 System Filter, sin necesidad de drenar el sistema\n<\/li>\n<li>Se debe usar solo junto con el sistema de filtro &#8211; proporciona una protecci\u00f3n de primera contra la corrosi\u00f3n y cal en sistemas de calefacci\u00f3n y refrigeraci\u00f3n de metales mixtos, incluido el aluminio.\n<\/li>\n<li>Dise\u00f1ado para ser dejado en el sistema de manera permanente. Trata hasta 130 litros de agua del sistema (16 radiadores) y el equivalente a 250 m2 de sistemas por suelo radiante.\n<\/li>\n<li>Previene la formaci\u00f3n de cal y corrosi\u00f3n\n<\/li>\n<li>Altamente efectivo, f\u00f3rmula respetuosa con el medio ambiente. Aprobado por Belgaqua y NSF CIAS<br \/>\n<\/li>\n<\/ul>\n","protected":false},"excerpt":{"rendered":"<p>Dise\u00f1ado para usarse con los filtros de sistemas en l\u00ednea Fernox TF1 u otros filtros similares, este paquete inhibidor \u00fanico incluye un dispersante activo que ha demostrado ayudar a la recolecci\u00f3n segura de corrosi\u00f3n, restos e incrustaciones a trav\u00e9s de un filtro. El protector + Filter Fluid Express mejora el rendimiento del filtro del sistema [&hellip;]<\/p>\n","protected":false},"featured_media":46612,"template":"","meta":{"_acf_changed":false},"product_brand":[],"product_cat":[175],"product_tag":[],"class_list":{"0":"post-46290","1":"product","2":"type-product","3":"status-publish","4":"has-post-thumbnail","6":"product_cat-inhibitors-protectors","8":"first","9":"instock","10":"purchasable","11":"product-type-simple"},"acf":[],"_links":{"self":[{"href":"https:\/\/fernox.com\/es\/wp-json\/wp\/v2\/product\/46290","targetHints":{"allow":["GET"]}}],"collection":[{"href":"https:\/\/fernox.com\/es\/wp-json\/wp\/v2\/product"}],"about":[{"href":"https:\/\/fernox.com\/es\/wp-json\/wp\/v2\/types\/product"}],"wp:featuredmedia":[{"embeddable":true,"href":"https:\/\/fernox.com\/es\/wp-json\/wp\/v2\/media\/46612"}],"wp:attachment":[{"href":"https:\/\/fernox.com\/es\/wp-json\/wp\/v2\/media?parent=46290"}],"wp:term":[{"taxonomy":"product_brand","embeddable":true,"href":"https:\/\/fernox.com\/es\/wp-json\/wp\/v2\/product_brand?post=46290"},{"taxonomy":"product_cat","embeddable":true,"href":"https:\/\/fernox.com\/es\/wp-json\/wp\/v2\/product_cat?post=46290"},{"taxonomy":"product_tag","embeddable":true,"href":"https:\/\/fernox.com\/es\/wp-json\/wp\/v2\/product_tag?post=46290"}],"curies":[{"name":"wp","href":"https:\/\/api.w.org\/{rel}","templated":true}]}}