{"id":46289,"date":"2026-04-13T07:01:25","date_gmt":"2026-04-13T05:01:25","guid":{"rendered":"https:\/\/fernox.com\/es\/product\/tf1-omega-filter-flushing-adapter\/"},"modified":"2026-04-13T07:01:28","modified_gmt":"2026-04-13T05:01:28","slug":"tf1-omega-filter-flushing-adapter","status":"publish","type":"product","link":"https:\/\/fernox.com\/es\/product\/tf1-omega-filter-flushing-adapter\/","title":{"rendered":"TF1 Omega Filter Flushing Adapter"},"content":{"rendered":"<p>El adaptador de enjuague Fernox TF1 Omega Filter conecta r\u00e1pida y f\u00e1cilmente una m\u00e1quina de enjuague Fernox Powerflow al sistema de calefacci\u00f3n a trav\u00e9s de un filtro Fernox TF1 Omega. Se instala simplemente reemplazando el cuerpo del filtro con el adaptador.<\/p>\n<ul>\n<li>Enjuague r\u00e1pido y f\u00e1cil con conexi\u00f3n a trav\u00e9s del filtro Fernox TF1 Omega.\n<\/li>\n<li>Permite el flujo completo para optimizar la eficiencia de limpieza.\n<\/li>\n<li>Permite limpiar el lado primario del intercambiador de calor secundario en una caldera combinada, simplemente abriendo el grifo de agua caliente sanitaria para activar la v\u00e1lvula desviadora de la caldera.\n<\/li>\n<li>El adaptador de enjuague Fernox TF1 Omega Filter est\u00e1 clasificado para 85\u00b0C.\n<p><\/li>\n<\/ul>\n","protected":false},"excerpt":{"rendered":"<p>El adaptador de enjuague Fernox TF1 Omega Filter conecta r\u00e1pida y f\u00e1cilmente una m\u00e1quina de enjuague Fernox Powerflow al sistema de calefacci\u00f3n a trav\u00e9s de un filtro Fernox TF1 Omega. Se instala simplemente reemplazando el cuerpo del filtro con el adaptador. Enjuague r\u00e1pido y f\u00e1cil con conexi\u00f3n a trav\u00e9s del filtro Fernox TF1 Omega. Permite [&hellip;]<\/p>\n","protected":false},"featured_media":46611,"template":"","meta":{"_acf_changed":false},"product_brand":[],"product_cat":[179],"product_tag":[],"class_list":{"0":"post-46289","1":"product","2":"type-product","3":"status-publish","4":"has-post-thumbnail","6":"product_cat-equipment","8":"first","9":"instock","10":"purchasable","11":"product-type-simple"},"acf":[],"_links":{"self":[{"href":"https:\/\/fernox.com\/es\/wp-json\/wp\/v2\/product\/46289","targetHints":{"allow":["GET"]}}],"collection":[{"href":"https:\/\/fernox.com\/es\/wp-json\/wp\/v2\/product"}],"about":[{"href":"https:\/\/fernox.com\/es\/wp-json\/wp\/v2\/types\/product"}],"wp:featuredmedia":[{"embeddable":true,"href":"https:\/\/fernox.com\/es\/wp-json\/wp\/v2\/media\/46611"}],"wp:attachment":[{"href":"https:\/\/fernox.com\/es\/wp-json\/wp\/v2\/media?parent=46289"}],"wp:term":[{"taxonomy":"product_brand","embeddable":true,"href":"https:\/\/fernox.com\/es\/wp-json\/wp\/v2\/product_brand?post=46289"},{"taxonomy":"product_cat","embeddable":true,"href":"https:\/\/fernox.com\/es\/wp-json\/wp\/v2\/product_cat?post=46289"},{"taxonomy":"product_tag","embeddable":true,"href":"https:\/\/fernox.com\/es\/wp-json\/wp\/v2\/product_tag?post=46289"}],"curies":[{"name":"wp","href":"https:\/\/api.w.org\/{rel}","templated":true}]}}