{"id":46286,"date":"2026-04-13T07:01:25","date_gmt":"2026-04-13T05:01:25","guid":{"rendered":"https:\/\/fernox.com\/es\/product\/solar-cleaner-500ml\/"},"modified":"2026-04-13T07:01:30","modified_gmt":"2026-04-13T05:01:30","slug":"solar-cleaner-500ml","status":"publish","type":"product","link":"https:\/\/fernox.com\/es\/product\/solar-cleaner-500ml\/","title":{"rendered":"Solar Cleaner 500ml"},"content":{"rendered":"<p>Solar Cleaner es un limpiador concentrado y universal espec\u00edficamente dise\u00f1ado para sistemas t\u00e9rmicos solares, eliminando fluidos de traNSF CIASerencia de calor solar degradados, lodo y bloqueos. Este producto restaura r\u00e1pida y eficientemente los sistemas t\u00e9rmicos solares.  El limpiador Fernox Solar es compatible para su uso con todos los materiales com\u00fanmente usados en las instalaciones t\u00e9rmicas solares.<\/p>\n<ul>\n<li>Un limpiador concentrado universal dise\u00f1ado para sistemas t\u00e9rmicos solares\n<\/li>\n<li>Elimina los fluidos de traNSF CIASerencia de calor solar degradados y lodo\n<\/li>\n<li>Limpia obstrucciones r\u00e1pidamente\n<\/li>\n<li>Restaura la eficiencia en los sistemas\n<\/li>\n<li>F\u00f3rmula sin espuma para una limpieza r\u00e1pida y sencilla del sistema despu\u00e9s de su uso. Disponible en producto de 500 ml.\n<\/li>\n<li>Adecuado para su uso con todos los modelos de sistemas t\u00e9rmicos solares<br \/>\n<\/li>\n<\/ul>\n","protected":false},"excerpt":{"rendered":"<p>Solar Cleaner es un limpiador concentrado y universal espec\u00edficamente dise\u00f1ado para sistemas t\u00e9rmicos solares, eliminando fluidos de traNSF CIASerencia de calor solar degradados, lodo y bloqueos. Este producto restaura r\u00e1pida y eficientemente los sistemas t\u00e9rmicos solares. El limpiador Fernox Solar es compatible para su uso con todos los materiales com\u00fanmente usados en las instalaciones t\u00e9rmicas [&hellip;]<\/p>\n","protected":false},"featured_media":46608,"template":"","meta":{"_acf_changed":false},"product_brand":[],"product_cat":[128,210],"product_tag":[],"class_list":{"0":"post-46286","1":"product","2":"type-product","3":"status-publish","4":"has-post-thumbnail","6":"product_cat-renewable-technologies","7":"product_cat-renewable-technologieschemistry","9":"first","10":"instock","11":"purchasable","12":"product-type-simple"},"acf":[],"_links":{"self":[{"href":"https:\/\/fernox.com\/es\/wp-json\/wp\/v2\/product\/46286","targetHints":{"allow":["GET"]}}],"collection":[{"href":"https:\/\/fernox.com\/es\/wp-json\/wp\/v2\/product"}],"about":[{"href":"https:\/\/fernox.com\/es\/wp-json\/wp\/v2\/types\/product"}],"wp:featuredmedia":[{"embeddable":true,"href":"https:\/\/fernox.com\/es\/wp-json\/wp\/v2\/media\/46608"}],"wp:attachment":[{"href":"https:\/\/fernox.com\/es\/wp-json\/wp\/v2\/media?parent=46286"}],"wp:term":[{"taxonomy":"product_brand","embeddable":true,"href":"https:\/\/fernox.com\/es\/wp-json\/wp\/v2\/product_brand?post=46286"},{"taxonomy":"product_cat","embeddable":true,"href":"https:\/\/fernox.com\/es\/wp-json\/wp\/v2\/product_cat?post=46286"},{"taxonomy":"product_tag","embeddable":true,"href":"https:\/\/fernox.com\/es\/wp-json\/wp\/v2\/product_tag?post=46286"}],"curies":[{"name":"wp","href":"https:\/\/api.w.org\/{rel}","templated":true}]}}