{"id":46285,"date":"2026-04-13T07:01:31","date_gmt":"2026-04-13T05:01:31","guid":{"rendered":"https:\/\/fernox.com\/es\/product\/system-neutraliser-2-litre\/"},"modified":"2026-04-13T07:01:31","modified_gmt":"2026-04-13T05:01:31","slug":"system-neutraliser-2-litre","status":"publish","type":"product","link":"https:\/\/fernox.com\/es\/product\/system-neutraliser-2-litre\/","title":{"rendered":"System Neutraliser 2 litre"},"content":{"rendered":"<p>System Neutraliser est\u00e1 dise\u00f1ado para neutralizar cualquier \u00e1cido en el sistema tras su limpieza con un producto \u00e1cido, como Fernox DS40 Descaler &amp; Cleaner, asegurando el cumplimiento de las regulaciones medio ambientales antes de desechar las aguas residuales. El neutralizador de sistemas tambi\u00e9n acondiciona el sistema para la aplicaci\u00f3n de un inhibidor de corrosi\u00f3n y cal.<\/p>\n<ul>\n<li>Neutraliza el agua del sistema despu\u00e9s de usar DS40 System Descaler &amp; Cleaner\n<\/li>\n<li>Acondiciona el sistema para la aplicaci\u00f3n del inhibidor de corrosi\u00f3n\n<\/li>\n<li>Asegura el cumplimiento de las regulaciones medio ambientales\n<\/li>\n<li>Conveniente usar 2 litros de l\u00edquido para una dosis sencilla con unidades de limpieza a presi\u00f3n o aplicaci\u00f3n a trav\u00e9s del tanque F&amp;E o recipiente dosificador (para sistemas sellados)\n<\/li>\n<li>F\u00f3rmula no t\u00f3xica\n<\/li>\n<li>Asegura una manera segura de desecho de los residuos \u00e1cidos<br \/>\n<\/li>\n<\/ul>\n","protected":false},"excerpt":{"rendered":"<p>System Neutraliser est\u00e1 dise\u00f1ado para neutralizar cualquier \u00e1cido en el sistema tras su limpieza con un producto \u00e1cido, como Fernox DS40 Descaler &amp; Cleaner, asegurando el cumplimiento de las regulaciones medio ambientales antes de desechar las aguas residuales. El neutralizador de sistemas tambi\u00e9n acondiciona el sistema para la aplicaci\u00f3n de un inhibidor de corrosi\u00f3n y [&hellip;]<\/p>\n","protected":false},"featured_media":46606,"template":"","meta":{"_acf_changed":false},"product_brand":[],"product_cat":[201,178],"product_tag":[],"class_list":{"0":"post-46285","1":"product","2":"type-product","3":"status-publish","4":"has-post-thumbnail","6":"product_cat-limescale-remedies","7":"product_cat-cleaners","9":"first","10":"instock","11":"purchasable","12":"product-type-simple"},"acf":[],"_links":{"self":[{"href":"https:\/\/fernox.com\/es\/wp-json\/wp\/v2\/product\/46285","targetHints":{"allow":["GET"]}}],"collection":[{"href":"https:\/\/fernox.com\/es\/wp-json\/wp\/v2\/product"}],"about":[{"href":"https:\/\/fernox.com\/es\/wp-json\/wp\/v2\/types\/product"}],"wp:featuredmedia":[{"embeddable":true,"href":"https:\/\/fernox.com\/es\/wp-json\/wp\/v2\/media\/46606"}],"wp:attachment":[{"href":"https:\/\/fernox.com\/es\/wp-json\/wp\/v2\/media?parent=46285"}],"wp:term":[{"taxonomy":"product_brand","embeddable":true,"href":"https:\/\/fernox.com\/es\/wp-json\/wp\/v2\/product_brand?post=46285"},{"taxonomy":"product_cat","embeddable":true,"href":"https:\/\/fernox.com\/es\/wp-json\/wp\/v2\/product_cat?post=46285"},{"taxonomy":"product_tag","embeddable":true,"href":"https:\/\/fernox.com\/es\/wp-json\/wp\/v2\/product_tag?post=46285"}],"curies":[{"name":"wp","href":"https:\/\/api.w.org\/{rel}","templated":true}]}}