{"id":46284,"date":"2026-04-13T07:01:31","date_gmt":"2026-04-13T05:01:31","guid":{"rendered":"https:\/\/fernox.com\/es\/product\/ds40-descaler-cleaner-2kg\/"},"modified":"2026-04-13T07:01:32","modified_gmt":"2026-04-13T05:01:32","slug":"ds40-descaler-cleaner-2kg","status":"publish","type":"product","link":"https:\/\/fernox.com\/es\/product\/ds40-descaler-cleaner-2kg\/","title":{"rendered":"DS40 Descaler &amp; Cleaner 2kg"},"content":{"rendered":"<p>DS40 Descaler and Cleaner es un limpiador a base de \u00e1cido c\u00edtrico de acci\u00f3n r\u00e1pida dise\u00f1ado para eliminar la cal, la magnetita o el lodo negro y otros contaminantes del sistema. Ideal para su uso en limpieza a presi\u00f3n, tambi\u00e9n se puede usar para descalcificar intercambiadores de calor o componentes de calderas de manera separada. Se proporciona con producto l\u00edquido neutralizador<\/p>\n<ul>\n<li>elimina r\u00e1pidamente cal, lodo y otros restos\n<\/li>\n<li>Restaura la circulaci\u00f3n y mejora la eficiencia calor\u00edfica\n<\/li>\n<li>Polvo de flujo libre para su uso con unidades de lavado a presi\u00f3n, aplicaci\u00f3n a trav\u00e9s de un tanque F&amp;E o un recipiente dosificador adecuado\n<\/li>\n<li>Se vuelve amarillo cuando el producto se agota- l\u00edquido neutralizador suministrado con el producto\n<\/li>\n<li>Compatible con todos los sistemas de metales mixtos, incluido el aluminio\n<\/li>\n<li>Es conveniente utilizar el l\u00edquido neutralizador que se proporciona con el producto<br \/>\n<\/li>\n<\/ul>\n","protected":false},"excerpt":{"rendered":"<p>DS40 Descaler and Cleaner es un limpiador a base de \u00e1cido c\u00edtrico de acci\u00f3n r\u00e1pida dise\u00f1ado para eliminar la cal, la magnetita o el lodo negro y otros contaminantes del sistema. Ideal para su uso en limpieza a presi\u00f3n, tambi\u00e9n se puede usar para descalcificar intercambiadores de calor o componentes de calderas de manera separada. [&hellip;]<\/p>\n","protected":false},"featured_media":46605,"template":"","meta":{"_acf_changed":false},"product_brand":[],"product_cat":[178],"product_tag":[],"class_list":{"0":"post-46284","1":"product","2":"type-product","3":"status-publish","4":"has-post-thumbnail","6":"product_cat-cleaners","8":"first","9":"instock","10":"purchasable","11":"product-type-simple"},"acf":[],"_links":{"self":[{"href":"https:\/\/fernox.com\/es\/wp-json\/wp\/v2\/product\/46284","targetHints":{"allow":["GET"]}}],"collection":[{"href":"https:\/\/fernox.com\/es\/wp-json\/wp\/v2\/product"}],"about":[{"href":"https:\/\/fernox.com\/es\/wp-json\/wp\/v2\/types\/product"}],"wp:featuredmedia":[{"embeddable":true,"href":"https:\/\/fernox.com\/es\/wp-json\/wp\/v2\/media\/46605"}],"wp:attachment":[{"href":"https:\/\/fernox.com\/es\/wp-json\/wp\/v2\/media?parent=46284"}],"wp:term":[{"taxonomy":"product_brand","embeddable":true,"href":"https:\/\/fernox.com\/es\/wp-json\/wp\/v2\/product_brand?post=46284"},{"taxonomy":"product_cat","embeddable":true,"href":"https:\/\/fernox.com\/es\/wp-json\/wp\/v2\/product_cat?post=46284"},{"taxonomy":"product_tag","embeddable":true,"href":"https:\/\/fernox.com\/es\/wp-json\/wp\/v2\/product_tag?post=46284"}],"curies":[{"name":"wp","href":"https:\/\/api.w.org\/{rel}","templated":true}]}}