{"id":46283,"date":"2026-04-13T07:01:31","date_gmt":"2026-04-13T05:01:31","guid":{"rendered":"https:\/\/fernox.com\/es\/product\/tf1-sigma-filter-flushing-adapter\/"},"modified":"2026-04-13T07:01:32","modified_gmt":"2026-04-13T05:01:32","slug":"tf1-sigma-filter-flushing-adapter","status":"publish","type":"product","link":"https:\/\/fernox.com\/es\/product\/tf1-sigma-filter-flushing-adapter\/","title":{"rendered":"TF1 Sigma Filter Flushing Adapter"},"content":{"rendered":"<p>Este adaptador de lavado TF1 Sigma, f\u00e1cil de usar, est\u00e1 dise\u00f1ado para funcionar junto con el filtro TF1 Sigma como una forma r\u00e1pida y c\u00f3moda de conectar una m\u00e1quina de lavado a presi\u00f3n al sistema. Basta con sustituir el cuerpo principal del filtro del colector de entrada\/salida para instalar el adaptador en la unidad. El adaptador tambi\u00e9n permite una dosificaci\u00f3n r\u00e1pida y sencilla a trav\u00e9s de la v\u00e1lvula de drenaje del filtro TF1 Sigma.<\/p>\n<ul>\n<li>Lavado r\u00e1pido y sencillo con conexi\u00f3n a trav\u00e9s del filtro Fernox TF1 Sigma.\n<\/li>\n<li>Permite un caudal completo para optimizar la eficacia de la limpieza.\n<\/li>\n<li>Permite limpiar el lado primario del intercambiador de calor secundario de la caldera combinada simplemente abriendo el grifo de agua caliente sanitaria para activar la v\u00e1lvula desviadora de la caldera.\n<\/li>\n<li>El adaptador de lavado del filtro Fernox TF1 Sigma est\u00e1 homologado para 85 \u00b0C.\n<p><\/li>\n<\/ul>\n","protected":false},"excerpt":{"rendered":"<p>Este adaptador de lavado TF1 Sigma, f\u00e1cil de usar, est\u00e1 dise\u00f1ado para funcionar junto con el filtro TF1 Sigma como una forma r\u00e1pida y c\u00f3moda de conectar una m\u00e1quina de lavado a presi\u00f3n al sistema. Basta con sustituir el cuerpo principal del filtro del colector de entrada\/salida para instalar el adaptador en la unidad. El [&hellip;]<\/p>\n","protected":false},"featured_media":46604,"template":"","meta":{"_acf_changed":false},"product_brand":[],"product_cat":[179],"product_tag":[],"class_list":{"0":"post-46283","1":"product","2":"type-product","3":"status-publish","4":"has-post-thumbnail","6":"product_cat-equipment","8":"first","9":"instock","10":"purchasable","11":"product-type-simple"},"acf":[],"_links":{"self":[{"href":"https:\/\/fernox.com\/es\/wp-json\/wp\/v2\/product\/46283","targetHints":{"allow":["GET"]}}],"collection":[{"href":"https:\/\/fernox.com\/es\/wp-json\/wp\/v2\/product"}],"about":[{"href":"https:\/\/fernox.com\/es\/wp-json\/wp\/v2\/types\/product"}],"wp:featuredmedia":[{"embeddable":true,"href":"https:\/\/fernox.com\/es\/wp-json\/wp\/v2\/media\/46604"}],"wp:attachment":[{"href":"https:\/\/fernox.com\/es\/wp-json\/wp\/v2\/media?parent=46283"}],"wp:term":[{"taxonomy":"product_brand","embeddable":true,"href":"https:\/\/fernox.com\/es\/wp-json\/wp\/v2\/product_brand?post=46283"},{"taxonomy":"product_cat","embeddable":true,"href":"https:\/\/fernox.com\/es\/wp-json\/wp\/v2\/product_cat?post=46283"},{"taxonomy":"product_tag","embeddable":true,"href":"https:\/\/fernox.com\/es\/wp-json\/wp\/v2\/product_tag?post=46283"}],"curies":[{"name":"wp","href":"https:\/\/api.w.org\/{rel}","templated":true}]}}