{"id":46281,"date":"2026-04-13T07:01:31","date_gmt":"2026-04-13T05:01:31","guid":{"rendered":"https:\/\/fernox.com\/es\/product\/powerflow-pump-head-adapter\/"},"modified":"2026-04-13T07:01:34","modified_gmt":"2026-04-13T05:01:34","slug":"powerflow-pump-head-adapter","status":"publish","type":"product","link":"https:\/\/fernox.com\/es\/product\/powerflow-pump-head-adapter\/","title":{"rendered":"Powerflow Pump Head Adapter"},"content":{"rendered":"<p>The Powerflow Pump Head Adapter facilita la conexi\u00f3n de una m\u00e1quina de lavado a presi\u00f3n a los sistemas de calefacci\u00f3n central a trav\u00e9s del cuerpo de la bomba de circulaci\u00f3n y es especialmente adecuado para calderas de condensaci\u00f3n con circuladores incorporados. Este producto ahorra tiempo en el sitio y es muy sencillo de usar, permitiendo una limpieza m\u00e1s r\u00e1pida y eficaz<\/p>\n<ul>\n<li>Facilita la conexi\u00f3n sencilla entre las m\u00e1quinas de lavado a presi\u00f3n y los sistema de calefacci\u00f3n central v\u00eda el cuerpo de la bomba circulatoria\n<\/li>\n<li>Particularmente \u00fatil para calderas de condensaci\u00f3n con circuladores integrados\n<\/li>\n<li>Permite la limpieza de intercambiadores de calor secundarios sin desmontar la caldera\n<\/li>\n<li>Ahorra tiempo en el sitio, simple y f\u00e1cil de usar\n<\/li>\n<li>Compatible con los circuladores m\u00e1s usados com\u00fanmente\n<\/li>\n<li>Producto patentado n\u00ba GB2416002<br \/>\n<\/li>\n<\/ul>\n","protected":false},"excerpt":{"rendered":"<p>The Powerflow Pump Head Adapter facilita la conexi\u00f3n de una m\u00e1quina de lavado a presi\u00f3n a los sistemas de calefacci\u00f3n central a trav\u00e9s del cuerpo de la bomba de circulaci\u00f3n y es especialmente adecuado para calderas de condensaci\u00f3n con circuladores incorporados. Este producto ahorra tiempo en el sitio y es muy sencillo de usar, permitiendo [&hellip;]<\/p>\n","protected":false},"featured_media":46602,"template":"","meta":{"_acf_changed":false},"product_brand":[],"product_cat":[179],"product_tag":[],"class_list":{"0":"post-46281","1":"product","2":"type-product","3":"status-publish","4":"has-post-thumbnail","6":"product_cat-equipment","8":"first","9":"instock","10":"purchasable","11":"product-type-simple"},"acf":[],"_links":{"self":[{"href":"https:\/\/fernox.com\/es\/wp-json\/wp\/v2\/product\/46281","targetHints":{"allow":["GET"]}}],"collection":[{"href":"https:\/\/fernox.com\/es\/wp-json\/wp\/v2\/product"}],"about":[{"href":"https:\/\/fernox.com\/es\/wp-json\/wp\/v2\/types\/product"}],"wp:featuredmedia":[{"embeddable":true,"href":"https:\/\/fernox.com\/es\/wp-json\/wp\/v2\/media\/46602"}],"wp:attachment":[{"href":"https:\/\/fernox.com\/es\/wp-json\/wp\/v2\/media?parent=46281"}],"wp:term":[{"taxonomy":"product_brand","embeddable":true,"href":"https:\/\/fernox.com\/es\/wp-json\/wp\/v2\/product_brand?post=46281"},{"taxonomy":"product_cat","embeddable":true,"href":"https:\/\/fernox.com\/es\/wp-json\/wp\/v2\/product_cat?post=46281"},{"taxonomy":"product_tag","embeddable":true,"href":"https:\/\/fernox.com\/es\/wp-json\/wp\/v2\/product_tag?post=46281"}],"curies":[{"name":"wp","href":"https:\/\/api.w.org\/{rel}","templated":true}]}}