{"id":46280,"date":"2026-04-06T07:01:48","date_gmt":"2026-04-06T05:01:48","guid":{"rendered":"https:\/\/fernox.com\/es\/product\/boiler-noise-silencer-f2-express-400ml\/"},"modified":"2026-04-06T07:01:49","modified_gmt":"2026-04-06T05:01:49","slug":"boiler-noise-silencer-f2-express-400ml","status":"publish","type":"product","link":"https:\/\/fernox.com\/es\/product\/boiler-noise-silencer-f2-express-400ml\/","title":{"rendered":"Boiler Noise Silencer F2 Express 400ml"},"content":{"rendered":"<p>Boiler Noise Silencer F2 est\u00e1 dise\u00f1ado para reducir el ruido de la caldera y calentadores de agua y restaurar la capacidad de traNSF CIASerencia de calor. El ruido en la caldera es s\u00edntoma de un sistema con incrustaciones de cal form\u00e1ndose en el interior de las tuber\u00edas. Este producto es ideal para usar con todos los tipos de calderas y es compatible con todos los metales y materiales com\u00fanmente usados en los sistemas, incluido el aluminio La gama Fernox Express utiliza tecnolog\u00eda Barrier Pressure Pack y propulsor de aire comprimido para expulsar el producto, por lo que toda la gama es no inflamable. El propulsor (aire comprimido) no est\u00e1 mezclado con el producto activo as\u00ed que no hay existe riesgo de entrada de aire en el sistema, lo que podr\u00eda acelerar un riesgo futuro de corrosi\u00f3n.<\/p>\n<ul>\n<li>R\u00e1pido y c\u00f3modo de usar- se administra en 30 segundos- no necesita drenar el sistema\n<\/li>\n<li>Se proporciona con una gran variedad de adaptadores de dosificaci\u00f3n y un mecanismo de disparo totalmente controlable para no cometer errores y no desperdiciar dosis\n<\/li>\n<li>Alto rendimiento, f\u00f3rmula no t\u00f3xica y respetuosa con el medio ambiente\n<\/li>\n<li>Una lata 100 % reciclable de 400ml trata hasta 130 litros de agua del sistema (16 radiadores) y el equivalente a 250m2 de sistemas por suelo radiante.\n<\/li>\n<li>Reduce el ruido de la caldera y mejora la eficiencia de la traNSF CIASerencia de calor\n<\/li>\n<li>Ahorra en facturas de combustible y reduce los costes de mantenimiento<br \/>\n<\/li>\n<\/ul>\n","protected":false},"excerpt":{"rendered":"<p>Boiler Noise Silencer F2 est\u00e1 dise\u00f1ado para reducir el ruido de la caldera y calentadores de agua y restaurar la capacidad de traNSF CIASerencia de calor. El ruido en la caldera es s\u00edntoma de un sistema con incrustaciones de cal form\u00e1ndose en el interior de las tuber\u00edas. Este producto es ideal para usar con todos [&hellip;]<\/p>\n","protected":false},"featured_media":46601,"template":"","meta":{"_acf_changed":false},"product_brand":[],"product_cat":[202],"product_tag":[],"class_list":{"0":"post-46280","1":"product","2":"type-product","3":"status-publish","4":"has-post-thumbnail","6":"product_cat-silencers","8":"first","9":"instock","10":"purchasable","11":"product-type-simple"},"acf":[],"yoast_head":"<!-- This site is optimized with the Yoast SEO plugin v27.3 - https:\/\/yoast.com\/product\/yoast-seo-wordpress\/ -->\n<title>Boiler Noise Silencer F2 Express 400ml - Fernox Spain<\/title>\n<meta name=\"robots\" content=\"index, follow, max-snippet:-1, max-image-preview:large, max-video-preview:-1\" \/>\n<link rel=\"canonical\" href=\"https:\/\/fernox.com\/es\/product\/boiler-noise-silencer-f2-express-400ml\/\" \/>\n<meta property=\"og:locale\" content=\"en_US\" \/>\n<meta property=\"og:type\" content=\"article\" \/>\n<meta property=\"og:title\" content=\"Boiler Noise Silencer F2 Express 400ml - Fernox Spain\" \/>\n<meta property=\"og:description\" content=\"Boiler Noise Silencer F2 est\u00e1 dise\u00f1ado para reducir el ruido de la caldera y calentadores de agua y restaurar la capacidad de traNSF CIASerencia de calor. El ruido en la caldera es s\u00edntoma de un sistema con incrustaciones de cal form\u00e1ndose en el interior de las tuber\u00edas. Este producto es ideal para usar con todos [&hellip;]\" \/>\n<meta property=\"og:url\" content=\"https:\/\/fernox.com\/es\/product\/boiler-noise-silencer-f2-express-400ml\/\" \/>\n<meta property=\"og:site_name\" content=\"Fernox Spain\" \/>\n<meta property=\"article:modified_time\" content=\"2026-04-06T05:01:49+00:00\" \/>\n<meta property=\"og:image\" content=\"https:\/\/fernox.com\/es\/wp-content\/uploads\/sites\/42\/2025\/12\/62421-1LRS.jpg\" \/>\n\t<meta property=\"og:image:width\" content=\"600\" \/>\n\t<meta property=\"og:image:height\" content=\"600\" \/>\n\t<meta property=\"og:image:type\" content=\"image\/jpeg\" \/>\n<meta name=\"twitter:card\" content=\"summary_large_image\" \/>\n<meta name=\"twitter:label1\" content=\"Est. reading time\" \/>\n\t<meta name=\"twitter:data1\" content=\"1 minute\" \/>\n<script type=\"application\/ld+json\" class=\"yoast-schema-graph\">{\"@context\":\"https:\\\/\\\/schema.org\",\"@graph\":[{\"@type\":\"WebPage\",\"@id\":\"https:\\\/\\\/fernox.com\\\/es\\\/product\\\/boiler-noise-silencer-f2-express-400ml\\\/\",\"url\":\"https:\\\/\\\/fernox.com\\\/es\\\/product\\\/boiler-noise-silencer-f2-express-400ml\\\/\",\"name\":\"Boiler Noise Silencer F2 Express 400ml - Fernox Spain\",\"isPartOf\":{\"@id\":\"https:\\\/\\\/fernox.com\\\/es\\\/#website\"},\"primaryImageOfPage\":{\"@id\":\"https:\\\/\\\/fernox.com\\\/es\\\/product\\\/boiler-noise-silencer-f2-express-400ml\\\/#primaryimage\"},\"image\":{\"@id\":\"https:\\\/\\\/fernox.com\\\/es\\\/product\\\/boiler-noise-silencer-f2-express-400ml\\\/#primaryimage\"},\"thumbnailUrl\":\"https:\\\/\\\/fernox.com\\\/es\\\/wp-content\\\/uploads\\\/sites\\\/42\\\/2025\\\/12\\\/62421-1LRS.jpg\",\"datePublished\":\"2026-04-06T05:01:48+00:00\",\"dateModified\":\"2026-04-06T05:01:49+00:00\",\"breadcrumb\":{\"@id\":\"https:\\\/\\\/fernox.com\\\/es\\\/product\\\/boiler-noise-silencer-f2-express-400ml\\\/#breadcrumb\"},\"inLanguage\":\"en-US\",\"potentialAction\":[{\"@type\":\"ReadAction\",\"target\":[\"https:\\\/\\\/fernox.com\\\/es\\\/product\\\/boiler-noise-silencer-f2-express-400ml\\\/\"]}]},{\"@type\":\"ImageObject\",\"inLanguage\":\"en-US\",\"@id\":\"https:\\\/\\\/fernox.com\\\/es\\\/product\\\/boiler-noise-silencer-f2-express-400ml\\\/#primaryimage\",\"url\":\"https:\\\/\\\/fernox.com\\\/es\\\/wp-content\\\/uploads\\\/sites\\\/42\\\/2025\\\/12\\\/62421-1LRS.jpg\",\"contentUrl\":\"https:\\\/\\\/fernox.com\\\/es\\\/wp-content\\\/uploads\\\/sites\\\/42\\\/2025\\\/12\\\/62421-1LRS.jpg\",\"width\":600,\"height\":600},{\"@type\":\"BreadcrumbList\",\"@id\":\"https:\\\/\\\/fernox.com\\\/es\\\/product\\\/boiler-noise-silencer-f2-express-400ml\\\/#breadcrumb\",\"itemListElement\":[{\"@type\":\"ListItem\",\"position\":1,\"name\":\"Home\",\"item\":\"https:\\\/\\\/fernox.com\\\/es\\\/\"},{\"@type\":\"ListItem\",\"position\":2,\"name\":\"Products\",\"item\":\"https:\\\/\\\/fernox.com\\\/es\\\/shop\\\/\"},{\"@type\":\"ListItem\",\"position\":3,\"name\":\"Boiler Noise Silencer F2 Express 400ml\"}]},{\"@type\":\"WebSite\",\"@id\":\"https:\\\/\\\/fernox.com\\\/es\\\/#website\",\"url\":\"https:\\\/\\\/fernox.com\\\/es\\\/\",\"name\":\"Fernox Spain\",\"description\":\"\",\"publisher\":{\"@id\":\"https:\\\/\\\/fernox.com\\\/es\\\/#organization\"},\"potentialAction\":[{\"@type\":\"SearchAction\",\"target\":{\"@type\":\"EntryPoint\",\"urlTemplate\":\"https:\\\/\\\/fernox.com\\\/es\\\/?s={search_term_string}\"},\"query-input\":{\"@type\":\"PropertyValueSpecification\",\"valueRequired\":true,\"valueName\":\"search_term_string\"}}],\"inLanguage\":\"en-US\"},{\"@type\":\"Organization\",\"@id\":\"https:\\\/\\\/fernox.com\\\/es\\\/#organization\",\"name\":\"Fernox Spain\",\"url\":\"https:\\\/\\\/fernox.com\\\/es\\\/\",\"logo\":{\"@type\":\"ImageObject\",\"inLanguage\":\"en-US\",\"@id\":\"https:\\\/\\\/fernox.com\\\/es\\\/#\\\/schema\\\/logo\\\/image\\\/\",\"url\":\"https:\\\/\\\/fernox.com\\\/es\\\/wp-content\\\/uploads\\\/sites\\\/42\\\/2020\\\/11\\\/cropped-fernox-Logo-transparent.png\",\"contentUrl\":\"https:\\\/\\\/fernox.com\\\/es\\\/wp-content\\\/uploads\\\/sites\\\/42\\\/2020\\\/11\\\/cropped-fernox-Logo-transparent.png\",\"width\":664,\"height\":150,\"caption\":\"Fernox Spain\"},\"image\":{\"@id\":\"https:\\\/\\\/fernox.com\\\/es\\\/#\\\/schema\\\/logo\\\/image\\\/\"}}]}<\/script>\n<!-- \/ Yoast SEO plugin. -->","yoast_head_json":{"title":"Boiler Noise Silencer F2 Express 400ml - Fernox Spain","robots":{"index":"index","follow":"follow","max-snippet":"max-snippet:-1","max-image-preview":"max-image-preview:large","max-video-preview":"max-video-preview:-1"},"canonical":"https:\/\/fernox.com\/es\/product\/boiler-noise-silencer-f2-express-400ml\/","og_locale":"en_US","og_type":"article","og_title":"Boiler Noise Silencer F2 Express 400ml - Fernox Spain","og_description":"Boiler Noise Silencer F2 est\u00e1 dise\u00f1ado para reducir el ruido de la caldera y calentadores de agua y restaurar la capacidad de traNSF CIASerencia de calor. El ruido en la caldera es s\u00edntoma de un sistema con incrustaciones de cal form\u00e1ndose en el interior de las tuber\u00edas. Este producto es ideal para usar con todos [&hellip;]","og_url":"https:\/\/fernox.com\/es\/product\/boiler-noise-silencer-f2-express-400ml\/","og_site_name":"Fernox Spain","article_modified_time":"2026-04-06T05:01:49+00:00","og_image":[{"width":600,"height":600,"url":"https:\/\/fernox.com\/es\/wp-content\/uploads\/sites\/42\/2025\/12\/62421-1LRS.jpg","type":"image\/jpeg"}],"twitter_card":"summary_large_image","twitter_misc":{"Est. reading time":"1 minute"},"schema":{"@context":"https:\/\/schema.org","@graph":[{"@type":"WebPage","@id":"https:\/\/fernox.com\/es\/product\/boiler-noise-silencer-f2-express-400ml\/","url":"https:\/\/fernox.com\/es\/product\/boiler-noise-silencer-f2-express-400ml\/","name":"Boiler Noise Silencer F2 Express 400ml - Fernox Spain","isPartOf":{"@id":"https:\/\/fernox.com\/es\/#website"},"primaryImageOfPage":{"@id":"https:\/\/fernox.com\/es\/product\/boiler-noise-silencer-f2-express-400ml\/#primaryimage"},"image":{"@id":"https:\/\/fernox.com\/es\/product\/boiler-noise-silencer-f2-express-400ml\/#primaryimage"},"thumbnailUrl":"https:\/\/fernox.com\/es\/wp-content\/uploads\/sites\/42\/2025\/12\/62421-1LRS.jpg","datePublished":"2026-04-06T05:01:48+00:00","dateModified":"2026-04-06T05:01:49+00:00","breadcrumb":{"@id":"https:\/\/fernox.com\/es\/product\/boiler-noise-silencer-f2-express-400ml\/#breadcrumb"},"inLanguage":"en-US","potentialAction":[{"@type":"ReadAction","target":["https:\/\/fernox.com\/es\/product\/boiler-noise-silencer-f2-express-400ml\/"]}]},{"@type":"ImageObject","inLanguage":"en-US","@id":"https:\/\/fernox.com\/es\/product\/boiler-noise-silencer-f2-express-400ml\/#primaryimage","url":"https:\/\/fernox.com\/es\/wp-content\/uploads\/sites\/42\/2025\/12\/62421-1LRS.jpg","contentUrl":"https:\/\/fernox.com\/es\/wp-content\/uploads\/sites\/42\/2025\/12\/62421-1LRS.jpg","width":600,"height":600},{"@type":"BreadcrumbList","@id":"https:\/\/fernox.com\/es\/product\/boiler-noise-silencer-f2-express-400ml\/#breadcrumb","itemListElement":[{"@type":"ListItem","position":1,"name":"Home","item":"https:\/\/fernox.com\/es\/"},{"@type":"ListItem","position":2,"name":"Products","item":"https:\/\/fernox.com\/es\/shop\/"},{"@type":"ListItem","position":3,"name":"Boiler Noise Silencer F2 Express 400ml"}]},{"@type":"WebSite","@id":"https:\/\/fernox.com\/es\/#website","url":"https:\/\/fernox.com\/es\/","name":"Fernox Spain","description":"","publisher":{"@id":"https:\/\/fernox.com\/es\/#organization"},"potentialAction":[{"@type":"SearchAction","target":{"@type":"EntryPoint","urlTemplate":"https:\/\/fernox.com\/es\/?s={search_term_string}"},"query-input":{"@type":"PropertyValueSpecification","valueRequired":true,"valueName":"search_term_string"}}],"inLanguage":"en-US"},{"@type":"Organization","@id":"https:\/\/fernox.com\/es\/#organization","name":"Fernox Spain","url":"https:\/\/fernox.com\/es\/","logo":{"@type":"ImageObject","inLanguage":"en-US","@id":"https:\/\/fernox.com\/es\/#\/schema\/logo\/image\/","url":"https:\/\/fernox.com\/es\/wp-content\/uploads\/sites\/42\/2020\/11\/cropped-fernox-Logo-transparent.png","contentUrl":"https:\/\/fernox.com\/es\/wp-content\/uploads\/sites\/42\/2020\/11\/cropped-fernox-Logo-transparent.png","width":664,"height":150,"caption":"Fernox Spain"},"image":{"@id":"https:\/\/fernox.com\/es\/#\/schema\/logo\/image\/"}}]}},"_links":{"self":[{"href":"https:\/\/fernox.com\/es\/wp-json\/wp\/v2\/product\/46280","targetHints":{"allow":["GET"]}}],"collection":[{"href":"https:\/\/fernox.com\/es\/wp-json\/wp\/v2\/product"}],"about":[{"href":"https:\/\/fernox.com\/es\/wp-json\/wp\/v2\/types\/product"}],"wp:featuredmedia":[{"embeddable":true,"href":"https:\/\/fernox.com\/es\/wp-json\/wp\/v2\/media\/46601"}],"wp:attachment":[{"href":"https:\/\/fernox.com\/es\/wp-json\/wp\/v2\/media?parent=46280"}],"wp:term":[{"taxonomy":"product_brand","embeddable":true,"href":"https:\/\/fernox.com\/es\/wp-json\/wp\/v2\/product_brand?post=46280"},{"taxonomy":"product_cat","embeddable":true,"href":"https:\/\/fernox.com\/es\/wp-json\/wp\/v2\/product_cat?post=46280"},{"taxonomy":"product_tag","embeddable":true,"href":"https:\/\/fernox.com\/es\/wp-json\/wp\/v2\/product_tag?post=46280"}],"curies":[{"name":"wp","href":"https:\/\/api.w.org\/{rel}","templated":true}]}}