{"id":46278,"date":"2026-04-13T07:01:34","date_gmt":"2026-04-13T05:01:34","guid":{"rendered":"https:\/\/fernox.com\/es\/product\/cleaner-f3-express-400ml\/"},"modified":"2026-04-13T07:01:35","modified_gmt":"2026-04-13T05:01:35","slug":"cleaner-f3-express-400ml","status":"publish","type":"product","link":"https:\/\/fernox.com\/es\/product\/cleaner-f3-express-400ml\/","title":{"rendered":"Cleaner F3 Express 400ml"},"content":{"rendered":"<p>Cleaner F3 es un limpiador efectivo, con pH neutro universal y sin espuma, que elimina lodo, cal y restos de los sistemas de calefacci\u00f3n central para restaurar la eficiencia energ\u00e9tica y eliminar ruidos. Al poner en marcha nuevos sistemas de acuerdo con las regulaciones locales y las mejores pr\u00e1cticas, Cleaner F3 es ideal para eliminar los residuos de fundente y otros desechos de la instalaci\u00f3n para ayudar a prolongar la vida \u00fatil de la caldera y la eficiencia del sistema. La gama Fernox Express utiliza tecnolog\u00eda Barrier Pressure Pack y propulsor de aire comprimido para expulsar el producto, por lo que toda la gama es no inflamable. El propulsor (aire comprimido) no est\u00e1 mezclado con el producto activo as\u00ed que no hay existe riesgo de entrada de aire en el sistema, lo que podr\u00eda acelerar un riesgo futuro de corrosi\u00f3n.<\/p>\n<ul>\n<li>R\u00e1pido y c\u00f3modo de usar- se administra en 30 segundos- no necesita drenar el sistema\n<\/li>\n<li>Limpiador universal neutro para la puesta en marcha de sistemas de calefacci\u00f3n nuevos y existentes\n<\/li>\n<li>El uso en conjunto con Protector F1 puede lograr un ahorro de gas de hasta el 15 % cada vez que caldee su habitaci\u00f3n.\n<\/li>\n<li>Una lata 100 % reciclable de 400 ml trata hasta 130 litros de agua del sistema (16 radiadores) y el equivalente a 250 m2 de sistemas por suelo radiante.\n<\/li>\n<li>Compatible con todos los metales y materiales, incluido el aluminio\n<\/li>\n<li>pH neutro, f\u00f3rmula no nociva y respetuosa con el medio ambiente- a\u00f1adir al radiador, toallero, bucle de llenado o TF1 System Filter<br \/>\n<\/li>\n<\/ul>\n","protected":false},"excerpt":{"rendered":"<p>Cleaner F3 es un limpiador efectivo, con pH neutro universal y sin espuma, que elimina lodo, cal y restos de los sistemas de calefacci\u00f3n central para restaurar la eficiencia energ\u00e9tica y eliminar ruidos. Al poner en marcha nuevos sistemas de acuerdo con las regulaciones locales y las mejores pr\u00e1cticas, Cleaner F3 es ideal para eliminar [&hellip;]<\/p>\n","protected":false},"featured_media":46600,"template":"","meta":{"_acf_changed":false},"product_brand":[],"product_cat":[178],"product_tag":[],"class_list":{"0":"post-46278","1":"product","2":"type-product","3":"status-publish","4":"has-post-thumbnail","6":"product_cat-cleaners","8":"first","9":"instock","10":"purchasable","11":"product-type-simple"},"acf":[],"_links":{"self":[{"href":"https:\/\/fernox.com\/es\/wp-json\/wp\/v2\/product\/46278","targetHints":{"allow":["GET"]}}],"collection":[{"href":"https:\/\/fernox.com\/es\/wp-json\/wp\/v2\/product"}],"about":[{"href":"https:\/\/fernox.com\/es\/wp-json\/wp\/v2\/types\/product"}],"wp:featuredmedia":[{"embeddable":true,"href":"https:\/\/fernox.com\/es\/wp-json\/wp\/v2\/media\/46600"}],"wp:attachment":[{"href":"https:\/\/fernox.com\/es\/wp-json\/wp\/v2\/media?parent=46278"}],"wp:term":[{"taxonomy":"product_brand","embeddable":true,"href":"https:\/\/fernox.com\/es\/wp-json\/wp\/v2\/product_brand?post=46278"},{"taxonomy":"product_cat","embeddable":true,"href":"https:\/\/fernox.com\/es\/wp-json\/wp\/v2\/product_cat?post=46278"},{"taxonomy":"product_tag","embeddable":true,"href":"https:\/\/fernox.com\/es\/wp-json\/wp\/v2\/product_tag?post=46278"}],"curies":[{"name":"wp","href":"https:\/\/api.w.org\/{rel}","templated":true}]}}