{"id":46277,"date":"2026-04-06T07:01:48","date_gmt":"2026-04-06T05:01:48","guid":{"rendered":"https:\/\/fernox.com\/es\/product\/limescale-remover-ds-3-2kg\/"},"modified":"2026-04-06T07:01:50","modified_gmt":"2026-04-06T05:01:50","slug":"limescale-remover-ds-3-2kg","status":"publish","type":"product","link":"https:\/\/fernox.com\/es\/product\/limescale-remover-ds-3-2kg\/","title":{"rendered":"Limescale Remover DS-3 2kg"},"content":{"rendered":"<p>Con \u00e1cido sulf\u00e1mico, Limescale Preventer DS-3 es un producto potente pero respetuoso con el medio ambiente, ideal para eliminar los dep\u00f3sitos de cal de los electrodom\u00e9sticos e intercambiadores de calor de calderas. Dise\u00f1ado teniendo al consumidor en mente, el producto es seguro y f\u00e1cil de usar: despu\u00e9s de cada aplicaci\u00f3n el producto cambia de color para indicar cuando el DS-3 se ha agotado y est\u00e1 listo para echarlo por el desague  Fernox DS-3 se usa para eliminar cal de cual tipo de calentador de agua y restaurar su eficacia. Es seguro para usarlo con acero, acero inoxidable, hierro fundido, cobre, lat\u00f3n, PVC, polietileno de caucho ABS y la mayor\u00eda de las tuber\u00edas de pl\u00e1stico  Limitaciones: no se debe usar con aluminio, zinc, acero galvanizado, acr\u00edlico (por ejemplo, teteras y ba\u00f1os de pl\u00e1stico) de calibre delgado o muy corro\u00eddo, superficies cromadas o esmaltadas (por ejemplo, ba\u00f1os), hormig\u00f3n y amianto. Ante cualquier duda. compruebe con el fabricante<\/p>\n<ul>\n<li>Repara eficientemente todo tipo de calentadores de agua\n<\/li>\n<li>Poderoso limpiador de cal \u00e1cida, disuelve hasta el 50 % de su propio peso de cal\n<\/li>\n<li>F\u00f3rmula inhibidora de corrosi\u00f3n\n<\/li>\n<li>Cambia de color cuando est\u00e1 agotado\n<\/li>\n<li>Seguro de aplicar y f\u00e1cil de usar\n<\/li>\n<li>Aprobado por Belgaqua. Disponible en producto de 2 kg.<br \/>\n<\/li>\n<\/ul>\n","protected":false},"excerpt":{"rendered":"<p>Con \u00e1cido sulf\u00e1mico, Limescale Preventer DS-3 es un producto potente pero respetuoso con el medio ambiente, ideal para eliminar los dep\u00f3sitos de cal de los electrodom\u00e9sticos e intercambiadores de calor de calderas. Dise\u00f1ado teniendo al consumidor en mente, el producto es seguro y f\u00e1cil de usar: despu\u00e9s de cada aplicaci\u00f3n el producto cambia de color [&hellip;]<\/p>\n","protected":false},"featured_media":46599,"template":"","meta":{"_acf_changed":false},"product_brand":[],"product_cat":[201],"product_tag":[],"class_list":{"0":"post-46277","1":"product","2":"type-product","3":"status-publish","4":"has-post-thumbnail","6":"product_cat-limescale-remedies","8":"first","9":"instock","10":"purchasable","11":"product-type-simple"},"acf":[],"yoast_head":"<!-- This site is optimized with the Yoast SEO plugin v27.3 - https:\/\/yoast.com\/product\/yoast-seo-wordpress\/ -->\n<title>Limescale Remover DS-3 2kg - Fernox Spain<\/title>\n<meta name=\"robots\" content=\"index, follow, max-snippet:-1, max-image-preview:large, max-video-preview:-1\" \/>\n<link rel=\"canonical\" href=\"https:\/\/fernox.com\/es\/product\/limescale-remover-ds-3-2kg\/\" \/>\n<meta property=\"og:locale\" content=\"en_US\" \/>\n<meta property=\"og:type\" content=\"article\" \/>\n<meta property=\"og:title\" content=\"Limescale Remover DS-3 2kg - Fernox Spain\" \/>\n<meta property=\"og:description\" content=\"Con \u00e1cido sulf\u00e1mico, Limescale Preventer DS-3 es un producto potente pero respetuoso con el medio ambiente, ideal para eliminar los dep\u00f3sitos de cal de los electrodom\u00e9sticos e intercambiadores de calor de calderas. Dise\u00f1ado teniendo al consumidor en mente, el producto es seguro y f\u00e1cil de usar: despu\u00e9s de cada aplicaci\u00f3n el producto cambia de color [&hellip;]\" \/>\n<meta property=\"og:url\" content=\"https:\/\/fernox.com\/es\/product\/limescale-remover-ds-3-2kg\/\" \/>\n<meta property=\"og:site_name\" content=\"Fernox Spain\" \/>\n<meta property=\"article:modified_time\" content=\"2026-04-06T05:01:50+00:00\" \/>\n<meta property=\"og:image\" content=\"https:\/\/fernox.com\/es\/wp-content\/uploads\/sites\/42\/2025\/12\/61027-1LRS.jpg\" \/>\n\t<meta property=\"og:image:width\" content=\"600\" \/>\n\t<meta property=\"og:image:height\" content=\"600\" \/>\n\t<meta property=\"og:image:type\" content=\"image\/jpeg\" \/>\n<meta name=\"twitter:card\" content=\"summary_large_image\" \/>\n<meta name=\"twitter:label1\" content=\"Est. reading time\" \/>\n\t<meta name=\"twitter:data1\" content=\"1 minute\" \/>\n<script type=\"application\/ld+json\" class=\"yoast-schema-graph\">{\"@context\":\"https:\\\/\\\/schema.org\",\"@graph\":[{\"@type\":\"WebPage\",\"@id\":\"https:\\\/\\\/fernox.com\\\/es\\\/product\\\/limescale-remover-ds-3-2kg\\\/\",\"url\":\"https:\\\/\\\/fernox.com\\\/es\\\/product\\\/limescale-remover-ds-3-2kg\\\/\",\"name\":\"Limescale Remover DS-3 2kg - Fernox Spain\",\"isPartOf\":{\"@id\":\"https:\\\/\\\/fernox.com\\\/es\\\/#website\"},\"primaryImageOfPage\":{\"@id\":\"https:\\\/\\\/fernox.com\\\/es\\\/product\\\/limescale-remover-ds-3-2kg\\\/#primaryimage\"},\"image\":{\"@id\":\"https:\\\/\\\/fernox.com\\\/es\\\/product\\\/limescale-remover-ds-3-2kg\\\/#primaryimage\"},\"thumbnailUrl\":\"https:\\\/\\\/fernox.com\\\/es\\\/wp-content\\\/uploads\\\/sites\\\/42\\\/2025\\\/12\\\/61027-1LRS.jpg\",\"datePublished\":\"2026-04-06T05:01:48+00:00\",\"dateModified\":\"2026-04-06T05:01:50+00:00\",\"breadcrumb\":{\"@id\":\"https:\\\/\\\/fernox.com\\\/es\\\/product\\\/limescale-remover-ds-3-2kg\\\/#breadcrumb\"},\"inLanguage\":\"en-US\",\"potentialAction\":[{\"@type\":\"ReadAction\",\"target\":[\"https:\\\/\\\/fernox.com\\\/es\\\/product\\\/limescale-remover-ds-3-2kg\\\/\"]}]},{\"@type\":\"ImageObject\",\"inLanguage\":\"en-US\",\"@id\":\"https:\\\/\\\/fernox.com\\\/es\\\/product\\\/limescale-remover-ds-3-2kg\\\/#primaryimage\",\"url\":\"https:\\\/\\\/fernox.com\\\/es\\\/wp-content\\\/uploads\\\/sites\\\/42\\\/2025\\\/12\\\/61027-1LRS.jpg\",\"contentUrl\":\"https:\\\/\\\/fernox.com\\\/es\\\/wp-content\\\/uploads\\\/sites\\\/42\\\/2025\\\/12\\\/61027-1LRS.jpg\",\"width\":600,\"height\":600},{\"@type\":\"BreadcrumbList\",\"@id\":\"https:\\\/\\\/fernox.com\\\/es\\\/product\\\/limescale-remover-ds-3-2kg\\\/#breadcrumb\",\"itemListElement\":[{\"@type\":\"ListItem\",\"position\":1,\"name\":\"Home\",\"item\":\"https:\\\/\\\/fernox.com\\\/es\\\/\"},{\"@type\":\"ListItem\",\"position\":2,\"name\":\"Products\",\"item\":\"https:\\\/\\\/fernox.com\\\/es\\\/shop\\\/\"},{\"@type\":\"ListItem\",\"position\":3,\"name\":\"Limescale Remover DS-3 2kg\"}]},{\"@type\":\"WebSite\",\"@id\":\"https:\\\/\\\/fernox.com\\\/es\\\/#website\",\"url\":\"https:\\\/\\\/fernox.com\\\/es\\\/\",\"name\":\"Fernox Spain\",\"description\":\"\",\"publisher\":{\"@id\":\"https:\\\/\\\/fernox.com\\\/es\\\/#organization\"},\"potentialAction\":[{\"@type\":\"SearchAction\",\"target\":{\"@type\":\"EntryPoint\",\"urlTemplate\":\"https:\\\/\\\/fernox.com\\\/es\\\/?s={search_term_string}\"},\"query-input\":{\"@type\":\"PropertyValueSpecification\",\"valueRequired\":true,\"valueName\":\"search_term_string\"}}],\"inLanguage\":\"en-US\"},{\"@type\":\"Organization\",\"@id\":\"https:\\\/\\\/fernox.com\\\/es\\\/#organization\",\"name\":\"Fernox Spain\",\"url\":\"https:\\\/\\\/fernox.com\\\/es\\\/\",\"logo\":{\"@type\":\"ImageObject\",\"inLanguage\":\"en-US\",\"@id\":\"https:\\\/\\\/fernox.com\\\/es\\\/#\\\/schema\\\/logo\\\/image\\\/\",\"url\":\"https:\\\/\\\/fernox.com\\\/es\\\/wp-content\\\/uploads\\\/sites\\\/42\\\/2020\\\/11\\\/cropped-fernox-Logo-transparent.png\",\"contentUrl\":\"https:\\\/\\\/fernox.com\\\/es\\\/wp-content\\\/uploads\\\/sites\\\/42\\\/2020\\\/11\\\/cropped-fernox-Logo-transparent.png\",\"width\":664,\"height\":150,\"caption\":\"Fernox Spain\"},\"image\":{\"@id\":\"https:\\\/\\\/fernox.com\\\/es\\\/#\\\/schema\\\/logo\\\/image\\\/\"}}]}<\/script>\n<!-- \/ Yoast SEO plugin. -->","yoast_head_json":{"title":"Limescale Remover DS-3 2kg - Fernox Spain","robots":{"index":"index","follow":"follow","max-snippet":"max-snippet:-1","max-image-preview":"max-image-preview:large","max-video-preview":"max-video-preview:-1"},"canonical":"https:\/\/fernox.com\/es\/product\/limescale-remover-ds-3-2kg\/","og_locale":"en_US","og_type":"article","og_title":"Limescale Remover DS-3 2kg - Fernox Spain","og_description":"Con \u00e1cido sulf\u00e1mico, Limescale Preventer DS-3 es un producto potente pero respetuoso con el medio ambiente, ideal para eliminar los dep\u00f3sitos de cal de los electrodom\u00e9sticos e intercambiadores de calor de calderas. Dise\u00f1ado teniendo al consumidor en mente, el producto es seguro y f\u00e1cil de usar: despu\u00e9s de cada aplicaci\u00f3n el producto cambia de color [&hellip;]","og_url":"https:\/\/fernox.com\/es\/product\/limescale-remover-ds-3-2kg\/","og_site_name":"Fernox Spain","article_modified_time":"2026-04-06T05:01:50+00:00","og_image":[{"width":600,"height":600,"url":"https:\/\/fernox.com\/es\/wp-content\/uploads\/sites\/42\/2025\/12\/61027-1LRS.jpg","type":"image\/jpeg"}],"twitter_card":"summary_large_image","twitter_misc":{"Est. reading time":"1 minute"},"schema":{"@context":"https:\/\/schema.org","@graph":[{"@type":"WebPage","@id":"https:\/\/fernox.com\/es\/product\/limescale-remover-ds-3-2kg\/","url":"https:\/\/fernox.com\/es\/product\/limescale-remover-ds-3-2kg\/","name":"Limescale Remover DS-3 2kg - Fernox Spain","isPartOf":{"@id":"https:\/\/fernox.com\/es\/#website"},"primaryImageOfPage":{"@id":"https:\/\/fernox.com\/es\/product\/limescale-remover-ds-3-2kg\/#primaryimage"},"image":{"@id":"https:\/\/fernox.com\/es\/product\/limescale-remover-ds-3-2kg\/#primaryimage"},"thumbnailUrl":"https:\/\/fernox.com\/es\/wp-content\/uploads\/sites\/42\/2025\/12\/61027-1LRS.jpg","datePublished":"2026-04-06T05:01:48+00:00","dateModified":"2026-04-06T05:01:50+00:00","breadcrumb":{"@id":"https:\/\/fernox.com\/es\/product\/limescale-remover-ds-3-2kg\/#breadcrumb"},"inLanguage":"en-US","potentialAction":[{"@type":"ReadAction","target":["https:\/\/fernox.com\/es\/product\/limescale-remover-ds-3-2kg\/"]}]},{"@type":"ImageObject","inLanguage":"en-US","@id":"https:\/\/fernox.com\/es\/product\/limescale-remover-ds-3-2kg\/#primaryimage","url":"https:\/\/fernox.com\/es\/wp-content\/uploads\/sites\/42\/2025\/12\/61027-1LRS.jpg","contentUrl":"https:\/\/fernox.com\/es\/wp-content\/uploads\/sites\/42\/2025\/12\/61027-1LRS.jpg","width":600,"height":600},{"@type":"BreadcrumbList","@id":"https:\/\/fernox.com\/es\/product\/limescale-remover-ds-3-2kg\/#breadcrumb","itemListElement":[{"@type":"ListItem","position":1,"name":"Home","item":"https:\/\/fernox.com\/es\/"},{"@type":"ListItem","position":2,"name":"Products","item":"https:\/\/fernox.com\/es\/shop\/"},{"@type":"ListItem","position":3,"name":"Limescale Remover DS-3 2kg"}]},{"@type":"WebSite","@id":"https:\/\/fernox.com\/es\/#website","url":"https:\/\/fernox.com\/es\/","name":"Fernox Spain","description":"","publisher":{"@id":"https:\/\/fernox.com\/es\/#organization"},"potentialAction":[{"@type":"SearchAction","target":{"@type":"EntryPoint","urlTemplate":"https:\/\/fernox.com\/es\/?s={search_term_string}"},"query-input":{"@type":"PropertyValueSpecification","valueRequired":true,"valueName":"search_term_string"}}],"inLanguage":"en-US"},{"@type":"Organization","@id":"https:\/\/fernox.com\/es\/#organization","name":"Fernox Spain","url":"https:\/\/fernox.com\/es\/","logo":{"@type":"ImageObject","inLanguage":"en-US","@id":"https:\/\/fernox.com\/es\/#\/schema\/logo\/image\/","url":"https:\/\/fernox.com\/es\/wp-content\/uploads\/sites\/42\/2020\/11\/cropped-fernox-Logo-transparent.png","contentUrl":"https:\/\/fernox.com\/es\/wp-content\/uploads\/sites\/42\/2020\/11\/cropped-fernox-Logo-transparent.png","width":664,"height":150,"caption":"Fernox Spain"},"image":{"@id":"https:\/\/fernox.com\/es\/#\/schema\/logo\/image\/"}}]}},"_links":{"self":[{"href":"https:\/\/fernox.com\/es\/wp-json\/wp\/v2\/product\/46277","targetHints":{"allow":["GET"]}}],"collection":[{"href":"https:\/\/fernox.com\/es\/wp-json\/wp\/v2\/product"}],"about":[{"href":"https:\/\/fernox.com\/es\/wp-json\/wp\/v2\/types\/product"}],"wp:featuredmedia":[{"embeddable":true,"href":"https:\/\/fernox.com\/es\/wp-json\/wp\/v2\/media\/46599"}],"wp:attachment":[{"href":"https:\/\/fernox.com\/es\/wp-json\/wp\/v2\/media?parent=46277"}],"wp:term":[{"taxonomy":"product_brand","embeddable":true,"href":"https:\/\/fernox.com\/es\/wp-json\/wp\/v2\/product_brand?post=46277"},{"taxonomy":"product_cat","embeddable":true,"href":"https:\/\/fernox.com\/es\/wp-json\/wp\/v2\/product_cat?post=46277"},{"taxonomy":"product_tag","embeddable":true,"href":"https:\/\/fernox.com\/es\/wp-json\/wp\/v2\/product_tag?post=46277"}],"curies":[{"name":"wp","href":"https:\/\/api.w.org\/{rel}","templated":true}]}}