{"id":46276,"date":"2026-04-13T07:01:34","date_gmt":"2026-04-13T05:01:34","guid":{"rendered":"https:\/\/fernox.com\/es\/product\/protector-f1-express-400ml\/"},"modified":"2026-04-13T07:01:36","modified_gmt":"2026-04-13T05:01:36","slug":"protector-f1-express-400ml","status":"publish","type":"product","link":"https:\/\/fernox.com\/es\/product\/protector-f1-express-400ml\/","title":{"rendered":"Protector F1 Express 400ml"},"content":{"rendered":"<p>Protector F1 es el inhibidor l\u00edder del mercado que previene la corrosi\u00f3n y la formaci\u00f3n de cal en los sistemas de calefacci\u00f3n central. Este producto de alto rendimiento ofrece una protecci\u00f3n superior mediante la combinaci\u00f3n \u00fanica de tres inhibidores de part\u00edculas org\u00e1nicas, que se unen al metal dentro del sistema de calefacci\u00f3n para protegerlo de los desechos junto con inhibidores an\u00f3dicos que reaccionan con la superficie met\u00e1lica del sistema para crear una capa protectora e inhibidores cat\u00f3dicos que se combinan con sales de agua dura para formar una capa insoluble. Fernox Protector F1 tambi\u00e9n incluye un b\u00fafer de pH mejorado para garantizar que el nivel de pH del agua del sistema no baje por debajo de 6.5 o suba por encima de 8.5, el rango de pH \u00f3ptimo para prevenir la corrosi\u00f3n y la acumulaci\u00f3n de cal. En l\u00ednea con las regulaciones locales y las mejores pr\u00e1cticas, y para una protecci\u00f3n duradera del sistema, los niveles de concentraci\u00f3n tienen que ser mantenidos y comprobados anualmente como parte del servicio del sistema. Protector F1 es compatible con los otros productos Fernox y se puede usar con todos los materiales y metales usados en los sistemas de calefacci\u00f3n central, incluido aluminio La gama Fernox Express utiliza tecnolog\u00eda Barrier Pressure Pack y propulsor de aire comprimido para expulsar el producto, por lo que toda la gama es no inflamable. El propulsor (aire comprimido) no est\u00e1 mezclado con el producto activo as\u00ed que no hay existe riesgo de entrada de aire en el sistema, lo que podr\u00eda acelerar un riesgo futuro de corrosi\u00f3n.<\/p>\n<ul>\n<li>Protege contra la corrosi\u00f3n y la cal en sistemas de calefacci\u00f3n central de metales mixtos para evitar aver\u00edas y fallos prematuros de caldera\n<\/li>\n<li>R\u00e1pido y c\u00f3modo: dosificaci\u00f3n en 30 segundos a trav\u00e9s del radiador, circuito de llenado o Fernox TF1 System Filter, sin necesidad de drenar el sistema\n<\/li>\n<li>El uso en conjunto con Cleaner F3, puede lograr un ahorro de gas de hasta el 15 % cada vez que caldee su habitaci\u00f3n.\n<\/li>\n<li>Admite los requisitos de garant\u00eda del fabricante de la caldera\n<\/li>\n<li>Trata hasta 130 litros de agua del sistema (16 radiadores) y el equivalente a 250 m2 de sistemas por suelo radiante.\n<\/li>\n<li>Alto rendimiento, no t\u00f3xico, respetuoso con el medio ambiente &#8211; formulaci\u00f3n aprobada por NSF CIAS, KIWA y Belgaqua<br \/>\n<\/li>\n<\/ul>\n","protected":false},"excerpt":{"rendered":"<p>Protector F1 es el inhibidor l\u00edder del mercado que previene la corrosi\u00f3n y la formaci\u00f3n de cal en los sistemas de calefacci\u00f3n central. Este producto de alto rendimiento ofrece una protecci\u00f3n superior mediante la combinaci\u00f3n \u00fanica de tres inhibidores de part\u00edculas org\u00e1nicas, que se unen al metal dentro del sistema de calefacci\u00f3n para protegerlo de [&hellip;]<\/p>\n","protected":false},"featured_media":46597,"template":"","meta":{"_acf_changed":false},"product_brand":[],"product_cat":[175],"product_tag":[],"class_list":{"0":"post-46276","1":"product","2":"type-product","3":"status-publish","4":"has-post-thumbnail","6":"product_cat-inhibitors-protectors","8":"first","9":"instock","10":"purchasable","11":"product-type-simple"},"acf":[],"_links":{"self":[{"href":"https:\/\/fernox.com\/es\/wp-json\/wp\/v2\/product\/46276","targetHints":{"allow":["GET"]}}],"collection":[{"href":"https:\/\/fernox.com\/es\/wp-json\/wp\/v2\/product"}],"about":[{"href":"https:\/\/fernox.com\/es\/wp-json\/wp\/v2\/types\/product"}],"wp:featuredmedia":[{"embeddable":true,"href":"https:\/\/fernox.com\/es\/wp-json\/wp\/v2\/media\/46597"}],"wp:attachment":[{"href":"https:\/\/fernox.com\/es\/wp-json\/wp\/v2\/media?parent=46276"}],"wp:term":[{"taxonomy":"product_brand","embeddable":true,"href":"https:\/\/fernox.com\/es\/wp-json\/wp\/v2\/product_brand?post=46276"},{"taxonomy":"product_cat","embeddable":true,"href":"https:\/\/fernox.com\/es\/wp-json\/wp\/v2\/product_cat?post=46276"},{"taxonomy":"product_tag","embeddable":true,"href":"https:\/\/fernox.com\/es\/wp-json\/wp\/v2\/product_tag?post=46276"}],"curies":[{"name":"wp","href":"https:\/\/api.w.org\/{rel}","templated":true}]}}