{"id":46271,"date":"2026-04-13T07:01:34","date_gmt":"2026-04-13T05:01:34","guid":{"rendered":"https:\/\/fernox.com\/es\/product\/antifreeze-protector-alphi-11-5-litre\/"},"modified":"2026-04-13T07:01:37","modified_gmt":"2026-04-13T05:01:37","slug":"antifreeze-protector-alphi-11-5-litre","status":"publish","type":"product","link":"https:\/\/fernox.com\/es\/product\/antifreeze-protector-alphi-11-5-litre\/","title":{"rendered":"Antifreeze Protector Alphi-11 5 Litre"},"content":{"rendered":"<p>Antifreeze Protector Alphi-11 es un producto que combina anticongelante e inhibidor, y proporciona protecci\u00f3n contra la corrosi\u00f3n interna y escamas de cal en los sistemas centrales de calefacci\u00f3n dom\u00e9stica. Antifreeze Protector Alphi-11 se puede usar con todos los metales y materiales com\u00fanmente usados en los sistemas de calefacci\u00f3n Para una protecci\u00f3n a largo plazo los niveles de concentraci\u00f3n deben ser mantenidos y comprobados anualmente como parte del servicio del sistema. Disponible en producto de 5 litros, el protector anticongelante Alphi-11 es compatible con los otros productos Fernox.<\/p>\n<ul>\n<li>Protege contra la corrosi\u00f3n y la formaci\u00f3n de cal en sistemas de calefacci\u00f3n centra para mantener la eficiencia energ\u00e9tica\n<\/li>\n<li>Combina anticongelante e inhibidor de corrosi\u00f3n para extender la vida \u00fatil del sistema\n<\/li>\n<li>Evita el congelamiento de las tuber\u00edas\n<\/li>\n<li>Compatible con todos los metales y materiales com\u00fanmente usados en los sistemas de calefacci\u00f3n; incluido el aluminio\n<\/li>\n<li>No t\u00f3xico, f\u00f3rmula respetuosa con el medio ambiente y aprobado por NSF CIAS, KIWA y Belgaqua\n<\/li>\n<li>Adecuado para sistemas de agua caliente y agua fr\u00eda<br \/>\n<\/li>\n<\/ul>\n","protected":false},"excerpt":{"rendered":"<p>Antifreeze Protector Alphi-11 es un producto que combina anticongelante e inhibidor, y proporciona protecci\u00f3n contra la corrosi\u00f3n interna y escamas de cal en los sistemas centrales de calefacci\u00f3n dom\u00e9stica. Antifreeze Protector Alphi-11 se puede usar con todos los metales y materiales com\u00fanmente usados en los sistemas de calefacci\u00f3n Para una protecci\u00f3n a largo plazo los [&hellip;]<\/p>\n","protected":false},"featured_media":46596,"template":"","meta":{"_acf_changed":false},"product_brand":[],"product_cat":[175],"product_tag":[],"class_list":{"0":"post-46271","1":"product","2":"type-product","3":"status-publish","4":"has-post-thumbnail","6":"product_cat-inhibitors-protectors","8":"first","9":"instock","10":"purchasable","11":"product-type-simple"},"acf":[],"_links":{"self":[{"href":"https:\/\/fernox.com\/es\/wp-json\/wp\/v2\/product\/46271","targetHints":{"allow":["GET"]}}],"collection":[{"href":"https:\/\/fernox.com\/es\/wp-json\/wp\/v2\/product"}],"about":[{"href":"https:\/\/fernox.com\/es\/wp-json\/wp\/v2\/types\/product"}],"wp:featuredmedia":[{"embeddable":true,"href":"https:\/\/fernox.com\/es\/wp-json\/wp\/v2\/media\/46596"}],"wp:attachment":[{"href":"https:\/\/fernox.com\/es\/wp-json\/wp\/v2\/media?parent=46271"}],"wp:term":[{"taxonomy":"product_brand","embeddable":true,"href":"https:\/\/fernox.com\/es\/wp-json\/wp\/v2\/product_brand?post=46271"},{"taxonomy":"product_cat","embeddable":true,"href":"https:\/\/fernox.com\/es\/wp-json\/wp\/v2\/product_cat?post=46271"},{"taxonomy":"product_tag","embeddable":true,"href":"https:\/\/fernox.com\/es\/wp-json\/wp\/v2\/product_tag?post=46271"}],"curies":[{"name":"wp","href":"https:\/\/api.w.org\/{rel}","templated":true}]}}