{"id":46269,"date":"2026-04-13T07:01:39","date_gmt":"2026-04-13T05:01:39","guid":{"rendered":"https:\/\/fernox.com\/es\/product\/powerflushing-filter\/"},"modified":"2026-04-13T07:01:39","modified_gmt":"2026-04-13T05:01:39","slug":"powerflushing-filter","status":"publish","type":"product","link":"https:\/\/fernox.com\/es\/product\/powerflushing-filter\/","title":{"rendered":"Powerflushing Filter"},"content":{"rendered":"<p>The Powerflushing Filter proporciona una manera r\u00e1pida y sencilla de eliminar los contaminantes del sistema de agua durante la limpieza. Simple de conectar, el filtro aumenta significativamente la eficiencia del lavado a presi\u00f3n y con ello reduce el tiempo de permanencia en el sitio    El filtro controla el flujo de agua para prolongar el tiempo de contacto dentro del cilindro, lo que permite que el potente im\u00e1n extraiga la m\u00e1xima cantidad de \u00f3xido de hierro negro del agua.  Desarrollado para asegurar que incluso a m\u00e1xima capacidad, el agua circule sin restricciones Los beneficios adicionales tambi\u00e9n incluyen una derivaci\u00f3n incorporada que permite limpiar el im\u00e1n sin la necesidad de detener el proceso de lavado a presi\u00f3n, ni siquiera temporalmente. Mientras se limpia el im\u00e1n, el filtro proporciona una impresionante ayuda visual para mostrar al usuario el nivel de contaminantes eliminado y as\u00ed confirmar la necesidad de limpieza a presi\u00f3n para proteger la vida \u00fatil del sistema. y.<\/p>\n<ul>\n<li>Elimina y atrapa magnetita, \u00f3xido y materiales magn\u00e9ticos del sistema\n<\/li>\n<li>Protege la caldera durante la limpieza a presi\u00f3n\n<\/li>\n<li>La derivaci\u00f3n permite inspeccionar el im\u00e1n sin necesidad de interrumpir el proceso de limpieza.\n<\/li>\n<li>La temperatura alcanza hasta los 85\u00b0C\n<\/li>\n<li>Compatible con todos los limpiadores y protectores Fernox.\n<\/li>\n<li>Simple de limpiar y f\u00e1cil de operar<br \/>\n<\/li>\n<\/ul>\n","protected":false},"excerpt":{"rendered":"<p>The Powerflushing Filter proporciona una manera r\u00e1pida y sencilla de eliminar los contaminantes del sistema de agua durante la limpieza. Simple de conectar, el filtro aumenta significativamente la eficiencia del lavado a presi\u00f3n y con ello reduce el tiempo de permanencia en el sitio El filtro controla el flujo de agua para prolongar el tiempo [&hellip;]<\/p>\n","protected":false},"featured_media":46807,"template":"","meta":{"_acf_changed":false},"product_brand":[],"product_cat":[179],"product_tag":[],"class_list":{"0":"post-46269","1":"product","2":"type-product","3":"status-publish","4":"has-post-thumbnail","6":"product_cat-equipment","8":"first","9":"instock","10":"purchasable","11":"product-type-simple"},"acf":[],"_links":{"self":[{"href":"https:\/\/fernox.com\/es\/wp-json\/wp\/v2\/product\/46269","targetHints":{"allow":["GET"]}}],"collection":[{"href":"https:\/\/fernox.com\/es\/wp-json\/wp\/v2\/product"}],"about":[{"href":"https:\/\/fernox.com\/es\/wp-json\/wp\/v2\/types\/product"}],"wp:featuredmedia":[{"embeddable":true,"href":"https:\/\/fernox.com\/es\/wp-json\/wp\/v2\/media\/46807"}],"wp:attachment":[{"href":"https:\/\/fernox.com\/es\/wp-json\/wp\/v2\/media?parent=46269"}],"wp:term":[{"taxonomy":"product_brand","embeddable":true,"href":"https:\/\/fernox.com\/es\/wp-json\/wp\/v2\/product_brand?post=46269"},{"taxonomy":"product_cat","embeddable":true,"href":"https:\/\/fernox.com\/es\/wp-json\/wp\/v2\/product_cat?post=46269"},{"taxonomy":"product_tag","embeddable":true,"href":"https:\/\/fernox.com\/es\/wp-json\/wp\/v2\/product_tag?post=46269"}],"curies":[{"name":"wp","href":"https:\/\/api.w.org\/{rel}","templated":true}]}}