{"id":46266,"date":"2026-04-13T07:01:39","date_gmt":"2026-04-13T05:01:39","guid":{"rendered":"https:\/\/fernox.com\/es\/product\/solar-s1-20-litre\/"},"modified":"2026-04-13T07:01:41","modified_gmt":"2026-04-13T05:01:41","slug":"solar-s1-20-litre","status":"publish","type":"product","link":"https:\/\/fernox.com\/es\/product\/solar-s1-20-litre\/","title":{"rendered":"Solar S1 20 Litre"},"content":{"rendered":"<p>Un fluido caloportador inhibido que est\u00e1 dise\u00f1ado para proteger todos los sistemas de calefacci\u00f3n solar t\u00e9rmica a temperaturas elevadas. Este producto es efectivo tanto en estado gaseoso como en estado l\u00edquido a temperaturas superiores a 180 \u00b0 C.<\/p>\n<ul>\n<li>Protecci\u00f3n anti congelamiento a -28 \u00b0C\n<\/li>\n<li>Inhibidor de corrosi\u00f3n vol\u00e1til para una protecci\u00f3n \u00f3ptima en fases gaseosa y l\u00edquida\n<\/li>\n<li>pH estable en todo el rango de temperaturas operativas\n<\/li>\n<li>Compatible con todos los modelos de panes solares\n<\/li>\n<li>Comparado con productos l\u00edderes del mercado\n<\/li>\n<li>Disponible en producto de 20 litros<br \/>\n<\/li>\n<\/ul>\n","protected":false},"excerpt":{"rendered":"<p>Un fluido caloportador inhibido que est\u00e1 dise\u00f1ado para proteger todos los sistemas de calefacci\u00f3n solar t\u00e9rmica a temperaturas elevadas. Este producto es efectivo tanto en estado gaseoso como en estado l\u00edquido a temperaturas superiores a 180 \u00b0 C. Protecci\u00f3n anti congelamiento a -28 \u00b0C Inhibidor de corrosi\u00f3n vol\u00e1til para una protecci\u00f3n \u00f3ptima en fases gaseosa [&hellip;]<\/p>\n","protected":false},"featured_media":46809,"template":"","meta":{"_acf_changed":false},"product_brand":[],"product_cat":[128,210],"product_tag":[],"class_list":{"0":"post-46266","1":"product","2":"type-product","3":"status-publish","4":"has-post-thumbnail","6":"product_cat-renewable-technologies","7":"product_cat-renewable-technologieschemistry","9":"first","10":"instock","11":"purchasable","12":"product-type-simple"},"acf":[],"_links":{"self":[{"href":"https:\/\/fernox.com\/es\/wp-json\/wp\/v2\/product\/46266","targetHints":{"allow":["GET"]}}],"collection":[{"href":"https:\/\/fernox.com\/es\/wp-json\/wp\/v2\/product"}],"about":[{"href":"https:\/\/fernox.com\/es\/wp-json\/wp\/v2\/types\/product"}],"wp:featuredmedia":[{"embeddable":true,"href":"https:\/\/fernox.com\/es\/wp-json\/wp\/v2\/media\/46809"}],"wp:attachment":[{"href":"https:\/\/fernox.com\/es\/wp-json\/wp\/v2\/media?parent=46266"}],"wp:term":[{"taxonomy":"product_brand","embeddable":true,"href":"https:\/\/fernox.com\/es\/wp-json\/wp\/v2\/product_brand?post=46266"},{"taxonomy":"product_cat","embeddable":true,"href":"https:\/\/fernox.com\/es\/wp-json\/wp\/v2\/product_cat?post=46266"},{"taxonomy":"product_tag","embeddable":true,"href":"https:\/\/fernox.com\/es\/wp-json\/wp\/v2\/product_tag?post=46266"}],"curies":[{"name":"wp","href":"https:\/\/api.w.org\/{rel}","templated":true}]}}