{"id":46259,"date":"2026-04-13T07:01:39","date_gmt":"2026-04-13T05:01:39","guid":{"rendered":"https:\/\/fernox.com\/es\/product\/protector-filter-fluid-f9-500ml\/"},"modified":"2026-04-13T07:01:43","modified_gmt":"2026-04-13T05:01:43","slug":"protector-filter-fluid-f9-500ml","status":"publish","type":"product","link":"https:\/\/fernox.com\/es\/product\/protector-filter-fluid-f9-500ml\/","title":{"rendered":"Protector+ Filter Fluid F9 500ml"},"content":{"rendered":"<p>Dise\u00f1ado para usarse con los filtros de sistemas en l\u00ednea Fernox TF1 u otros filtros similares, este paquete inhibidor \u00fanico incluye un dispersante activo que ha demostrado ayudar a la recolecci\u00f3n segura de corrosi\u00f3n, restos e incrustaciones a trav\u00e9s de un filtro. Este producto inhibidor mejora el rendimiento del filtro del sistema mientras ofrece una protecci\u00f3n completa contra corrosi\u00f3n y la formaci\u00f3n de cal. Esta f\u00f3rmula innovadora y probada adem\u00e1s extiende la vida del sistema y mantiene la eficiencia \u00f3ptima, Los niveles de concentraci\u00f3n deben ser revisado como parte del servicio anual de mantenimiento del sistema.<\/p>\n<ul>\n<li>Pack de inhibidor \u00fanico con dispersante dise\u00f1ado para desincrustar y llevar los restos circulantes en el sistema a un filtro para una recolecci\u00f3n y eliminaci\u00f3n segura.\n<\/li>\n<li>Se debe usar solo junto con el sistema de filtro &#8211; proporciona una protecci\u00f3n de primera contra la corrosi\u00f3n y cal en sistemas de calefacci\u00f3n y refrigeraci\u00f3n de metales mixtos, incluido el aluminio.\n<\/li>\n<li>Dise\u00f1ado para ser dejado en el sistema de manera permanente. Trata hasta 130 litros de agua del sistema (16 radiadores) y el equivalente a 250 m2 de sistemas por suelo radiante.\n<\/li>\n<li>Previene la formaci\u00f3n de cal y corrosi\u00f3n\n<\/li>\n<li>Innovadora, la mejor f\u00f3rmula de su clase- optimiza la eficiencia y extiende la vida \u00fatil del sistema\n<\/li>\n<li>Altamente efectivo, f\u00f3rmula respetuosa con el medio ambiente. Aprobado por Belgaqua y NSF CIAS<br \/>\n<\/li>\n<\/ul>\n","protected":false},"excerpt":{"rendered":"<p>Dise\u00f1ado para usarse con los filtros de sistemas en l\u00ednea Fernox TF1 u otros filtros similares, este paquete inhibidor \u00fanico incluye un dispersante activo que ha demostrado ayudar a la recolecci\u00f3n segura de corrosi\u00f3n, restos e incrustaciones a trav\u00e9s de un filtro. Este producto inhibidor mejora el rendimiento del filtro del sistema mientras ofrece una [&hellip;]<\/p>\n","protected":false},"featured_media":46580,"template":"","meta":{"_acf_changed":false},"product_brand":[],"product_cat":[175],"product_tag":[],"class_list":{"0":"post-46259","1":"product","2":"type-product","3":"status-publish","4":"has-post-thumbnail","6":"product_cat-inhibitors-protectors","8":"first","9":"instock","10":"purchasable","11":"product-type-simple"},"acf":[],"_links":{"self":[{"href":"https:\/\/fernox.com\/es\/wp-json\/wp\/v2\/product\/46259","targetHints":{"allow":["GET"]}}],"collection":[{"href":"https:\/\/fernox.com\/es\/wp-json\/wp\/v2\/product"}],"about":[{"href":"https:\/\/fernox.com\/es\/wp-json\/wp\/v2\/types\/product"}],"wp:featuredmedia":[{"embeddable":true,"href":"https:\/\/fernox.com\/es\/wp-json\/wp\/v2\/media\/46580"}],"wp:attachment":[{"href":"https:\/\/fernox.com\/es\/wp-json\/wp\/v2\/media?parent=46259"}],"wp:term":[{"taxonomy":"product_brand","embeddable":true,"href":"https:\/\/fernox.com\/es\/wp-json\/wp\/v2\/product_brand?post=46259"},{"taxonomy":"product_cat","embeddable":true,"href":"https:\/\/fernox.com\/es\/wp-json\/wp\/v2\/product_cat?post=46259"},{"taxonomy":"product_tag","embeddable":true,"href":"https:\/\/fernox.com\/es\/wp-json\/wp\/v2\/product_tag?post=46259"}],"curies":[{"name":"wp","href":"https:\/\/api.w.org\/{rel}","templated":true}]}}