{"id":46258,"date":"2026-04-13T07:01:39","date_gmt":"2026-04-13T05:01:39","guid":{"rendered":"https:\/\/fernox.com\/es\/product\/powerflow-flushing-machine-mkiii-euro-230v\/"},"modified":"2026-04-13T07:01:44","modified_gmt":"2026-04-13T05:01:44","slug":"powerflow-flushing-machine-mkiii-euro-230v","status":"publish","type":"product","link":"https:\/\/fernox.com\/es\/product\/powerflow-flushing-machine-mkiii-euro-230v\/","title":{"rendered":"Powerflow Flushing Machine MKIII Euro 230V"},"content":{"rendered":"<p>The Powerflow Flushing Machine MKIII es una m\u00e1quina de lavado a presi\u00f3n que utiliza un flujo de agua potente y espec\u00edfico para eliminar el lodo, las incrustaciones y los escombros de forma r\u00e1pida y completa de los sistemas de calefacci\u00f3n central dom\u00e9sticos existentes y contaminados. Compatible con todos los Fernox Cleaners. Despu\u00e9s de solo una visita, se pueden restaurar la calificaci\u00f3n de eficiencia energ\u00e9tica \u00f3ptima del calentador y el nivel de rendimiento general del sistema; eliminando los ruidos de la caldera y minimizando el consume de combustible.  Se suministra completo con todas las mangueras y accesorios listos para usar nada m\u00e1s sacarlos de la caja.  Tasa de circulaci\u00f3n de hasta 99 l \/ min. Nominal para temperatura de funcionamiento de 85 \u00baC. Acci\u00f3n de flujo reversible V\u00e1lvulas de doble retenci\u00f3n integrales en el llenado de la red.<\/p>\n<ul>\n<li>Sistemas de calefacci\u00f3n central Powerflush para eliminar restos de corrosi\u00f3n, lodo y cal\n<\/li>\n<li>Descalcifica el sistema\n<\/li>\n<li>Elimine el ruido de la caldera y los problemas de circulaci\u00f3n\n<\/li>\n<li>Limpie el sistema con solo UNA visita al sitio\n<\/li>\n<li>Usar solo con productos Fernox\n<\/li>\n<li>Opera con altas temperaturas para una limpieza m\u00e1s r\u00e1pida<br \/>\n<\/li>\n<\/ul>\n","protected":false},"excerpt":{"rendered":"<p>The Powerflow Flushing Machine MKIII es una m\u00e1quina de lavado a presi\u00f3n que utiliza un flujo de agua potente y espec\u00edfico para eliminar el lodo, las incrustaciones y los escombros de forma r\u00e1pida y completa de los sistemas de calefacci\u00f3n central dom\u00e9sticos existentes y contaminados. Compatible con todos los Fernox Cleaners. Despu\u00e9s de solo una [&hellip;]<\/p>\n","protected":false},"featured_media":46578,"template":"","meta":{"_acf_changed":false},"product_brand":[],"product_cat":[179],"product_tag":[],"class_list":{"0":"post-46258","1":"product","2":"type-product","3":"status-publish","4":"has-post-thumbnail","6":"product_cat-equipment","8":"first","9":"instock","10":"purchasable","11":"product-type-simple"},"acf":[],"_links":{"self":[{"href":"https:\/\/fernox.com\/es\/wp-json\/wp\/v2\/product\/46258","targetHints":{"allow":["GET"]}}],"collection":[{"href":"https:\/\/fernox.com\/es\/wp-json\/wp\/v2\/product"}],"about":[{"href":"https:\/\/fernox.com\/es\/wp-json\/wp\/v2\/types\/product"}],"wp:featuredmedia":[{"embeddable":true,"href":"https:\/\/fernox.com\/es\/wp-json\/wp\/v2\/media\/46578"}],"wp:attachment":[{"href":"https:\/\/fernox.com\/es\/wp-json\/wp\/v2\/media?parent=46258"}],"wp:term":[{"taxonomy":"product_brand","embeddable":true,"href":"https:\/\/fernox.com\/es\/wp-json\/wp\/v2\/product_brand?post=46258"},{"taxonomy":"product_cat","embeddable":true,"href":"https:\/\/fernox.com\/es\/wp-json\/wp\/v2\/product_cat?post=46258"},{"taxonomy":"product_tag","embeddable":true,"href":"https:\/\/fernox.com\/es\/wp-json\/wp\/v2\/product_tag?post=46258"}],"curies":[{"name":"wp","href":"https:\/\/api.w.org\/{rel}","templated":true}]}}