{"id":46256,"date":"2026-04-13T07:01:45","date_gmt":"2026-04-13T05:01:45","guid":{"rendered":"https:\/\/fernox.com\/es\/product\/protector-f1-500ml\/"},"modified":"2026-04-13T07:01:46","modified_gmt":"2026-04-13T05:01:46","slug":"protector-f1-500ml","status":"publish","type":"product","link":"https:\/\/fernox.com\/es\/product\/protector-f1-500ml\/","title":{"rendered":"Protector F1 500ml"},"content":{"rendered":"<p>Protector F1 es el inhibidor l\u00edder del mercado que previene la corrosi\u00f3n y la formaci\u00f3n de cal en los sistemas de calefacci\u00f3n central. Este producto de alto rendimiento ofrece una protecci\u00f3n superior mediante la combinaci\u00f3n \u00fanica de tres inhibidores de part\u00edculas org\u00e1nicas, que se unen al metal dentro del sistema de calefacci\u00f3n para protegerlo de los desechos junto con inhibidores an\u00f3dicos que reaccionan con la superficie met\u00e1lica del sistema para crear una capa protectora e inhibidores cat\u00f3dicos que se combinan con sales de agua dura para formar una capa insoluble. Fernox Protector F1 tambi\u00e9n incluye un b\u00fafer de pH mejorado para garantizar que el nivel de pH del agua del sistema no baje por debajo de 6.5 o suba por encima de 8.5, el rango de pH \u00f3ptimo para prevenir la corrosi\u00f3n y la acumulaci\u00f3n de cal. En l\u00ednea con las regulaciones locales y las mejores pr\u00e1cticas, y para una protecci\u00f3n duradera del sistema, los niveles de concentraci\u00f3n tienen que ser mantenidos y comprobados anualmente como parte del servicio del sistema.  Protector F1 es compatible con los otros productos Fernox y se puede usar con todos los materiales y metales usados en los sistemas de calefacci\u00f3n central, incluido aluminio<\/p>\n<ul>\n<li>Protege contra la corrosi\u00f3n y la cal en sistemas de calefacci\u00f3n central de metales mixtos para evitar aver\u00edas y fallos prematuros de caldera\n<\/li>\n<li>El uso en conjunto con Cleaner F3, puede lograr un ahorro de gas de hasta el 15 % cada vez que caldee su habitaci\u00f3n.\n<\/li>\n<li>Detiene la ventilaci\u00f3n frecuente de los radiadores y evita los puntos fr\u00edos\n<\/li>\n<li>Reduce los costos de mantenimiento, conserva la eficiencia energ\u00e9tica y ahorra en facturas de combustible.\n<\/li>\n<li>Admite los requisitos de garant\u00eda del fabricante de la caldera\n<\/li>\n<li>Alto rendimiento, no t\u00f3xico, respetuoso con el medio ambiente &#8211; formulaci\u00f3n aprobada por NSF CIAS, KIWA y Belgaqua<br \/>\n<\/li>\n<\/ul>\n","protected":false},"excerpt":{"rendered":"<p>Protector F1 es el inhibidor l\u00edder del mercado que previene la corrosi\u00f3n y la formaci\u00f3n de cal en los sistemas de calefacci\u00f3n central. Este producto de alto rendimiento ofrece una protecci\u00f3n superior mediante la combinaci\u00f3n \u00fanica de tres inhibidores de part\u00edculas org\u00e1nicas, que se unen al metal dentro del sistema de calefacci\u00f3n para protegerlo de [&hellip;]<\/p>\n","protected":false},"featured_media":46576,"template":"","meta":{"_acf_changed":false},"product_brand":[],"product_cat":[175],"product_tag":[],"class_list":{"0":"post-46256","1":"product","2":"type-product","3":"status-publish","4":"has-post-thumbnail","6":"product_cat-inhibitors-protectors","8":"first","9":"instock","10":"featured","11":"purchasable","12":"product-type-simple"},"acf":[],"_links":{"self":[{"href":"https:\/\/fernox.com\/es\/wp-json\/wp\/v2\/product\/46256","targetHints":{"allow":["GET"]}}],"collection":[{"href":"https:\/\/fernox.com\/es\/wp-json\/wp\/v2\/product"}],"about":[{"href":"https:\/\/fernox.com\/es\/wp-json\/wp\/v2\/types\/product"}],"wp:featuredmedia":[{"embeddable":true,"href":"https:\/\/fernox.com\/es\/wp-json\/wp\/v2\/media\/46576"}],"wp:attachment":[{"href":"https:\/\/fernox.com\/es\/wp-json\/wp\/v2\/media?parent=46256"}],"wp:term":[{"taxonomy":"product_brand","embeddable":true,"href":"https:\/\/fernox.com\/es\/wp-json\/wp\/v2\/product_brand?post=46256"},{"taxonomy":"product_cat","embeddable":true,"href":"https:\/\/fernox.com\/es\/wp-json\/wp\/v2\/product_cat?post=46256"},{"taxonomy":"product_tag","embeddable":true,"href":"https:\/\/fernox.com\/es\/wp-json\/wp\/v2\/product_tag?post=46256"}],"curies":[{"name":"wp","href":"https:\/\/api.w.org\/{rel}","templated":true}]}}