{"id":46255,"date":"2026-04-13T07:01:45","date_gmt":"2026-04-13T05:01:45","guid":{"rendered":"https:\/\/fernox.com\/es\/product\/cleaner-f3-500ml\/"},"modified":"2026-04-13T07:01:46","modified_gmt":"2026-04-13T05:01:46","slug":"cleaner-f3-500ml","status":"publish","type":"product","link":"https:\/\/fernox.com\/es\/product\/cleaner-f3-500ml\/","title":{"rendered":"Cleaner F3 500ml"},"content":{"rendered":"<p>Cleaner F3 es un l\u00edquido limpiar efectivo, con pH neutro universal y sin espuma, que elimina lodo, cal y restos de los sistemas de calefacci\u00f3n central para restaurar la eficiencia energ\u00e9tica y eliminar ruidos. Al poner en marcha nuevos sistemas de acuerdo con las regulaciones locales y las mejores pr\u00e1cticas, Cleaner F3 es ideal para eliminar los residuos de fundente y otros desechos de la instalaci\u00f3n para ayudar a prolongar la vida \u00fatil de la caldera y la eficiencia del sistema. Es adecuado para usarlo durante un lavado a presi\u00f3n para acelerar el proceso de limpieza Es un producto libre de riesgo, compatible con todos los metales com\u00fanmente usados en los sistemas de calefacci\u00f3n, incluido el aluminio<\/p>\n<ul>\n<li>Limpiador universal eficaz para la puesta en marcha de sistemas de calefacci\u00f3n nuevos y existentes\n<\/li>\n<li>Elimina el lodo, la cal y otros restos de instalaci\u00f3n para restaurar la eficiencia energ\u00e9tica y extender la vida \u00fatil del sistema y caldera.\n<\/li>\n<li>El uso en conjunto con Protector F1 puede lograr un ahorro de gas de hasta el 15 % cada vez que caldee su habitaci\u00f3n.\n<\/li>\n<li>Compatible con todos los metales y materiales com\u00fanmente usados en los sistemas de calefacci\u00f3n; incluido el aluminio\n<\/li>\n<li>Una botella reciclable de 500 ml puede tratar hasta 130 litros de agua del sistema (16 radiadores) y el equivalente a 250 m2 de sistemas por suelo radiante.\n<\/li>\n<li>pH neutro, sin riesgo para la saludo, formula sin espuma que se elimina f\u00e1cil y r\u00e1pidamente del sistema- ahorrando tiempo en el sitio<br \/>\n<\/li>\n<\/ul>\n","protected":false},"excerpt":{"rendered":"<p>Cleaner F3 es un l\u00edquido limpiar efectivo, con pH neutro universal y sin espuma, que elimina lodo, cal y restos de los sistemas de calefacci\u00f3n central para restaurar la eficiencia energ\u00e9tica y eliminar ruidos. Al poner en marcha nuevos sistemas de acuerdo con las regulaciones locales y las mejores pr\u00e1cticas, Cleaner F3 es ideal para [&hellip;]<\/p>\n","protected":false},"featured_media":46574,"template":"","meta":{"_acf_changed":false},"product_brand":[],"product_cat":[178],"product_tag":[],"class_list":{"0":"post-46255","1":"product","2":"type-product","3":"status-publish","4":"has-post-thumbnail","6":"product_cat-cleaners","8":"first","9":"instock","10":"featured","11":"purchasable","12":"product-type-simple"},"acf":[],"_links":{"self":[{"href":"https:\/\/fernox.com\/es\/wp-json\/wp\/v2\/product\/46255","targetHints":{"allow":["GET"]}}],"collection":[{"href":"https:\/\/fernox.com\/es\/wp-json\/wp\/v2\/product"}],"about":[{"href":"https:\/\/fernox.com\/es\/wp-json\/wp\/v2\/types\/product"}],"wp:featuredmedia":[{"embeddable":true,"href":"https:\/\/fernox.com\/es\/wp-json\/wp\/v2\/media\/46574"}],"wp:attachment":[{"href":"https:\/\/fernox.com\/es\/wp-json\/wp\/v2\/media?parent=46255"}],"wp:term":[{"taxonomy":"product_brand","embeddable":true,"href":"https:\/\/fernox.com\/es\/wp-json\/wp\/v2\/product_brand?post=46255"},{"taxonomy":"product_cat","embeddable":true,"href":"https:\/\/fernox.com\/es\/wp-json\/wp\/v2\/product_cat?post=46255"},{"taxonomy":"product_tag","embeddable":true,"href":"https:\/\/fernox.com\/es\/wp-json\/wp\/v2\/product_tag?post=46255"}],"curies":[{"name":"wp","href":"https:\/\/api.w.org\/{rel}","templated":true}]}}