{"id":46254,"date":"2026-04-13T07:01:45","date_gmt":"2026-04-13T05:01:45","guid":{"rendered":"https:\/\/fernox.com\/es\/product\/leak-sealer-f4-500ml\/"},"modified":"2026-04-13T07:01:47","modified_gmt":"2026-04-13T05:01:47","slug":"leak-sealer-f4-500ml","status":"publish","type":"product","link":"https:\/\/fernox.com\/es\/product\/leak-sealer-f4-500ml\/","title":{"rendered":"Leak Sealer F4 500ml"},"content":{"rendered":"<p>Leak Sealer F4 es un sellador de fugas interno desarrollado para su uso en un sistema de calefacci\u00f3n central para sellar fugas y derrames peque\u00f1os e inaccesibles que pueden causar p\u00e9rdida de presi\u00f3n y aver\u00eda de la caldera. Una vez dispersado por el sistema, el producto encuentra el \u00e1rea de entrada del ox\u00edgeno y forma un pol\u00edmero que sellar el orificio. Efectivo entre 1 y 24 horas despu\u00e9s de la aplicaci\u00f3n, se ha demostrado que la eficiencia de sellado \u00fanica de este producto qu\u00edmico de tratamiento de agua l\u00edder en el mercado previene bloqueos o restricciones dentro de la caldera o componentes vulnerables del sistema, como bombas y dispositivos de seguridad. Una gotera puede ser r\u00e1pida y eficientemente sellada sin necesidad de un completo drenaje del sistema.<\/p>\n<ul>\n<li>ideal para reducir la p\u00e9rdida de presi\u00f3n de sistemas sellados\n<\/li>\n<li>Busca y sella r\u00e1pidamente fugas microsc\u00f3picas internas e inaccesibles\n<\/li>\n<li>Ahora tiempo y dinero en drenajes y reparaciones\n<\/li>\n<li>Seguro de usar- no provoca bloqueos en las tuber\u00edas o componentes delicados de calderas como bombas, salidas de aire e intercambiadores de calor.\n<\/li>\n<li>Se deja permanentemente en el sistema &#8211; compatible con todos los metales y materiales, incluido el aluminio\n<\/li>\n<li>Una botella reciclable de 500 ml puede tratar hasta 130 litros de agua del sistema (16 radiadores) y el equivalente a 250 m2 de sistemas por suelo radiante.<br \/>\n<\/li>\n<\/ul>\n","protected":false},"excerpt":{"rendered":"<p>Leak Sealer F4 es un sellador de fugas interno desarrollado para su uso en un sistema de calefacci\u00f3n central para sellar fugas y derrames peque\u00f1os e inaccesibles que pueden causar p\u00e9rdida de presi\u00f3n y aver\u00eda de la caldera. Una vez dispersado por el sistema, el producto encuentra el \u00e1rea de entrada del ox\u00edgeno y forma [&hellip;]<\/p>\n","protected":false},"featured_media":46572,"template":"","meta":{"_acf_changed":false},"product_brand":[],"product_cat":[177],"product_tag":[],"class_list":{"0":"post-46254","1":"product","2":"type-product","3":"status-publish","4":"has-post-thumbnail","6":"product_cat-leak-sealers","8":"first","9":"instock","10":"purchasable","11":"product-type-simple"},"acf":[],"_links":{"self":[{"href":"https:\/\/fernox.com\/es\/wp-json\/wp\/v2\/product\/46254","targetHints":{"allow":["GET"]}}],"collection":[{"href":"https:\/\/fernox.com\/es\/wp-json\/wp\/v2\/product"}],"about":[{"href":"https:\/\/fernox.com\/es\/wp-json\/wp\/v2\/types\/product"}],"wp:featuredmedia":[{"embeddable":true,"href":"https:\/\/fernox.com\/es\/wp-json\/wp\/v2\/media\/46572"}],"wp:attachment":[{"href":"https:\/\/fernox.com\/es\/wp-json\/wp\/v2\/media?parent=46254"}],"wp:term":[{"taxonomy":"product_brand","embeddable":true,"href":"https:\/\/fernox.com\/es\/wp-json\/wp\/v2\/product_brand?post=46254"},{"taxonomy":"product_cat","embeddable":true,"href":"https:\/\/fernox.com\/es\/wp-json\/wp\/v2\/product_cat?post=46254"},{"taxonomy":"product_tag","embeddable":true,"href":"https:\/\/fernox.com\/es\/wp-json\/wp\/v2\/product_tag?post=46254"}],"curies":[{"name":"wp","href":"https:\/\/api.w.org\/{rel}","templated":true}]}}