{"id":46245,"date":"2026-04-13T07:01:50","date_gmt":"2026-04-13T05:01:50","guid":{"rendered":"https:\/\/fernox.com\/es\/product\/heat-transfer-fluid-hp-15c-20-litre\/"},"modified":"2026-04-13T07:01:51","modified_gmt":"2026-04-13T05:01:51","slug":"heat-transfer-fluid-hp-15c-20-litre","status":"publish","type":"product","link":"https:\/\/fernox.com\/es\/product\/heat-transfer-fluid-hp-15c-20-litre\/","title":{"rendered":"Heat Transfer Fluid HP-15c 20 Litre"},"content":{"rendered":"<p>Un fluido de transferencia de calor concentrado, no t\u00f3xico, para usar con bombas de calor de fuente de aire y tierra. Este producto est\u00e1 dise\u00f1ado para proteger contra la corrosi\u00f3n y la calcificaci\u00f3n, y cuenta con protecci\u00f3n anticongelamiento de -14\u00a0a -34\u00a0\u00b0C.<\/p>\n<ul>\n<li>Un fluido concentrado de traNSF CIASerencia de calor adecuado para usar con bombas de calor de fuente de aire y tierra.\n<\/li>\n<li>Proporciona protecci\u00f3n anti congelamiento con temperaturas de -14 a -34\u00b0C\n<\/li>\n<li>Protege contra la corrosi\u00f3n, la formaci\u00f3n de cal y la contaminaci\u00f3n bacteriana\n<\/li>\n<li>Alto rendimiento, f\u00f3rmula no t\u00f3xica\n<\/li>\n<li>Compatible con todos los materiales que se encuentran normalmente en sistemas de bombas de calor.\n<\/li>\n<li>Producto con pH estable<br \/>\n<\/li>\n<\/ul>\n","protected":false},"excerpt":{"rendered":"<p>Un fluido de transferencia de calor concentrado, no t\u00f3xico, para usar con bombas de calor de fuente de aire y tierra. Este producto est\u00e1 dise\u00f1ado para proteger contra la corrosi\u00f3n y la calcificaci\u00f3n, y cuenta con protecci\u00f3n anticongelamiento de -14\u00a0a -34\u00a0\u00b0C. Un fluido concentrado de traNSF CIASerencia de calor adecuado para usar con bombas de [&hellip;]<\/p>\n","protected":false},"featured_media":46565,"template":"","meta":{"_acf_changed":false},"product_brand":[],"product_cat":[128,210],"product_tag":[],"class_list":{"0":"post-46245","1":"product","2":"type-product","3":"status-publish","4":"has-post-thumbnail","6":"product_cat-renewable-technologies","7":"product_cat-renewable-technologieschemistry","9":"first","10":"instock","11":"purchasable","12":"product-type-simple"},"acf":[],"_links":{"self":[{"href":"https:\/\/fernox.com\/es\/wp-json\/wp\/v2\/product\/46245","targetHints":{"allow":["GET"]}}],"collection":[{"href":"https:\/\/fernox.com\/es\/wp-json\/wp\/v2\/product"}],"about":[{"href":"https:\/\/fernox.com\/es\/wp-json\/wp\/v2\/types\/product"}],"wp:featuredmedia":[{"embeddable":true,"href":"https:\/\/fernox.com\/es\/wp-json\/wp\/v2\/media\/46565"}],"wp:attachment":[{"href":"https:\/\/fernox.com\/es\/wp-json\/wp\/v2\/media?parent=46245"}],"wp:term":[{"taxonomy":"product_brand","embeddable":true,"href":"https:\/\/fernox.com\/es\/wp-json\/wp\/v2\/product_brand?post=46245"},{"taxonomy":"product_cat","embeddable":true,"href":"https:\/\/fernox.com\/es\/wp-json\/wp\/v2\/product_cat?post=46245"},{"taxonomy":"product_tag","embeddable":true,"href":"https:\/\/fernox.com\/es\/wp-json\/wp\/v2\/product_tag?post=46245"}],"curies":[{"name":"wp","href":"https:\/\/api.w.org\/{rel}","templated":true}]}}