{"id":46232,"date":"2026-04-13T07:01:55","date_gmt":"2026-04-13T05:01:55","guid":{"rendered":"https:\/\/fernox.com\/es\/product\/cleaner-f3-10l\/"},"modified":"2026-04-13T07:01:55","modified_gmt":"2026-04-13T05:01:55","slug":"cleaner-f3-10l","status":"publish","type":"product","link":"https:\/\/fernox.com\/es\/product\/cleaner-f3-10l\/","title":{"rendered":"Cleaner F3 10L"},"content":{"rendered":"<p>Limpiador universal dise\u00f1ado para su uso en sistemas HVAC y comerciales ligeros de calefacci\u00f3n y refrigeraci\u00f3n, Cleaner F3 se puede utilizar para la limpieza previa a la puesta en servicio de nuevos sistemas, ya que elimina residuos de fundente, aceite\/grasa y otros desechos de la instalaci\u00f3n. Cleaner F3 tambi\u00e9n se puede utilizar para eliminar lodos, incrustaciones y otros residuos que circulan en los sistemas ya contaminados; se mejora as\u00ed la eficiencia y se evitan da\u00f1os a los componentes del sistema. Este limpiador de alto rendimiento y r\u00e1pida acci\u00f3n es compatible con todos los metales y materiales com\u00fanmente usados en los sistemas de calefacci\u00f3n y refrigeraci\u00f3n, incluso acero y aluminio. Diez litros de producto tratan un sistema de hasta 2000\u00a0litros, con una dosis de 0,5\u00a0%.<\/p>\n<ul>\n<li>Limpiador universal, de pH neutro, para la limpieza previa a la puesta en servicio de sistemas HVAC nuevos y existentes y sistemas comerciales ligeros de calefacci\u00f3n.\n<\/li>\n<li>Especialmente formulado para eliminar fundentes, aceites, grasas y \u00f3xidos de hierro l\u00edderes del mercado, adem\u00e1s de otros desechos del sistema, de manera r\u00e1pida y eficiente\n<\/li>\n<li>Se recomienda dejar en el sistema hasta una semana, en condiciones de funcionamiento.\n<\/li>\n<li>Limpiador inhibido dise\u00f1ado para proteger el sistema durante la limpieza.\n<\/li>\n<li>Contiene tecnolog\u00eda dispersante de acci\u00f3n r\u00e1pida que es adecuada para todo tipo de agua: dura, blanda, ablandada artificialmente y desmineralizada.\n<\/li>\n<li>F\u00f3rmula sin espuma que se elimina f\u00e1cilmente del sistema despu\u00e9s del uso, ahorrando tiempo en el sitio.<br \/>\n<\/li>\n<\/ul>\n","protected":false},"excerpt":{"rendered":"<p>Limpiador universal dise\u00f1ado para su uso en sistemas HVAC y comerciales ligeros de calefacci\u00f3n y refrigeraci\u00f3n, Cleaner F3 se puede utilizar para la limpieza previa a la puesta en servicio de nuevos sistemas, ya que elimina residuos de fundente, aceite\/grasa y otros desechos de la instalaci\u00f3n. Cleaner F3 tambi\u00e9n se puede utilizar para eliminar lodos, [&hellip;]<\/p>\n","protected":false},"featured_media":46542,"template":"","meta":{"_acf_changed":false},"product_brand":[],"product_cat":[224,176,178],"product_tag":[],"class_list":{"0":"post-46232","1":"product","2":"type-product","3":"status-publish","4":"has-post-thumbnail","6":"product_cat-commercial-rangechemistry","7":"product_cat-commercial-range","8":"product_cat-cleaners","10":"first","11":"instock","12":"purchasable","13":"product-type-simple"},"acf":[],"_links":{"self":[{"href":"https:\/\/fernox.com\/es\/wp-json\/wp\/v2\/product\/46232","targetHints":{"allow":["GET"]}}],"collection":[{"href":"https:\/\/fernox.com\/es\/wp-json\/wp\/v2\/product"}],"about":[{"href":"https:\/\/fernox.com\/es\/wp-json\/wp\/v2\/types\/product"}],"wp:featuredmedia":[{"embeddable":true,"href":"https:\/\/fernox.com\/es\/wp-json\/wp\/v2\/media\/46542"}],"wp:attachment":[{"href":"https:\/\/fernox.com\/es\/wp-json\/wp\/v2\/media?parent=46232"}],"wp:term":[{"taxonomy":"product_brand","embeddable":true,"href":"https:\/\/fernox.com\/es\/wp-json\/wp\/v2\/product_brand?post=46232"},{"taxonomy":"product_cat","embeddable":true,"href":"https:\/\/fernox.com\/es\/wp-json\/wp\/v2\/product_cat?post=46232"},{"taxonomy":"product_tag","embeddable":true,"href":"https:\/\/fernox.com\/es\/wp-json\/wp\/v2\/product_tag?post=46232"}],"curies":[{"name":"wp","href":"https:\/\/api.w.org\/{rel}","templated":true}]}}