{"id":46231,"date":"2026-04-13T07:01:55","date_gmt":"2026-04-13T05:01:55","guid":{"rendered":"https:\/\/fernox.com\/es\/product\/leak-sealer-f4-10l\/"},"modified":"2026-04-13T07:01:56","modified_gmt":"2026-04-13T05:01:56","slug":"leak-sealer-f4-10l","status":"publish","type":"product","link":"https:\/\/fernox.com\/es\/product\/leak-sealer-f4-10l\/","title":{"rendered":"Leak Sealer F4 10L"},"content":{"rendered":"<p>Leak Sealer F4 es un sellador de fugas internas desarrollado para su uso en sistemas HVAC y comerciales ligeros de calefacci\u00f3n y refrigeraci\u00f3n para sellar fugas y derrames peque\u00f1os e inaccesibles que pueden causar p\u00e9rdida de presi\u00f3n y aver\u00eda de la caldera. Una vez dispersado por el sistema, el producto encuentra el \u00e1rea de entrada del ox\u00edgeno y forma un pol\u00edmero que sella el agujero. Efectivo entre 1 y 24 horas despu\u00e9s de la aplicaci\u00f3n, se ha demostrado que la eficiencia de sellado \u00fanica de este producto qu\u00edmico de tratamiento de agua l\u00edder en el mercado previene bloqueos o restricciones de los componentes vulnerables del sistema, como bombas, salidas de ventilaci\u00f3n y dispositivos de seguridad. Una fuga se puede sellar de manera r\u00e1pida y eficiente sin necesidad de un drenaje completo del sistema. Diez litros de producto tratan un sistema de hasta 2000\u00a0litros, con una dosis de 0,5\u00a0%.<\/p>\n<ul>\n<li>Formulaci\u00f3n basada en emulsi\u00f3n de silicio dise\u00f1ada para migrar a los\u00a0lados de la tuber\u00eda para taponar fugas y derrames microsc\u00f3picos e inaccesibles en sistemas HVAC y comerciales ligeros.\n<\/li>\n<li>Se elimina la necesidad de un drenaje completo del sistema\n<\/li>\n<li>Se ha demostrado su eficacia entre 1 y 24 horas despu\u00e9s de la aplicaci\u00f3n.\n<\/li>\n<li>Resuelve los problemas de p\u00e9rdida de presi\u00f3n de manera r\u00e1pida y eficiente con m\u00ednima intervenci\u00f3n.\n<\/li>\n<li>Seguro de usar: no provoca bloqueos en las tuber\u00edas o componentes delicados de las calderas como bombas, salidas de ventilaci\u00f3n o intercambiadores de calor.\n<\/li>\n<li>Se dispersa r\u00e1pidamente por el sistema, encuentra el \u00e1rea de entrada del ox\u00edgeno y forma un pol\u00edmero que sella el agujero.<br \/>\n<\/li>\n<\/ul>\n","protected":false},"excerpt":{"rendered":"<p>Leak Sealer F4 es un sellador de fugas internas desarrollado para su uso en sistemas HVAC y comerciales ligeros de calefacci\u00f3n y refrigeraci\u00f3n para sellar fugas y derrames peque\u00f1os e inaccesibles que pueden causar p\u00e9rdida de presi\u00f3n y aver\u00eda de la caldera. Una vez dispersado por el sistema, el producto encuentra el \u00e1rea de entrada [&hellip;]<\/p>\n","protected":false},"featured_media":46539,"template":"","meta":{"_acf_changed":false},"product_brand":[],"product_cat":[224,176,177],"product_tag":[],"class_list":{"0":"post-46231","1":"product","2":"type-product","3":"status-publish","4":"has-post-thumbnail","6":"product_cat-commercial-rangechemistry","7":"product_cat-commercial-range","8":"product_cat-leak-sealers","10":"first","11":"instock","12":"purchasable","13":"product-type-simple"},"acf":[],"_links":{"self":[{"href":"https:\/\/fernox.com\/es\/wp-json\/wp\/v2\/product\/46231","targetHints":{"allow":["GET"]}}],"collection":[{"href":"https:\/\/fernox.com\/es\/wp-json\/wp\/v2\/product"}],"about":[{"href":"https:\/\/fernox.com\/es\/wp-json\/wp\/v2\/types\/product"}],"wp:featuredmedia":[{"embeddable":true,"href":"https:\/\/fernox.com\/es\/wp-json\/wp\/v2\/media\/46539"}],"wp:attachment":[{"href":"https:\/\/fernox.com\/es\/wp-json\/wp\/v2\/media?parent=46231"}],"wp:term":[{"taxonomy":"product_brand","embeddable":true,"href":"https:\/\/fernox.com\/es\/wp-json\/wp\/v2\/product_brand?post=46231"},{"taxonomy":"product_cat","embeddable":true,"href":"https:\/\/fernox.com\/es\/wp-json\/wp\/v2\/product_cat?post=46231"},{"taxonomy":"product_tag","embeddable":true,"href":"https:\/\/fernox.com\/es\/wp-json\/wp\/v2\/product_tag?post=46231"}],"curies":[{"name":"wp","href":"https:\/\/api.w.org\/{rel}","templated":true}]}}