{"id":46230,"date":"2026-04-13T07:01:55","date_gmt":"2026-04-13T05:01:55","guid":{"rendered":"https:\/\/fernox.com\/es\/product\/protector-filter-fluid-f9-10l\/"},"modified":"2026-04-13T07:01:57","modified_gmt":"2026-04-13T05:01:57","slug":"protector-filter-fluid-f9-10l","status":"publish","type":"product","link":"https:\/\/fernox.com\/es\/product\/protector-filter-fluid-f9-10l\/","title":{"rendered":"Protector+ Filter Fluid F9 10L"},"content":{"rendered":"<p>Protector+ Filter Fluid F9 es un inhibidor avanzado que incorpora tecnolog\u00eda dispersante para proporcionar una excelente protecci\u00f3n contra la corrosi\u00f3n, inhibici\u00f3n de la cal y control del pH en sistemas HVAC y comerciales ligeros de calefacci\u00f3n y refrigeraci\u00f3n. Dise\u00f1ado para usarse con un sistema de filtros en l\u00ednea de la gama comercial de Fernox u otros filtros similares, este paquete inhibidor \u00fanico incluye un dispersante activo que ayuda a la recolecci\u00f3n segura de restos de corrosi\u00f3n, incrustaciones y otros contaminantes del sistema a trav\u00e9s de un filtro. Esta f\u00f3rmula innovadora prolonga la vida del sistema y mantiene la eficiencia \u00f3ptima. Protector+ Filter Fluid F9 es compatible con los otros productos comerciales Fernox y se puede utilizar con todos los materiales y metales usados com\u00fanmente en los sistemas de calefacci\u00f3n y refrigeraci\u00f3n, incluso acero y aluminio. Diez litros de producto tratan un sistema de hasta 2000\u00a0litros, con una dosis de 0,5\u00a0%.<\/p>\n<ul>\n<li>Paquete \u00fanico de inhibidor y dispersante dise\u00f1ado para desincrustar y llevar los restos circulantes en el sistema a un filtro en l\u00ednea para una recolecci\u00f3n y eliminaci\u00f3n segura.\n<\/li>\n<li>Se debe usar solamente con un filtro del sistema\n<\/li>\n<li>Proporciona una protecci\u00f3n de primera contra la corrosi\u00f3n y la formaci\u00f3n de incrustaciones en sistemas de calefacci\u00f3n y refrigeraci\u00f3n HVAC de metales mixtos, incluso acero y aluminio.\n<\/li>\n<li>Dise\u00f1ado para ser dejado en el sistema de manera permanente para ayudar a que este funcione de manera eficiente, ya que permite tuber\u00edas m\u00e1s limpias y mantiene \u00edndices de flujo \u00f3ptimos. Reduce el riesgo de tiempo de inactividad no programado del sistema.\n<\/li>\n<li>Regulaci\u00f3n de pH avanzada para asegurar que el nivel de pH del agua se estabilice en un rango \u00f3ptimo de 7 a 8,5.\n<\/li>\n<li>Alto rendimiento, no t\u00f3xico y de bajo impacto ambiental, conforme al programa de aprobaci\u00f3n de inhibidores qu\u00edmicos (CIAS) de NSF CIAS y Belgaqua.<br \/>\n<\/li>\n<\/ul>\n","protected":false},"excerpt":{"rendered":"<p>Protector+ Filter Fluid F9 es un inhibidor avanzado que incorpora tecnolog\u00eda dispersante para proporcionar una excelente protecci\u00f3n contra la corrosi\u00f3n, inhibici\u00f3n de la cal y control del pH en sistemas HVAC y comerciales ligeros de calefacci\u00f3n y refrigeraci\u00f3n. Dise\u00f1ado para usarse con un sistema de filtros en l\u00ednea de la gama comercial de Fernox u [&hellip;]<\/p>\n","protected":false},"featured_media":46536,"template":"","meta":{"_acf_changed":false},"product_brand":[],"product_cat":[224,176,175],"product_tag":[],"class_list":{"0":"post-46230","1":"product","2":"type-product","3":"status-publish","4":"has-post-thumbnail","6":"product_cat-commercial-rangechemistry","7":"product_cat-commercial-range","8":"product_cat-inhibitors-protectors","10":"first","11":"instock","12":"purchasable","13":"product-type-simple"},"acf":[],"_links":{"self":[{"href":"https:\/\/fernox.com\/es\/wp-json\/wp\/v2\/product\/46230","targetHints":{"allow":["GET"]}}],"collection":[{"href":"https:\/\/fernox.com\/es\/wp-json\/wp\/v2\/product"}],"about":[{"href":"https:\/\/fernox.com\/es\/wp-json\/wp\/v2\/types\/product"}],"wp:featuredmedia":[{"embeddable":true,"href":"https:\/\/fernox.com\/es\/wp-json\/wp\/v2\/media\/46536"}],"wp:attachment":[{"href":"https:\/\/fernox.com\/es\/wp-json\/wp\/v2\/media?parent=46230"}],"wp:term":[{"taxonomy":"product_brand","embeddable":true,"href":"https:\/\/fernox.com\/es\/wp-json\/wp\/v2\/product_brand?post=46230"},{"taxonomy":"product_cat","embeddable":true,"href":"https:\/\/fernox.com\/es\/wp-json\/wp\/v2\/product_cat?post=46230"},{"taxonomy":"product_tag","embeddable":true,"href":"https:\/\/fernox.com\/es\/wp-json\/wp\/v2\/product_tag?post=46230"}],"curies":[{"name":"wp","href":"https:\/\/api.w.org\/{rel}","templated":true}]}}