{"id":46229,"date":"2026-04-30T06:01:45","date_gmt":"2026-04-30T04:01:45","guid":{"rendered":"https:\/\/fernox.com\/es\/product\/turbidity-tube\/"},"modified":"2026-04-30T06:01:48","modified_gmt":"2026-04-30T04:01:48","slug":"turbidity-tube","status":"publish","type":"product","link":"https:\/\/fernox.com\/es\/product\/turbidity-tube\/","title":{"rendered":"Turbidity Tube"},"content":{"rendered":"<p>El tubo de turbidez Fernox es una prueba de turbidez simple y f\u00e1cil de usar para verificar la calidad del agua del sistema y determinar el tratamiento adecuado para garantizar que el sistema funcione con la m\u00e1xima eficiencia y que la caldera est\u00e9 completamente protegida.<\/p>\n<ul>\n<li>Mantener la m\u00e1xima eficiencia del sistema.\n<\/li>\n<li>Ayuda a prevenir fallos en la caldera.\n<\/li>\n<li>Prolonga la vida \u00fatil de la caldera.\n<\/li>\n<li>R\u00e1pido y f\u00e1cil de usar en el sitio: permite tomar medidas correctivas de inmediato.\n<\/li>\n<li>Incluye tapa de rosca.\n<p><\/li>\n<\/ul>\n","protected":false},"excerpt":{"rendered":"<p>El tubo de turbidez Fernox es una prueba de turbidez simple y f\u00e1cil de usar para verificar la calidad del agua del sistema y determinar el tratamiento adecuado para garantizar que el sistema funcione con la m\u00e1xima eficiencia y que la caldera est\u00e9 completamente protegida. Mantener la m\u00e1xima eficiencia del sistema. Ayuda a prevenir fallos [&hellip;]<\/p>\n","protected":false},"featured_media":46535,"template":"","meta":{"_acf_changed":false},"product_brand":[],"product_cat":[180],"product_tag":[],"class_list":{"0":"post-46229","1":"product","2":"type-product","3":"status-publish","4":"has-post-thumbnail","6":"product_cat-test-kits","8":"first","9":"instock","10":"purchasable","11":"product-type-simple"},"acf":[],"_links":{"self":[{"href":"https:\/\/fernox.com\/es\/wp-json\/wp\/v2\/product\/46229","targetHints":{"allow":["GET"]}}],"collection":[{"href":"https:\/\/fernox.com\/es\/wp-json\/wp\/v2\/product"}],"about":[{"href":"https:\/\/fernox.com\/es\/wp-json\/wp\/v2\/types\/product"}],"wp:featuredmedia":[{"embeddable":true,"href":"https:\/\/fernox.com\/es\/wp-json\/wp\/v2\/media\/46535"}],"wp:attachment":[{"href":"https:\/\/fernox.com\/es\/wp-json\/wp\/v2\/media?parent=46229"}],"wp:term":[{"taxonomy":"product_brand","embeddable":true,"href":"https:\/\/fernox.com\/es\/wp-json\/wp\/v2\/product_brand?post=46229"},{"taxonomy":"product_cat","embeddable":true,"href":"https:\/\/fernox.com\/es\/wp-json\/wp\/v2\/product_cat?post=46229"},{"taxonomy":"product_tag","embeddable":true,"href":"https:\/\/fernox.com\/es\/wp-json\/wp\/v2\/product_tag?post=46229"}],"curies":[{"name":"wp","href":"https:\/\/api.w.org\/{rel}","templated":true}]}}