{"id":46218,"date":"2026-03-30T07:02:28","date_gmt":"2026-03-30T05:02:28","guid":{"rendered":"https:\/\/fernox.com\/es\/product\/tf1-omega-filter-2\/"},"modified":"2026-04-01T12:49:44","modified_gmt":"2026-04-01T10:49:44","slug":"tf1-omega-filter-2","status":"publish","type":"product","link":"https:\/\/fernox.com\/es\/product\/tf1-omega-filter-2\/","title":{"rendered":"TF1 Omega Filter"},"content":{"rendered":"<p>Dise\u00f1ado para ser instalado en \u00e1reas de acceso peque\u00f1as y restringidas, este sistema de filtros en l\u00ednea, con sellado de alto rendimiento es f\u00e1cil de instalar y r\u00e1pido y sencillo de limpiar No hace falta desmontar la unidad o reemplazar las juntas t\u00f3ricas durante el servicio, ahorrando tiempo en el sitio Fabricado con lat\u00f3n niquelado de alta calidad, TF1 Omega Filter utiliza tecnolog\u00eda de separaci\u00f3n hidr\u00f3nica de part\u00edculas (HPS, sus siglas en ingl\u00e9s) y filtraci\u00f3n magn\u00e9tica para eliminar los restos magn\u00e9ticos y no magn\u00e9ticos del sistema. La calidad y fiabilidad de este galardonado filtro est\u00e1 respaldada por la garant\u00eda de 25 a\u00f1os l\u00edder en el mercado<\/p>\n<ul>\n<li>Dise\u00f1o compacto y de gran capacidad. ideal para usar en espacios restringidos<\/li>\n<li>F\u00e1cil de instalar &#8211; encaja en tuber\u00edas verticales y horizontales en ambas direcciones de flujo El filtro puede operar en un \u00e1ngulo de 45 \u00ba<\/li>\n<li>Acci\u00f3n \u00fanica, elimina los contaminantes magn\u00e9ticos y no magn\u00e9ticos del sistema de agua R\u00e1pido y f\u00e1cil de limpiar sin desmontar la unidad<\/li>\n<li>Construcci\u00f3n de lat\u00f3n forjado inteligente, resistente (sin porosidad oculta) con niquelado<\/li>\n<li>Colector \u00fanico con sellos radiales dobles y m\u00faltiples capacidades de orientaci\u00f3n<\/li>\n<li>Potente conjunto de im\u00e1n de neodimio con tapa de im\u00e1n roscada<\/li>\n<\/ul>\n","protected":false},"excerpt":{"rendered":"<p>Dise\u00f1ado para ser instalado en \u00e1reas de acceso peque\u00f1as y restringidas, este sistema de filtros en l\u00ednea, con sellado de alto rendimiento es f\u00e1cil de instalar y r\u00e1pido y sencillo de limpiar No hace falta desmontar la unidad o reemplazar las juntas t\u00f3ricas durante el servicio, ahorrando tiempo en el sitio Fabricado con lat\u00f3n niquelado [&hellip;]<\/p>\n","protected":false},"featured_media":46526,"template":"","meta":{"_acf_changed":false},"product_brand":[],"product_cat":[174],"product_tag":[],"class_list":{"0":"post-46218","1":"product","2":"type-product","3":"status-publish","4":"has-post-thumbnail","6":"product_cat-filters","7":"pa_tamano-de-conexion-metrico-472","8":"pa_tamano-de-conexion-metrico-28mm","9":"pa_tamano-de-conexion-metrico-3-4","10":"pa_tipo-de-ajuste-bsp","11":"pa_tipo-de-ajuste-slip-socket","13":"first","14":"instock","15":"purchasable","16":"product-type-variable"},"acf":[],"yoast_head":"<!-- This site is optimized with the Yoast SEO plugin v27.3 - https:\/\/yoast.com\/product\/yoast-seo-wordpress\/ -->\n<title>TF1 Omega Filter - Fernox Spain<\/title>\n<meta name=\"robots\" content=\"index, follow, max-snippet:-1, max-image-preview:large, max-video-preview:-1\" \/>\n<link rel=\"canonical\" href=\"https:\/\/fernox.com\/es\/product\/tf1-omega-filter-2\/\" \/>\n<meta property=\"og:locale\" content=\"en_US\" \/>\n<meta property=\"og:type\" content=\"article\" \/>\n<meta property=\"og:title\" content=\"TF1 Omega Filter - Fernox Spain\" \/>\n<meta property=\"og:description\" content=\"Dise\u00f1ado para ser instalado en \u00e1reas de acceso peque\u00f1as y restringidas, este sistema de filtros en l\u00ednea, con sellado de alto rendimiento es f\u00e1cil de instalar y r\u00e1pido y sencillo de limpiar No hace falta desmontar la unidad o reemplazar las juntas t\u00f3ricas durante el servicio, ahorrando tiempo en el sitio Fabricado con lat\u00f3n niquelado [&hellip;]\" \/>\n<meta property=\"og:url\" content=\"https:\/\/fernox.com\/es\/product\/tf1-omega-filter-2\/\" \/>\n<meta property=\"og:site_name\" content=\"Fernox Spain\" \/>\n<meta property=\"article:modified_time\" content=\"2026-04-01T10:49:44+00:00\" \/>\n<meta property=\"og:image\" content=\"https:\/\/fernox.com\/es\/wp-content\/uploads\/sites\/42\/2025\/12\/62322-1.jpg\" \/>\n\t<meta property=\"og:image:width\" content=\"800\" \/>\n\t<meta property=\"og:image:height\" content=\"800\" \/>\n\t<meta property=\"og:image:type\" content=\"image\/jpeg\" \/>\n<meta name=\"twitter:card\" content=\"summary_large_image\" \/>\n<meta name=\"twitter:label1\" content=\"Est. reading time\" \/>\n\t<meta name=\"twitter:data1\" content=\"1 minute\" \/>\n<script type=\"application\/ld+json\" class=\"yoast-schema-graph\">{\"@context\":\"https:\\\/\\\/schema.org\",\"@graph\":[{\"@type\":\"WebPage\",\"@id\":\"https:\\\/\\\/fernox.com\\\/es\\\/product\\\/tf1-omega-filter-2\\\/\",\"url\":\"https:\\\/\\\/fernox.com\\\/es\\\/product\\\/tf1-omega-filter-2\\\/\",\"name\":\"TF1 Omega Filter - Fernox Spain\",\"isPartOf\":{\"@id\":\"https:\\\/\\\/fernox.com\\\/es\\\/#website\"},\"primaryImageOfPage\":{\"@id\":\"https:\\\/\\\/fernox.com\\\/es\\\/product\\\/tf1-omega-filter-2\\\/#primaryimage\"},\"image\":{\"@id\":\"https:\\\/\\\/fernox.com\\\/es\\\/product\\\/tf1-omega-filter-2\\\/#primaryimage\"},\"thumbnailUrl\":\"https:\\\/\\\/fernox.com\\\/es\\\/wp-content\\\/uploads\\\/sites\\\/42\\\/2025\\\/12\\\/62322-1.jpg\",\"datePublished\":\"2026-03-30T05:02:28+00:00\",\"dateModified\":\"2026-04-01T10:49:44+00:00\",\"breadcrumb\":{\"@id\":\"https:\\\/\\\/fernox.com\\\/es\\\/product\\\/tf1-omega-filter-2\\\/#breadcrumb\"},\"inLanguage\":\"en-US\",\"potentialAction\":[{\"@type\":\"ReadAction\",\"target\":[\"https:\\\/\\\/fernox.com\\\/es\\\/product\\\/tf1-omega-filter-2\\\/\"]}]},{\"@type\":\"ImageObject\",\"inLanguage\":\"en-US\",\"@id\":\"https:\\\/\\\/fernox.com\\\/es\\\/product\\\/tf1-omega-filter-2\\\/#primaryimage\",\"url\":\"https:\\\/\\\/fernox.com\\\/es\\\/wp-content\\\/uploads\\\/sites\\\/42\\\/2025\\\/12\\\/62322-1.jpg\",\"contentUrl\":\"https:\\\/\\\/fernox.com\\\/es\\\/wp-content\\\/uploads\\\/sites\\\/42\\\/2025\\\/12\\\/62322-1.jpg\",\"width\":800,\"height\":800},{\"@type\":\"BreadcrumbList\",\"@id\":\"https:\\\/\\\/fernox.com\\\/es\\\/product\\\/tf1-omega-filter-2\\\/#breadcrumb\",\"itemListElement\":[{\"@type\":\"ListItem\",\"position\":1,\"name\":\"Home\",\"item\":\"https:\\\/\\\/fernox.com\\\/es\\\/\"},{\"@type\":\"ListItem\",\"position\":2,\"name\":\"Products\",\"item\":\"https:\\\/\\\/fernox.com\\\/es\\\/shop\\\/\"},{\"@type\":\"ListItem\",\"position\":3,\"name\":\"TF1 Omega Filter\"}]},{\"@type\":\"WebSite\",\"@id\":\"https:\\\/\\\/fernox.com\\\/es\\\/#website\",\"url\":\"https:\\\/\\\/fernox.com\\\/es\\\/\",\"name\":\"Fernox Spain\",\"description\":\"\",\"publisher\":{\"@id\":\"https:\\\/\\\/fernox.com\\\/es\\\/#organization\"},\"potentialAction\":[{\"@type\":\"SearchAction\",\"target\":{\"@type\":\"EntryPoint\",\"urlTemplate\":\"https:\\\/\\\/fernox.com\\\/es\\\/?s={search_term_string}\"},\"query-input\":{\"@type\":\"PropertyValueSpecification\",\"valueRequired\":true,\"valueName\":\"search_term_string\"}}],\"inLanguage\":\"en-US\"},{\"@type\":\"Organization\",\"@id\":\"https:\\\/\\\/fernox.com\\\/es\\\/#organization\",\"name\":\"Fernox Spain\",\"url\":\"https:\\\/\\\/fernox.com\\\/es\\\/\",\"logo\":{\"@type\":\"ImageObject\",\"inLanguage\":\"en-US\",\"@id\":\"https:\\\/\\\/fernox.com\\\/es\\\/#\\\/schema\\\/logo\\\/image\\\/\",\"url\":\"https:\\\/\\\/fernox.com\\\/es\\\/wp-content\\\/uploads\\\/sites\\\/42\\\/2020\\\/11\\\/cropped-fernox-Logo-transparent.png\",\"contentUrl\":\"https:\\\/\\\/fernox.com\\\/es\\\/wp-content\\\/uploads\\\/sites\\\/42\\\/2020\\\/11\\\/cropped-fernox-Logo-transparent.png\",\"width\":664,\"height\":150,\"caption\":\"Fernox Spain\"},\"image\":{\"@id\":\"https:\\\/\\\/fernox.com\\\/es\\\/#\\\/schema\\\/logo\\\/image\\\/\"}}]}<\/script>\n<!-- \/ Yoast SEO plugin. -->","yoast_head_json":{"title":"TF1 Omega Filter - Fernox Spain","robots":{"index":"index","follow":"follow","max-snippet":"max-snippet:-1","max-image-preview":"max-image-preview:large","max-video-preview":"max-video-preview:-1"},"canonical":"https:\/\/fernox.com\/es\/product\/tf1-omega-filter-2\/","og_locale":"en_US","og_type":"article","og_title":"TF1 Omega Filter - Fernox Spain","og_description":"Dise\u00f1ado para ser instalado en \u00e1reas de acceso peque\u00f1as y restringidas, este sistema de filtros en l\u00ednea, con sellado de alto rendimiento es f\u00e1cil de instalar y r\u00e1pido y sencillo de limpiar No hace falta desmontar la unidad o reemplazar las juntas t\u00f3ricas durante el servicio, ahorrando tiempo en el sitio Fabricado con lat\u00f3n niquelado [&hellip;]","og_url":"https:\/\/fernox.com\/es\/product\/tf1-omega-filter-2\/","og_site_name":"Fernox Spain","article_modified_time":"2026-04-01T10:49:44+00:00","og_image":[{"width":800,"height":800,"url":"https:\/\/fernox.com\/es\/wp-content\/uploads\/sites\/42\/2025\/12\/62322-1.jpg","type":"image\/jpeg"}],"twitter_card":"summary_large_image","twitter_misc":{"Est. reading time":"1 minute"},"schema":{"@context":"https:\/\/schema.org","@graph":[{"@type":"WebPage","@id":"https:\/\/fernox.com\/es\/product\/tf1-omega-filter-2\/","url":"https:\/\/fernox.com\/es\/product\/tf1-omega-filter-2\/","name":"TF1 Omega Filter - Fernox Spain","isPartOf":{"@id":"https:\/\/fernox.com\/es\/#website"},"primaryImageOfPage":{"@id":"https:\/\/fernox.com\/es\/product\/tf1-omega-filter-2\/#primaryimage"},"image":{"@id":"https:\/\/fernox.com\/es\/product\/tf1-omega-filter-2\/#primaryimage"},"thumbnailUrl":"https:\/\/fernox.com\/es\/wp-content\/uploads\/sites\/42\/2025\/12\/62322-1.jpg","datePublished":"2026-03-30T05:02:28+00:00","dateModified":"2026-04-01T10:49:44+00:00","breadcrumb":{"@id":"https:\/\/fernox.com\/es\/product\/tf1-omega-filter-2\/#breadcrumb"},"inLanguage":"en-US","potentialAction":[{"@type":"ReadAction","target":["https:\/\/fernox.com\/es\/product\/tf1-omega-filter-2\/"]}]},{"@type":"ImageObject","inLanguage":"en-US","@id":"https:\/\/fernox.com\/es\/product\/tf1-omega-filter-2\/#primaryimage","url":"https:\/\/fernox.com\/es\/wp-content\/uploads\/sites\/42\/2025\/12\/62322-1.jpg","contentUrl":"https:\/\/fernox.com\/es\/wp-content\/uploads\/sites\/42\/2025\/12\/62322-1.jpg","width":800,"height":800},{"@type":"BreadcrumbList","@id":"https:\/\/fernox.com\/es\/product\/tf1-omega-filter-2\/#breadcrumb","itemListElement":[{"@type":"ListItem","position":1,"name":"Home","item":"https:\/\/fernox.com\/es\/"},{"@type":"ListItem","position":2,"name":"Products","item":"https:\/\/fernox.com\/es\/shop\/"},{"@type":"ListItem","position":3,"name":"TF1 Omega Filter"}]},{"@type":"WebSite","@id":"https:\/\/fernox.com\/es\/#website","url":"https:\/\/fernox.com\/es\/","name":"Fernox Spain","description":"","publisher":{"@id":"https:\/\/fernox.com\/es\/#organization"},"potentialAction":[{"@type":"SearchAction","target":{"@type":"EntryPoint","urlTemplate":"https:\/\/fernox.com\/es\/?s={search_term_string}"},"query-input":{"@type":"PropertyValueSpecification","valueRequired":true,"valueName":"search_term_string"}}],"inLanguage":"en-US"},{"@type":"Organization","@id":"https:\/\/fernox.com\/es\/#organization","name":"Fernox Spain","url":"https:\/\/fernox.com\/es\/","logo":{"@type":"ImageObject","inLanguage":"en-US","@id":"https:\/\/fernox.com\/es\/#\/schema\/logo\/image\/","url":"https:\/\/fernox.com\/es\/wp-content\/uploads\/sites\/42\/2020\/11\/cropped-fernox-Logo-transparent.png","contentUrl":"https:\/\/fernox.com\/es\/wp-content\/uploads\/sites\/42\/2020\/11\/cropped-fernox-Logo-transparent.png","width":664,"height":150,"caption":"Fernox Spain"},"image":{"@id":"https:\/\/fernox.com\/es\/#\/schema\/logo\/image\/"}}]}},"_links":{"self":[{"href":"https:\/\/fernox.com\/es\/wp-json\/wp\/v2\/product\/46218","targetHints":{"allow":["GET"]}}],"collection":[{"href":"https:\/\/fernox.com\/es\/wp-json\/wp\/v2\/product"}],"about":[{"href":"https:\/\/fernox.com\/es\/wp-json\/wp\/v2\/types\/product"}],"wp:featuredmedia":[{"embeddable":true,"href":"https:\/\/fernox.com\/es\/wp-json\/wp\/v2\/media\/46526"}],"wp:attachment":[{"href":"https:\/\/fernox.com\/es\/wp-json\/wp\/v2\/media?parent=46218"}],"wp:term":[{"taxonomy":"product_brand","embeddable":true,"href":"https:\/\/fernox.com\/es\/wp-json\/wp\/v2\/product_brand?post=46218"},{"taxonomy":"product_cat","embeddable":true,"href":"https:\/\/fernox.com\/es\/wp-json\/wp\/v2\/product_cat?post=46218"},{"taxonomy":"product_tag","embeddable":true,"href":"https:\/\/fernox.com\/es\/wp-json\/wp\/v2\/product_tag?post=46218"}],"curies":[{"name":"wp","href":"https:\/\/api.w.org\/{rel}","templated":true}]}}