{"id":46211,"date":"2026-03-30T07:02:28","date_gmt":"2026-03-30T05:02:28","guid":{"rendered":"https:\/\/fernox.com\/es\/product\/tf1-omega-filter\/"},"modified":"2026-04-01T12:49:41","modified_gmt":"2026-04-01T10:49:41","slug":"tf1-omega-filter","status":"publish","type":"product","link":"https:\/\/fernox.com\/es\/product\/tf1-omega-filter\/","title":{"rendered":"TF1 Omega+ Filter"},"content":{"rendered":"<p>TF1 Omega+ Filter es un filtro de sistemas de calefacci\u00f3n central de alto rendimiento dise\u00f1ado para sistemas de calefacci\u00f3n y refrigeraci\u00f3n de peque\u00f1os comercios. Utiliza la tecnolog\u00eda de separaci\u00f3n de part\u00edculas hidr\u00f3nicas (HPS, en sus siglas en ingl\u00e9s) y filtraci\u00f3n magn\u00e9tica para eliminar los restos magn\u00e9ticos y no magn\u00e9ticos del sistema, reduciendo riesgos de aver\u00edas de la caldera y mejorando la eficiencia y longevidad del sistema de calefacci\u00f3n. Probado bajo presi\u00f3n, Este filtro sellado est\u00e1 fabricado pensando en la fiabilidad y rendimiento, pues ofrece una capacidad de captura muy eficiente en una gran variedad de caudales y tama\u00f1os de sistemas.<\/p>\n<ul>\n<li>Probado bajo presi\u00f3n, la unidad sellada est\u00e1 dise\u00f1ada para sistemas de calefacci\u00f3n de comercios peque\u00f1os<\/li>\n<li>Captura de alta eficiencia en una variedad de caudales y tama\u00f1os de sistemas. Disponible en 1 \u00bc\u201d y 1 \u00bd\u201d conexiones de tuber\u00edas de hembra.<\/li>\n<li>F\u00e1cil de instalar &#8211; encaja en tuber\u00edas de orientaci\u00f3n verticales y horizontales. El filtro puede operar en un \u00e1ngulo de 45 \u00ba<\/li>\n<li>Acci\u00f3n \u00fanica, especialmente dise\u00f1ada para sistemas de grandes dimensiones, permite la captura de una gran variedad de tipos de restos magn\u00e9ticos y no magn\u00e9ticos.<\/li>\n<li>No bloquea ni restringe el flujo<\/li>\n<li>10 a\u00f1os de garant\u00eda<\/li>\n<\/ul>\n","protected":false},"excerpt":{"rendered":"<p>TF1 Omega+ Filter es un filtro de sistemas de calefacci\u00f3n central de alto rendimiento dise\u00f1ado para sistemas de calefacci\u00f3n y refrigeraci\u00f3n de peque\u00f1os comercios. Utiliza la tecnolog\u00eda de separaci\u00f3n de part\u00edculas hidr\u00f3nicas (HPS, en sus siglas en ingl\u00e9s) y filtraci\u00f3n magn\u00e9tica para eliminar los restos magn\u00e9ticos y no magn\u00e9ticos del sistema, reduciendo riesgos de aver\u00edas [&hellip;]<\/p>\n","protected":false},"featured_media":46521,"template":"","meta":{"_acf_changed":false},"product_brand":[],"product_cat":[461,174,176],"product_tag":[],"class_list":{"0":"post-46211","1":"product","2":"type-product","3":"status-publish","4":"has-post-thumbnail","6":"product_cat-commercial-rangedevices","7":"product_cat-filters","8":"product_cat-commercial-range","9":"pa_tamano-de-conexion-metrico-1-1-2","10":"pa_tamano-de-conexion-metrico-1-1-4","11":"pa_tipo-de-ajuste-bsp","13":"first","14":"instock","15":"purchasable","16":"product-type-variable"},"acf":[],"yoast_head":"<!-- This site is optimized with the Yoast SEO plugin v27.3 - https:\/\/yoast.com\/product\/yoast-seo-wordpress\/ -->\n<title>TF1 Omega+ Filter - Fernox Spain<\/title>\n<meta name=\"robots\" content=\"index, follow, max-snippet:-1, max-image-preview:large, max-video-preview:-1\" \/>\n<link rel=\"canonical\" href=\"https:\/\/fernox.com\/es\/product\/tf1-omega-filter\/\" \/>\n<meta property=\"og:locale\" content=\"en_US\" \/>\n<meta property=\"og:type\" content=\"article\" \/>\n<meta property=\"og:title\" content=\"TF1 Omega+ Filter - Fernox Spain\" \/>\n<meta property=\"og:description\" content=\"TF1 Omega+ Filter es un filtro de sistemas de calefacci\u00f3n central de alto rendimiento dise\u00f1ado para sistemas de calefacci\u00f3n y refrigeraci\u00f3n de peque\u00f1os comercios. Utiliza la tecnolog\u00eda de separaci\u00f3n de part\u00edculas hidr\u00f3nicas (HPS, en sus siglas en ingl\u00e9s) y filtraci\u00f3n magn\u00e9tica para eliminar los restos magn\u00e9ticos y no magn\u00e9ticos del sistema, reduciendo riesgos de aver\u00edas [&hellip;]\" \/>\n<meta property=\"og:url\" content=\"https:\/\/fernox.com\/es\/product\/tf1-omega-filter\/\" \/>\n<meta property=\"og:site_name\" content=\"Fernox Spain\" \/>\n<meta property=\"article:modified_time\" content=\"2026-04-01T10:49:41+00:00\" \/>\n<meta property=\"og:image\" content=\"https:\/\/fernox.com\/es\/wp-content\/uploads\/sites\/42\/2025\/12\/62376-1LRS.jpg\" \/>\n\t<meta property=\"og:image:width\" content=\"600\" \/>\n\t<meta property=\"og:image:height\" content=\"600\" \/>\n\t<meta property=\"og:image:type\" content=\"image\/jpeg\" \/>\n<meta name=\"twitter:card\" content=\"summary_large_image\" \/>\n<meta name=\"twitter:label1\" content=\"Est. reading time\" \/>\n\t<meta name=\"twitter:data1\" content=\"1 minute\" \/>\n<script type=\"application\/ld+json\" class=\"yoast-schema-graph\">{\"@context\":\"https:\\\/\\\/schema.org\",\"@graph\":[{\"@type\":\"WebPage\",\"@id\":\"https:\\\/\\\/fernox.com\\\/es\\\/product\\\/tf1-omega-filter\\\/\",\"url\":\"https:\\\/\\\/fernox.com\\\/es\\\/product\\\/tf1-omega-filter\\\/\",\"name\":\"TF1 Omega+ Filter - Fernox Spain\",\"isPartOf\":{\"@id\":\"https:\\\/\\\/fernox.com\\\/es\\\/#website\"},\"primaryImageOfPage\":{\"@id\":\"https:\\\/\\\/fernox.com\\\/es\\\/product\\\/tf1-omega-filter\\\/#primaryimage\"},\"image\":{\"@id\":\"https:\\\/\\\/fernox.com\\\/es\\\/product\\\/tf1-omega-filter\\\/#primaryimage\"},\"thumbnailUrl\":\"https:\\\/\\\/fernox.com\\\/es\\\/wp-content\\\/uploads\\\/sites\\\/42\\\/2025\\\/12\\\/62376-1LRS.jpg\",\"datePublished\":\"2026-03-30T05:02:28+00:00\",\"dateModified\":\"2026-04-01T10:49:41+00:00\",\"breadcrumb\":{\"@id\":\"https:\\\/\\\/fernox.com\\\/es\\\/product\\\/tf1-omega-filter\\\/#breadcrumb\"},\"inLanguage\":\"en-US\",\"potentialAction\":[{\"@type\":\"ReadAction\",\"target\":[\"https:\\\/\\\/fernox.com\\\/es\\\/product\\\/tf1-omega-filter\\\/\"]}]},{\"@type\":\"ImageObject\",\"inLanguage\":\"en-US\",\"@id\":\"https:\\\/\\\/fernox.com\\\/es\\\/product\\\/tf1-omega-filter\\\/#primaryimage\",\"url\":\"https:\\\/\\\/fernox.com\\\/es\\\/wp-content\\\/uploads\\\/sites\\\/42\\\/2025\\\/12\\\/62376-1LRS.jpg\",\"contentUrl\":\"https:\\\/\\\/fernox.com\\\/es\\\/wp-content\\\/uploads\\\/sites\\\/42\\\/2025\\\/12\\\/62376-1LRS.jpg\",\"width\":600,\"height\":600},{\"@type\":\"BreadcrumbList\",\"@id\":\"https:\\\/\\\/fernox.com\\\/es\\\/product\\\/tf1-omega-filter\\\/#breadcrumb\",\"itemListElement\":[{\"@type\":\"ListItem\",\"position\":1,\"name\":\"Home\",\"item\":\"https:\\\/\\\/fernox.com\\\/es\\\/\"},{\"@type\":\"ListItem\",\"position\":2,\"name\":\"Products\",\"item\":\"https:\\\/\\\/fernox.com\\\/es\\\/shop\\\/\"},{\"@type\":\"ListItem\",\"position\":3,\"name\":\"TF1 Omega+ Filter\"}]},{\"@type\":\"WebSite\",\"@id\":\"https:\\\/\\\/fernox.com\\\/es\\\/#website\",\"url\":\"https:\\\/\\\/fernox.com\\\/es\\\/\",\"name\":\"Fernox Spain\",\"description\":\"\",\"publisher\":{\"@id\":\"https:\\\/\\\/fernox.com\\\/es\\\/#organization\"},\"potentialAction\":[{\"@type\":\"SearchAction\",\"target\":{\"@type\":\"EntryPoint\",\"urlTemplate\":\"https:\\\/\\\/fernox.com\\\/es\\\/?s={search_term_string}\"},\"query-input\":{\"@type\":\"PropertyValueSpecification\",\"valueRequired\":true,\"valueName\":\"search_term_string\"}}],\"inLanguage\":\"en-US\"},{\"@type\":\"Organization\",\"@id\":\"https:\\\/\\\/fernox.com\\\/es\\\/#organization\",\"name\":\"Fernox Spain\",\"url\":\"https:\\\/\\\/fernox.com\\\/es\\\/\",\"logo\":{\"@type\":\"ImageObject\",\"inLanguage\":\"en-US\",\"@id\":\"https:\\\/\\\/fernox.com\\\/es\\\/#\\\/schema\\\/logo\\\/image\\\/\",\"url\":\"https:\\\/\\\/fernox.com\\\/es\\\/wp-content\\\/uploads\\\/sites\\\/42\\\/2020\\\/11\\\/cropped-fernox-Logo-transparent.png\",\"contentUrl\":\"https:\\\/\\\/fernox.com\\\/es\\\/wp-content\\\/uploads\\\/sites\\\/42\\\/2020\\\/11\\\/cropped-fernox-Logo-transparent.png\",\"width\":664,\"height\":150,\"caption\":\"Fernox Spain\"},\"image\":{\"@id\":\"https:\\\/\\\/fernox.com\\\/es\\\/#\\\/schema\\\/logo\\\/image\\\/\"}}]}<\/script>\n<!-- \/ Yoast SEO plugin. -->","yoast_head_json":{"title":"TF1 Omega+ Filter - Fernox Spain","robots":{"index":"index","follow":"follow","max-snippet":"max-snippet:-1","max-image-preview":"max-image-preview:large","max-video-preview":"max-video-preview:-1"},"canonical":"https:\/\/fernox.com\/es\/product\/tf1-omega-filter\/","og_locale":"en_US","og_type":"article","og_title":"TF1 Omega+ Filter - Fernox Spain","og_description":"TF1 Omega+ Filter es un filtro de sistemas de calefacci\u00f3n central de alto rendimiento dise\u00f1ado para sistemas de calefacci\u00f3n y refrigeraci\u00f3n de peque\u00f1os comercios. Utiliza la tecnolog\u00eda de separaci\u00f3n de part\u00edculas hidr\u00f3nicas (HPS, en sus siglas en ingl\u00e9s) y filtraci\u00f3n magn\u00e9tica para eliminar los restos magn\u00e9ticos y no magn\u00e9ticos del sistema, reduciendo riesgos de aver\u00edas [&hellip;]","og_url":"https:\/\/fernox.com\/es\/product\/tf1-omega-filter\/","og_site_name":"Fernox Spain","article_modified_time":"2026-04-01T10:49:41+00:00","og_image":[{"width":600,"height":600,"url":"https:\/\/fernox.com\/es\/wp-content\/uploads\/sites\/42\/2025\/12\/62376-1LRS.jpg","type":"image\/jpeg"}],"twitter_card":"summary_large_image","twitter_misc":{"Est. reading time":"1 minute"},"schema":{"@context":"https:\/\/schema.org","@graph":[{"@type":"WebPage","@id":"https:\/\/fernox.com\/es\/product\/tf1-omega-filter\/","url":"https:\/\/fernox.com\/es\/product\/tf1-omega-filter\/","name":"TF1 Omega+ Filter - Fernox Spain","isPartOf":{"@id":"https:\/\/fernox.com\/es\/#website"},"primaryImageOfPage":{"@id":"https:\/\/fernox.com\/es\/product\/tf1-omega-filter\/#primaryimage"},"image":{"@id":"https:\/\/fernox.com\/es\/product\/tf1-omega-filter\/#primaryimage"},"thumbnailUrl":"https:\/\/fernox.com\/es\/wp-content\/uploads\/sites\/42\/2025\/12\/62376-1LRS.jpg","datePublished":"2026-03-30T05:02:28+00:00","dateModified":"2026-04-01T10:49:41+00:00","breadcrumb":{"@id":"https:\/\/fernox.com\/es\/product\/tf1-omega-filter\/#breadcrumb"},"inLanguage":"en-US","potentialAction":[{"@type":"ReadAction","target":["https:\/\/fernox.com\/es\/product\/tf1-omega-filter\/"]}]},{"@type":"ImageObject","inLanguage":"en-US","@id":"https:\/\/fernox.com\/es\/product\/tf1-omega-filter\/#primaryimage","url":"https:\/\/fernox.com\/es\/wp-content\/uploads\/sites\/42\/2025\/12\/62376-1LRS.jpg","contentUrl":"https:\/\/fernox.com\/es\/wp-content\/uploads\/sites\/42\/2025\/12\/62376-1LRS.jpg","width":600,"height":600},{"@type":"BreadcrumbList","@id":"https:\/\/fernox.com\/es\/product\/tf1-omega-filter\/#breadcrumb","itemListElement":[{"@type":"ListItem","position":1,"name":"Home","item":"https:\/\/fernox.com\/es\/"},{"@type":"ListItem","position":2,"name":"Products","item":"https:\/\/fernox.com\/es\/shop\/"},{"@type":"ListItem","position":3,"name":"TF1 Omega+ Filter"}]},{"@type":"WebSite","@id":"https:\/\/fernox.com\/es\/#website","url":"https:\/\/fernox.com\/es\/","name":"Fernox Spain","description":"","publisher":{"@id":"https:\/\/fernox.com\/es\/#organization"},"potentialAction":[{"@type":"SearchAction","target":{"@type":"EntryPoint","urlTemplate":"https:\/\/fernox.com\/es\/?s={search_term_string}"},"query-input":{"@type":"PropertyValueSpecification","valueRequired":true,"valueName":"search_term_string"}}],"inLanguage":"en-US"},{"@type":"Organization","@id":"https:\/\/fernox.com\/es\/#organization","name":"Fernox Spain","url":"https:\/\/fernox.com\/es\/","logo":{"@type":"ImageObject","inLanguage":"en-US","@id":"https:\/\/fernox.com\/es\/#\/schema\/logo\/image\/","url":"https:\/\/fernox.com\/es\/wp-content\/uploads\/sites\/42\/2020\/11\/cropped-fernox-Logo-transparent.png","contentUrl":"https:\/\/fernox.com\/es\/wp-content\/uploads\/sites\/42\/2020\/11\/cropped-fernox-Logo-transparent.png","width":664,"height":150,"caption":"Fernox Spain"},"image":{"@id":"https:\/\/fernox.com\/es\/#\/schema\/logo\/image\/"}}]}},"_links":{"self":[{"href":"https:\/\/fernox.com\/es\/wp-json\/wp\/v2\/product\/46211","targetHints":{"allow":["GET"]}}],"collection":[{"href":"https:\/\/fernox.com\/es\/wp-json\/wp\/v2\/product"}],"about":[{"href":"https:\/\/fernox.com\/es\/wp-json\/wp\/v2\/types\/product"}],"wp:featuredmedia":[{"embeddable":true,"href":"https:\/\/fernox.com\/es\/wp-json\/wp\/v2\/media\/46521"}],"wp:attachment":[{"href":"https:\/\/fernox.com\/es\/wp-json\/wp\/v2\/media?parent=46211"}],"wp:term":[{"taxonomy":"product_brand","embeddable":true,"href":"https:\/\/fernox.com\/es\/wp-json\/wp\/v2\/product_brand?post=46211"},{"taxonomy":"product_cat","embeddable":true,"href":"https:\/\/fernox.com\/es\/wp-json\/wp\/v2\/product_cat?post=46211"},{"taxonomy":"product_tag","embeddable":true,"href":"https:\/\/fernox.com\/es\/wp-json\/wp\/v2\/product_tag?post=46211"}],"curies":[{"name":"wp","href":"https:\/\/api.w.org\/{rel}","templated":true}]}}