{"id":46204,"date":"2026-03-30T07:02:28","date_gmt":"2026-03-30T05:02:28","guid":{"rendered":"https:\/\/fernox.com\/es\/product\/tf1-delta-filter\/"},"modified":"2026-03-30T07:02:33","modified_gmt":"2026-03-30T05:02:33","slug":"tf1-delta-filter","status":"publish","type":"product","link":"https:\/\/fernox.com\/es\/product\/tf1-delta-filter\/","title":{"rendered":"TF1 Delta Filter"},"content":{"rendered":"<p>Dise\u00f1ado con precisi\u00f3n, Fernox TF1 Delta Filter es un filtro de sistema en l\u00ednea de lat\u00f3n niquelado de alta calidad dise\u00f1ado espec\u00edficamente para proteger componentes vitales y costosos en sistemas comerciales de calefacci\u00f3n y refrigeraci\u00f3n de gran volumen y baja temperatura. TF1 Delta Filter tiene tres m\u00e9todos de filtraci\u00f3n, magn\u00e9tico, hidrocicl\u00f3nico y desaireaci\u00f3n autom\u00e1tica o manual.  Protege los componentes esenciales de los restos magn\u00e9ticos y no magn\u00e9ticos, a la vez que elimina el aire atrapado del sistema de agua. E f\u00e1cil de instalar, servicio y limpieza en el sitio, mientras el sistema est\u00e1 operacional y se puede usar en l\u00ednea o en derivaci\u00f3n<\/p>\n<ul>\n<li>\u00d3ptimo rendimiento con la filtraci\u00f3n magn\u00e9tica e hidrocicl\u00f3nica para sistemas comerciales de gran tama\u00f1o\n<\/li>\n<li>R\u00e1pido y sencillo de instalar cercano a la pared (con muy pocas modificaciones de tuber\u00edas) Encaja en tuber\u00edas verticales y horizontales en ambas direcciones de flujo\n<\/li>\n<li>Presi\u00f3n m\u00e1xima de trabajo de 16 bar (232 psi)\n<\/li>\n<li>Salida de aire autom\u00e1tica con v\u00e1lvula de cierre autom\u00e1tico: 12 bar (174 psi)\n<\/li>\n<li>Im\u00e1n de neodimio de alto grado y alta temperatura\n<\/li>\n<li>5 a\u00f1os de garant\u00eda<br \/>\n<\/li>\n<\/ul>\n","protected":false},"excerpt":{"rendered":"<p>Dise\u00f1ado con precisi\u00f3n, Fernox TF1 Delta Filter es un filtro de sistema en l\u00ednea de lat\u00f3n niquelado de alta calidad dise\u00f1ado espec\u00edficamente para proteger componentes vitales y costosos en sistemas comerciales de calefacci\u00f3n y refrigeraci\u00f3n de gran volumen y baja temperatura. TF1 Delta Filter tiene tres m\u00e9todos de filtraci\u00f3n, magn\u00e9tico, hidrocicl\u00f3nico y desaireaci\u00f3n autom\u00e1tica o [&hellip;]<\/p>\n","protected":false},"featured_media":46516,"template":"","meta":{"_acf_changed":false},"product_brand":[],"product_cat":[461,174,176],"product_tag":[],"class_list":{"0":"post-46204","1":"product","2":"type-product","3":"status-publish","4":"has-post-thumbnail","6":"product_cat-commercial-rangedevices","7":"product_cat-filters","8":"product_cat-commercial-range","9":"pa_tamano-de-conexion-metrico-476","10":"pa_tipo-de-ajuste-with-valves","12":"first","13":"instock","14":"purchasable","15":"product-type-simple"},"acf":[],"yoast_head":"<!-- This site is optimized with the Yoast SEO plugin v27.3 - https:\/\/yoast.com\/product\/yoast-seo-wordpress\/ -->\n<title>TF1 Delta Filter - Fernox Spain<\/title>\n<meta name=\"robots\" content=\"index, follow, max-snippet:-1, max-image-preview:large, max-video-preview:-1\" \/>\n<link rel=\"canonical\" href=\"https:\/\/fernox.com\/es\/product\/tf1-delta-filter\/\" \/>\n<meta property=\"og:locale\" content=\"en_US\" \/>\n<meta property=\"og:type\" content=\"article\" \/>\n<meta property=\"og:title\" content=\"TF1 Delta Filter - Fernox Spain\" \/>\n<meta property=\"og:description\" content=\"Dise\u00f1ado con precisi\u00f3n, Fernox TF1 Delta Filter es un filtro de sistema en l\u00ednea de lat\u00f3n niquelado de alta calidad dise\u00f1ado espec\u00edficamente para proteger componentes vitales y costosos en sistemas comerciales de calefacci\u00f3n y refrigeraci\u00f3n de gran volumen y baja temperatura. TF1 Delta Filter tiene tres m\u00e9todos de filtraci\u00f3n, magn\u00e9tico, hidrocicl\u00f3nico y desaireaci\u00f3n autom\u00e1tica o [&hellip;]\" \/>\n<meta property=\"og:url\" content=\"https:\/\/fernox.com\/es\/product\/tf1-delta-filter\/\" \/>\n<meta property=\"og:site_name\" content=\"Fernox Spain\" \/>\n<meta property=\"article:modified_time\" content=\"2026-03-30T05:02:33+00:00\" \/>\n<meta property=\"og:image\" content=\"https:\/\/fernox.com\/es\/wp-content\/uploads\/sites\/42\/2025\/12\/62226-1LRS.jpg\" \/>\n\t<meta property=\"og:image:width\" content=\"600\" \/>\n\t<meta property=\"og:image:height\" content=\"600\" \/>\n\t<meta property=\"og:image:type\" content=\"image\/jpeg\" \/>\n<meta name=\"twitter:card\" content=\"summary_large_image\" \/>\n<meta name=\"twitter:label1\" content=\"Est. reading time\" \/>\n\t<meta name=\"twitter:data1\" content=\"1 minute\" \/>\n<script type=\"application\/ld+json\" class=\"yoast-schema-graph\">{\"@context\":\"https:\\\/\\\/schema.org\",\"@graph\":[{\"@type\":\"WebPage\",\"@id\":\"https:\\\/\\\/fernox.com\\\/es\\\/product\\\/tf1-delta-filter\\\/\",\"url\":\"https:\\\/\\\/fernox.com\\\/es\\\/product\\\/tf1-delta-filter\\\/\",\"name\":\"TF1 Delta Filter - Fernox Spain\",\"isPartOf\":{\"@id\":\"https:\\\/\\\/fernox.com\\\/es\\\/#website\"},\"primaryImageOfPage\":{\"@id\":\"https:\\\/\\\/fernox.com\\\/es\\\/product\\\/tf1-delta-filter\\\/#primaryimage\"},\"image\":{\"@id\":\"https:\\\/\\\/fernox.com\\\/es\\\/product\\\/tf1-delta-filter\\\/#primaryimage\"},\"thumbnailUrl\":\"https:\\\/\\\/fernox.com\\\/es\\\/wp-content\\\/uploads\\\/sites\\\/42\\\/2025\\\/12\\\/62226-1LRS.jpg\",\"datePublished\":\"2026-03-30T05:02:28+00:00\",\"dateModified\":\"2026-03-30T05:02:33+00:00\",\"breadcrumb\":{\"@id\":\"https:\\\/\\\/fernox.com\\\/es\\\/product\\\/tf1-delta-filter\\\/#breadcrumb\"},\"inLanguage\":\"en-US\",\"potentialAction\":[{\"@type\":\"ReadAction\",\"target\":[\"https:\\\/\\\/fernox.com\\\/es\\\/product\\\/tf1-delta-filter\\\/\"]}]},{\"@type\":\"ImageObject\",\"inLanguage\":\"en-US\",\"@id\":\"https:\\\/\\\/fernox.com\\\/es\\\/product\\\/tf1-delta-filter\\\/#primaryimage\",\"url\":\"https:\\\/\\\/fernox.com\\\/es\\\/wp-content\\\/uploads\\\/sites\\\/42\\\/2025\\\/12\\\/62226-1LRS.jpg\",\"contentUrl\":\"https:\\\/\\\/fernox.com\\\/es\\\/wp-content\\\/uploads\\\/sites\\\/42\\\/2025\\\/12\\\/62226-1LRS.jpg\",\"width\":600,\"height\":600},{\"@type\":\"BreadcrumbList\",\"@id\":\"https:\\\/\\\/fernox.com\\\/es\\\/product\\\/tf1-delta-filter\\\/#breadcrumb\",\"itemListElement\":[{\"@type\":\"ListItem\",\"position\":1,\"name\":\"Home\",\"item\":\"https:\\\/\\\/fernox.com\\\/es\\\/\"},{\"@type\":\"ListItem\",\"position\":2,\"name\":\"Products\",\"item\":\"https:\\\/\\\/fernox.com\\\/es\\\/shop\\\/\"},{\"@type\":\"ListItem\",\"position\":3,\"name\":\"TF1 Delta Filter\"}]},{\"@type\":\"WebSite\",\"@id\":\"https:\\\/\\\/fernox.com\\\/es\\\/#website\",\"url\":\"https:\\\/\\\/fernox.com\\\/es\\\/\",\"name\":\"Fernox Spain\",\"description\":\"\",\"publisher\":{\"@id\":\"https:\\\/\\\/fernox.com\\\/es\\\/#organization\"},\"potentialAction\":[{\"@type\":\"SearchAction\",\"target\":{\"@type\":\"EntryPoint\",\"urlTemplate\":\"https:\\\/\\\/fernox.com\\\/es\\\/?s={search_term_string}\"},\"query-input\":{\"@type\":\"PropertyValueSpecification\",\"valueRequired\":true,\"valueName\":\"search_term_string\"}}],\"inLanguage\":\"en-US\"},{\"@type\":\"Organization\",\"@id\":\"https:\\\/\\\/fernox.com\\\/es\\\/#organization\",\"name\":\"Fernox Spain\",\"url\":\"https:\\\/\\\/fernox.com\\\/es\\\/\",\"logo\":{\"@type\":\"ImageObject\",\"inLanguage\":\"en-US\",\"@id\":\"https:\\\/\\\/fernox.com\\\/es\\\/#\\\/schema\\\/logo\\\/image\\\/\",\"url\":\"https:\\\/\\\/fernox.com\\\/es\\\/wp-content\\\/uploads\\\/sites\\\/42\\\/2020\\\/11\\\/cropped-fernox-Logo-transparent.png\",\"contentUrl\":\"https:\\\/\\\/fernox.com\\\/es\\\/wp-content\\\/uploads\\\/sites\\\/42\\\/2020\\\/11\\\/cropped-fernox-Logo-transparent.png\",\"width\":664,\"height\":150,\"caption\":\"Fernox Spain\"},\"image\":{\"@id\":\"https:\\\/\\\/fernox.com\\\/es\\\/#\\\/schema\\\/logo\\\/image\\\/\"}}]}<\/script>\n<!-- \/ Yoast SEO plugin. -->","yoast_head_json":{"title":"TF1 Delta Filter - Fernox Spain","robots":{"index":"index","follow":"follow","max-snippet":"max-snippet:-1","max-image-preview":"max-image-preview:large","max-video-preview":"max-video-preview:-1"},"canonical":"https:\/\/fernox.com\/es\/product\/tf1-delta-filter\/","og_locale":"en_US","og_type":"article","og_title":"TF1 Delta Filter - Fernox Spain","og_description":"Dise\u00f1ado con precisi\u00f3n, Fernox TF1 Delta Filter es un filtro de sistema en l\u00ednea de lat\u00f3n niquelado de alta calidad dise\u00f1ado espec\u00edficamente para proteger componentes vitales y costosos en sistemas comerciales de calefacci\u00f3n y refrigeraci\u00f3n de gran volumen y baja temperatura. TF1 Delta Filter tiene tres m\u00e9todos de filtraci\u00f3n, magn\u00e9tico, hidrocicl\u00f3nico y desaireaci\u00f3n autom\u00e1tica o [&hellip;]","og_url":"https:\/\/fernox.com\/es\/product\/tf1-delta-filter\/","og_site_name":"Fernox Spain","article_modified_time":"2026-03-30T05:02:33+00:00","og_image":[{"width":600,"height":600,"url":"https:\/\/fernox.com\/es\/wp-content\/uploads\/sites\/42\/2025\/12\/62226-1LRS.jpg","type":"image\/jpeg"}],"twitter_card":"summary_large_image","twitter_misc":{"Est. reading time":"1 minute"},"schema":{"@context":"https:\/\/schema.org","@graph":[{"@type":"WebPage","@id":"https:\/\/fernox.com\/es\/product\/tf1-delta-filter\/","url":"https:\/\/fernox.com\/es\/product\/tf1-delta-filter\/","name":"TF1 Delta Filter - Fernox Spain","isPartOf":{"@id":"https:\/\/fernox.com\/es\/#website"},"primaryImageOfPage":{"@id":"https:\/\/fernox.com\/es\/product\/tf1-delta-filter\/#primaryimage"},"image":{"@id":"https:\/\/fernox.com\/es\/product\/tf1-delta-filter\/#primaryimage"},"thumbnailUrl":"https:\/\/fernox.com\/es\/wp-content\/uploads\/sites\/42\/2025\/12\/62226-1LRS.jpg","datePublished":"2026-03-30T05:02:28+00:00","dateModified":"2026-03-30T05:02:33+00:00","breadcrumb":{"@id":"https:\/\/fernox.com\/es\/product\/tf1-delta-filter\/#breadcrumb"},"inLanguage":"en-US","potentialAction":[{"@type":"ReadAction","target":["https:\/\/fernox.com\/es\/product\/tf1-delta-filter\/"]}]},{"@type":"ImageObject","inLanguage":"en-US","@id":"https:\/\/fernox.com\/es\/product\/tf1-delta-filter\/#primaryimage","url":"https:\/\/fernox.com\/es\/wp-content\/uploads\/sites\/42\/2025\/12\/62226-1LRS.jpg","contentUrl":"https:\/\/fernox.com\/es\/wp-content\/uploads\/sites\/42\/2025\/12\/62226-1LRS.jpg","width":600,"height":600},{"@type":"BreadcrumbList","@id":"https:\/\/fernox.com\/es\/product\/tf1-delta-filter\/#breadcrumb","itemListElement":[{"@type":"ListItem","position":1,"name":"Home","item":"https:\/\/fernox.com\/es\/"},{"@type":"ListItem","position":2,"name":"Products","item":"https:\/\/fernox.com\/es\/shop\/"},{"@type":"ListItem","position":3,"name":"TF1 Delta Filter"}]},{"@type":"WebSite","@id":"https:\/\/fernox.com\/es\/#website","url":"https:\/\/fernox.com\/es\/","name":"Fernox Spain","description":"","publisher":{"@id":"https:\/\/fernox.com\/es\/#organization"},"potentialAction":[{"@type":"SearchAction","target":{"@type":"EntryPoint","urlTemplate":"https:\/\/fernox.com\/es\/?s={search_term_string}"},"query-input":{"@type":"PropertyValueSpecification","valueRequired":true,"valueName":"search_term_string"}}],"inLanguage":"en-US"},{"@type":"Organization","@id":"https:\/\/fernox.com\/es\/#organization","name":"Fernox Spain","url":"https:\/\/fernox.com\/es\/","logo":{"@type":"ImageObject","inLanguage":"en-US","@id":"https:\/\/fernox.com\/es\/#\/schema\/logo\/image\/","url":"https:\/\/fernox.com\/es\/wp-content\/uploads\/sites\/42\/2020\/11\/cropped-fernox-Logo-transparent.png","contentUrl":"https:\/\/fernox.com\/es\/wp-content\/uploads\/sites\/42\/2020\/11\/cropped-fernox-Logo-transparent.png","width":664,"height":150,"caption":"Fernox Spain"},"image":{"@id":"https:\/\/fernox.com\/es\/#\/schema\/logo\/image\/"}}]}},"_links":{"self":[{"href":"https:\/\/fernox.com\/es\/wp-json\/wp\/v2\/product\/46204","targetHints":{"allow":["GET"]}}],"collection":[{"href":"https:\/\/fernox.com\/es\/wp-json\/wp\/v2\/product"}],"about":[{"href":"https:\/\/fernox.com\/es\/wp-json\/wp\/v2\/types\/product"}],"wp:featuredmedia":[{"embeddable":true,"href":"https:\/\/fernox.com\/es\/wp-json\/wp\/v2\/media\/46516"}],"wp:attachment":[{"href":"https:\/\/fernox.com\/es\/wp-json\/wp\/v2\/media?parent=46204"}],"wp:term":[{"taxonomy":"product_brand","embeddable":true,"href":"https:\/\/fernox.com\/es\/wp-json\/wp\/v2\/product_brand?post=46204"},{"taxonomy":"product_cat","embeddable":true,"href":"https:\/\/fernox.com\/es\/wp-json\/wp\/v2\/product_cat?post=46204"},{"taxonomy":"product_tag","embeddable":true,"href":"https:\/\/fernox.com\/es\/wp-json\/wp\/v2\/product_tag?post=46204"}],"curies":[{"name":"wp","href":"https:\/\/api.w.org\/{rel}","templated":true}]}}