{"id":46193,"date":"2026-04-30T06:02:04","date_gmt":"2026-04-30T04:02:04","guid":{"rendered":"https:\/\/fernox.com\/es\/product\/tf1-sigma-filter-thermal-cover\/"},"modified":"2026-04-30T06:02:05","modified_gmt":"2026-04-30T04:02:05","slug":"tf1-sigma-filter-thermal-cover","status":"publish","type":"product","link":"https:\/\/fernox.com\/es\/product\/tf1-sigma-filter-thermal-cover\/","title":{"rendered":"TF1 Sigma Filter Thermal Cover"},"content":{"rendered":"<p>Fabricada en polipropileno expandido (EPP), la cubierta t\u00e9rmica para filtros Fernox TF1 Sigma se utiliza para aislar los filtros TF1 Sigma y TF1 Sigma HP con el fin de minimizar la p\u00e9rdida de calor del sistema y maximizar la eficiencia energ\u00e9tica.<\/p>\n<ul>\n<li>Una carcasa resistente y duradera.\n<\/li>\n<li>Reducci\u00f3n de la p\u00e9rdida de calor\n<\/li>\n<li>Mayor eficiencia del sistema de calefacci\u00f3n\n<p><\/li>\n<\/ul>\n","protected":false},"excerpt":{"rendered":"<p>Fabricada en polipropileno expandido (EPP), la cubierta t\u00e9rmica para filtros Fernox TF1 Sigma se utiliza para aislar los filtros TF1 Sigma y TF1 Sigma HP con el fin de minimizar la p\u00e9rdida de calor del sistema y maximizar la eficiencia energ\u00e9tica. Una carcasa resistente y duradera. Reducci\u00f3n de la p\u00e9rdida de calor Mayor eficiencia del [&hellip;]<\/p>\n","protected":false},"featured_media":46490,"template":"","meta":{"_acf_changed":false},"product_brand":[],"product_cat":[174],"product_tag":[],"class_list":{"0":"post-46193","1":"product","2":"type-product","3":"status-publish","4":"has-post-thumbnail","6":"product_cat-filters","7":"pa_tipo-de-ajuste-tailored-fit","9":"first","10":"instock","11":"purchasable","12":"product-type-simple"},"acf":[],"_links":{"self":[{"href":"https:\/\/fernox.com\/es\/wp-json\/wp\/v2\/product\/46193","targetHints":{"allow":["GET"]}}],"collection":[{"href":"https:\/\/fernox.com\/es\/wp-json\/wp\/v2\/product"}],"about":[{"href":"https:\/\/fernox.com\/es\/wp-json\/wp\/v2\/types\/product"}],"wp:featuredmedia":[{"embeddable":true,"href":"https:\/\/fernox.com\/es\/wp-json\/wp\/v2\/media\/46490"}],"wp:attachment":[{"href":"https:\/\/fernox.com\/es\/wp-json\/wp\/v2\/media?parent=46193"}],"wp:term":[{"taxonomy":"product_brand","embeddable":true,"href":"https:\/\/fernox.com\/es\/wp-json\/wp\/v2\/product_brand?post=46193"},{"taxonomy":"product_cat","embeddable":true,"href":"https:\/\/fernox.com\/es\/wp-json\/wp\/v2\/product_cat?post=46193"},{"taxonomy":"product_tag","embeddable":true,"href":"https:\/\/fernox.com\/es\/wp-json\/wp\/v2\/product_tag?post=46193"}],"curies":[{"name":"wp","href":"https:\/\/api.w.org\/{rel}","templated":true}]}}