{"id":46192,"date":"2026-04-27T06:02:20","date_gmt":"2026-04-27T04:02:20","guid":{"rendered":"https:\/\/fernox.com\/es\/product\/tf1-omega-filter-thermal-cover\/"},"modified":"2026-04-27T06:02:21","modified_gmt":"2026-04-27T04:02:21","slug":"tf1-omega-filter-thermal-cover","status":"publish","type":"product","link":"https:\/\/fernox.com\/es\/product\/tf1-omega-filter-thermal-cover\/","title":{"rendered":"TF1 Omega Filter Thermal Cover"},"content":{"rendered":"<p>Fabricada en polipropileno expandido (EPP), la cubierta t\u00e9rmica para filtros Fernox TF1 Omega se utiliza para aislar los filtros en l\u00ednea instalados en sistemas de calefacci\u00f3n central con el fin de minimizar la p\u00e9rdida de calor del sistema y maximizar la eficiencia energ\u00e9tica.<\/p>\n<ul>\n<li>Una carcasa resistente y duradera\n<\/li>\n<li>Reducci\u00f3n de la p\u00e9rdida de calor\n<\/li>\n<li>Mayor eficiencia del sistema de calefacci\u00f3n\n<p><\/li>\n<\/ul>\n","protected":false},"excerpt":{"rendered":"<p>Fabricada en polipropileno expandido (EPP), la cubierta t\u00e9rmica para filtros Fernox TF1 Omega se utiliza para aislar los filtros en l\u00ednea instalados en sistemas de calefacci\u00f3n central con el fin de minimizar la p\u00e9rdida de calor del sistema y maximizar la eficiencia energ\u00e9tica. Una carcasa resistente y duradera Reducci\u00f3n de la p\u00e9rdida de calor Mayor [&hellip;]<\/p>\n","protected":false},"featured_media":46489,"template":"","meta":{"_acf_changed":false},"product_brand":[],"product_cat":[174],"product_tag":[],"class_list":{"0":"post-46192","1":"product","2":"type-product","3":"status-publish","4":"has-post-thumbnail","6":"product_cat-filters","7":"pa_tipo-de-ajuste-tailored-fit","9":"first","10":"instock","11":"purchasable","12":"product-type-simple"},"acf":[],"_links":{"self":[{"href":"https:\/\/fernox.com\/es\/wp-json\/wp\/v2\/product\/46192","targetHints":{"allow":["GET"]}}],"collection":[{"href":"https:\/\/fernox.com\/es\/wp-json\/wp\/v2\/product"}],"about":[{"href":"https:\/\/fernox.com\/es\/wp-json\/wp\/v2\/types\/product"}],"wp:featuredmedia":[{"embeddable":true,"href":"https:\/\/fernox.com\/es\/wp-json\/wp\/v2\/media\/46489"}],"wp:attachment":[{"href":"https:\/\/fernox.com\/es\/wp-json\/wp\/v2\/media?parent=46192"}],"wp:term":[{"taxonomy":"product_brand","embeddable":true,"href":"https:\/\/fernox.com\/es\/wp-json\/wp\/v2\/product_brand?post=46192"},{"taxonomy":"product_cat","embeddable":true,"href":"https:\/\/fernox.com\/es\/wp-json\/wp\/v2\/product_cat?post=46192"},{"taxonomy":"product_tag","embeddable":true,"href":"https:\/\/fernox.com\/es\/wp-json\/wp\/v2\/product_tag?post=46192"}],"curies":[{"name":"wp","href":"https:\/\/api.w.org\/{rel}","templated":true}]}}