{"id":46188,"date":"2026-03-30T07:02:49","date_gmt":"2026-03-30T05:02:49","guid":{"rendered":"https:\/\/fernox.com\/es\/product\/tf1-sigma-filter\/"},"modified":"2026-04-01T12:49:41","modified_gmt":"2026-04-01T10:49:41","slug":"tf1-sigma-filter","status":"publish","type":"product","link":"https:\/\/fernox.com\/es\/product\/tf1-sigma-filter\/","title":{"rendered":"TF1 Sigma Filter"},"content":{"rendered":"<p>Un filtro de sistema en l\u00ednea de alto rendimiento, dise\u00f1ado con precisi\u00f3n, el filtro Sigma TF1 utiliza un dise\u00f1o sellado sin tapa para una mayor fiabilidad y resistencia. Ideal para usarse en espacios reducidos gracias a su capacidad de ser posicionado en m\u00faltiples orientaciones de hasta 45\u2070. Este filtro de pl\u00e1stico compuesto f\u00e1cil de instalar encaja en tuber\u00edas verticales y horizontales, y funciona permitiendo que la acci\u00f3n de Separaci\u00f3n de Part\u00edculas Hidr\u00f3nicas (HPS, sus siglas en ingl\u00e9s) lleve los contaminantes al poderoso conjunto de im\u00e1n de la unidad para una extracci\u00f3n segura.<\/p>\n<ul>\n<li>Dise\u00f1o de sellado innovador, probado a presi\u00f3n, para maximizar la fiabilidad y promover una limpieza r\u00e1pida y f\u00e1cil a trav\u00e9s de la v\u00e1lvula de drenaje<\/li>\n<li>Acci\u00f3n \u00fanica, captura una gran variedad de desechos magn\u00e9ticos y no magn\u00e9ticos a trav\u00e9s de la tecnolog\u00eda HPS<\/li>\n<li>De construcci\u00f3n robusta y duradera, realizado con un pol\u00edmero de ingenier\u00eda reforzado con vidrio de alta calidad con colector de lat\u00f3n sobre pl\u00e1stico<\/li>\n<li>Dosificaci\u00f3n r\u00e1pida, c\u00f3moda y sin complicaciones a trav\u00e9s de la v\u00e1lvula de drenaje: menos tiempo in-situ cuando se realice el mantenimiento<\/li>\n<li>F\u00e1cil de instalar &#8211; encaja en tuber\u00edas de orientaci\u00f3n verticales y horizontales.<\/li>\n<li>No bloquea ni restringe el flujo<\/li>\n<\/ul>\n","protected":false},"excerpt":{"rendered":"<p>Un filtro de sistema en l\u00ednea de alto rendimiento, dise\u00f1ado con precisi\u00f3n, el filtro Sigma TF1 utiliza un dise\u00f1o sellado sin tapa para una mayor fiabilidad y resistencia. Ideal para usarse en espacios reducidos gracias a su capacidad de ser posicionado en m\u00faltiples orientaciones de hasta 45\u2070. Este filtro de pl\u00e1stico compuesto f\u00e1cil de instalar [&hellip;]<\/p>\n","protected":false},"featured_media":46484,"template":"","meta":{"_acf_changed":false},"product_brand":[],"product_cat":[174],"product_tag":[],"class_list":{"0":"post-46188","1":"product","2":"type-product","3":"status-publish","4":"has-post-thumbnail","6":"product_cat-filters","7":"pa_tamano-de-conexion-metrico-472","8":"pa_tamano-de-conexion-metrico-22mm","9":"pa_tamano-de-conexion-metrico-28mm","10":"pa_tamano-de-conexion-metrico-3-4","11":"pa_tipo-de-ajuste-bsp","12":"pa_tipo-de-ajuste-slip-socket","13":"pa_tipo-de-ajuste-with-valves","15":"first","16":"instock","17":"purchasable","18":"product-type-variable"},"acf":[],"yoast_head":"<!-- This site is optimized with the Yoast SEO plugin v27.3 - https:\/\/yoast.com\/product\/yoast-seo-wordpress\/ -->\n<title>TF1 Sigma Filter - Fernox Spain<\/title>\n<meta name=\"robots\" content=\"index, follow, max-snippet:-1, max-image-preview:large, max-video-preview:-1\" \/>\n<link rel=\"canonical\" href=\"https:\/\/fernox.com\/es\/product\/tf1-sigma-filter\/\" \/>\n<meta property=\"og:locale\" content=\"en_US\" \/>\n<meta property=\"og:type\" content=\"article\" \/>\n<meta property=\"og:title\" content=\"TF1 Sigma Filter - Fernox Spain\" \/>\n<meta property=\"og:description\" content=\"Un filtro de sistema en l\u00ednea de alto rendimiento, dise\u00f1ado con precisi\u00f3n, el filtro Sigma TF1 utiliza un dise\u00f1o sellado sin tapa para una mayor fiabilidad y resistencia. Ideal para usarse en espacios reducidos gracias a su capacidad de ser posicionado en m\u00faltiples orientaciones de hasta 45\u2070. Este filtro de pl\u00e1stico compuesto f\u00e1cil de instalar [&hellip;]\" \/>\n<meta property=\"og:url\" content=\"https:\/\/fernox.com\/es\/product\/tf1-sigma-filter\/\" \/>\n<meta property=\"og:site_name\" content=\"Fernox Spain\" \/>\n<meta property=\"article:modified_time\" content=\"2026-04-01T10:49:41+00:00\" \/>\n<meta property=\"og:image\" content=\"https:\/\/fernox.com\/es\/wp-content\/uploads\/sites\/42\/2025\/12\/62591-1LRS.jpg\" \/>\n\t<meta property=\"og:image:width\" content=\"600\" \/>\n\t<meta property=\"og:image:height\" content=\"600\" \/>\n\t<meta property=\"og:image:type\" content=\"image\/jpeg\" \/>\n<meta name=\"twitter:card\" content=\"summary_large_image\" \/>\n<meta name=\"twitter:label1\" content=\"Est. reading time\" \/>\n\t<meta name=\"twitter:data1\" content=\"1 minute\" \/>\n<script type=\"application\/ld+json\" class=\"yoast-schema-graph\">{\"@context\":\"https:\\\/\\\/schema.org\",\"@graph\":[{\"@type\":\"WebPage\",\"@id\":\"https:\\\/\\\/fernox.com\\\/es\\\/product\\\/tf1-sigma-filter\\\/\",\"url\":\"https:\\\/\\\/fernox.com\\\/es\\\/product\\\/tf1-sigma-filter\\\/\",\"name\":\"TF1 Sigma Filter - Fernox Spain\",\"isPartOf\":{\"@id\":\"https:\\\/\\\/fernox.com\\\/es\\\/#website\"},\"primaryImageOfPage\":{\"@id\":\"https:\\\/\\\/fernox.com\\\/es\\\/product\\\/tf1-sigma-filter\\\/#primaryimage\"},\"image\":{\"@id\":\"https:\\\/\\\/fernox.com\\\/es\\\/product\\\/tf1-sigma-filter\\\/#primaryimage\"},\"thumbnailUrl\":\"https:\\\/\\\/fernox.com\\\/es\\\/wp-content\\\/uploads\\\/sites\\\/42\\\/2025\\\/12\\\/62591-1LRS.jpg\",\"datePublished\":\"2026-03-30T05:02:49+00:00\",\"dateModified\":\"2026-04-01T10:49:41+00:00\",\"breadcrumb\":{\"@id\":\"https:\\\/\\\/fernox.com\\\/es\\\/product\\\/tf1-sigma-filter\\\/#breadcrumb\"},\"inLanguage\":\"en-US\",\"potentialAction\":[{\"@type\":\"ReadAction\",\"target\":[\"https:\\\/\\\/fernox.com\\\/es\\\/product\\\/tf1-sigma-filter\\\/\"]}]},{\"@type\":\"ImageObject\",\"inLanguage\":\"en-US\",\"@id\":\"https:\\\/\\\/fernox.com\\\/es\\\/product\\\/tf1-sigma-filter\\\/#primaryimage\",\"url\":\"https:\\\/\\\/fernox.com\\\/es\\\/wp-content\\\/uploads\\\/sites\\\/42\\\/2025\\\/12\\\/62591-1LRS.jpg\",\"contentUrl\":\"https:\\\/\\\/fernox.com\\\/es\\\/wp-content\\\/uploads\\\/sites\\\/42\\\/2025\\\/12\\\/62591-1LRS.jpg\",\"width\":600,\"height\":600},{\"@type\":\"BreadcrumbList\",\"@id\":\"https:\\\/\\\/fernox.com\\\/es\\\/product\\\/tf1-sigma-filter\\\/#breadcrumb\",\"itemListElement\":[{\"@type\":\"ListItem\",\"position\":1,\"name\":\"Home\",\"item\":\"https:\\\/\\\/fernox.com\\\/es\\\/\"},{\"@type\":\"ListItem\",\"position\":2,\"name\":\"Products\",\"item\":\"https:\\\/\\\/fernox.com\\\/es\\\/shop\\\/\"},{\"@type\":\"ListItem\",\"position\":3,\"name\":\"TF1 Sigma Filter\"}]},{\"@type\":\"WebSite\",\"@id\":\"https:\\\/\\\/fernox.com\\\/es\\\/#website\",\"url\":\"https:\\\/\\\/fernox.com\\\/es\\\/\",\"name\":\"Fernox Spain\",\"description\":\"\",\"publisher\":{\"@id\":\"https:\\\/\\\/fernox.com\\\/es\\\/#organization\"},\"potentialAction\":[{\"@type\":\"SearchAction\",\"target\":{\"@type\":\"EntryPoint\",\"urlTemplate\":\"https:\\\/\\\/fernox.com\\\/es\\\/?s={search_term_string}\"},\"query-input\":{\"@type\":\"PropertyValueSpecification\",\"valueRequired\":true,\"valueName\":\"search_term_string\"}}],\"inLanguage\":\"en-US\"},{\"@type\":\"Organization\",\"@id\":\"https:\\\/\\\/fernox.com\\\/es\\\/#organization\",\"name\":\"Fernox Spain\",\"url\":\"https:\\\/\\\/fernox.com\\\/es\\\/\",\"logo\":{\"@type\":\"ImageObject\",\"inLanguage\":\"en-US\",\"@id\":\"https:\\\/\\\/fernox.com\\\/es\\\/#\\\/schema\\\/logo\\\/image\\\/\",\"url\":\"https:\\\/\\\/fernox.com\\\/es\\\/wp-content\\\/uploads\\\/sites\\\/42\\\/2020\\\/11\\\/cropped-fernox-Logo-transparent.png\",\"contentUrl\":\"https:\\\/\\\/fernox.com\\\/es\\\/wp-content\\\/uploads\\\/sites\\\/42\\\/2020\\\/11\\\/cropped-fernox-Logo-transparent.png\",\"width\":664,\"height\":150,\"caption\":\"Fernox Spain\"},\"image\":{\"@id\":\"https:\\\/\\\/fernox.com\\\/es\\\/#\\\/schema\\\/logo\\\/image\\\/\"}}]}<\/script>\n<!-- \/ Yoast SEO plugin. -->","yoast_head_json":{"title":"TF1 Sigma Filter - Fernox Spain","robots":{"index":"index","follow":"follow","max-snippet":"max-snippet:-1","max-image-preview":"max-image-preview:large","max-video-preview":"max-video-preview:-1"},"canonical":"https:\/\/fernox.com\/es\/product\/tf1-sigma-filter\/","og_locale":"en_US","og_type":"article","og_title":"TF1 Sigma Filter - Fernox Spain","og_description":"Un filtro de sistema en l\u00ednea de alto rendimiento, dise\u00f1ado con precisi\u00f3n, el filtro Sigma TF1 utiliza un dise\u00f1o sellado sin tapa para una mayor fiabilidad y resistencia. Ideal para usarse en espacios reducidos gracias a su capacidad de ser posicionado en m\u00faltiples orientaciones de hasta 45\u2070. Este filtro de pl\u00e1stico compuesto f\u00e1cil de instalar [&hellip;]","og_url":"https:\/\/fernox.com\/es\/product\/tf1-sigma-filter\/","og_site_name":"Fernox Spain","article_modified_time":"2026-04-01T10:49:41+00:00","og_image":[{"width":600,"height":600,"url":"https:\/\/fernox.com\/es\/wp-content\/uploads\/sites\/42\/2025\/12\/62591-1LRS.jpg","type":"image\/jpeg"}],"twitter_card":"summary_large_image","twitter_misc":{"Est. reading time":"1 minute"},"schema":{"@context":"https:\/\/schema.org","@graph":[{"@type":"WebPage","@id":"https:\/\/fernox.com\/es\/product\/tf1-sigma-filter\/","url":"https:\/\/fernox.com\/es\/product\/tf1-sigma-filter\/","name":"TF1 Sigma Filter - Fernox Spain","isPartOf":{"@id":"https:\/\/fernox.com\/es\/#website"},"primaryImageOfPage":{"@id":"https:\/\/fernox.com\/es\/product\/tf1-sigma-filter\/#primaryimage"},"image":{"@id":"https:\/\/fernox.com\/es\/product\/tf1-sigma-filter\/#primaryimage"},"thumbnailUrl":"https:\/\/fernox.com\/es\/wp-content\/uploads\/sites\/42\/2025\/12\/62591-1LRS.jpg","datePublished":"2026-03-30T05:02:49+00:00","dateModified":"2026-04-01T10:49:41+00:00","breadcrumb":{"@id":"https:\/\/fernox.com\/es\/product\/tf1-sigma-filter\/#breadcrumb"},"inLanguage":"en-US","potentialAction":[{"@type":"ReadAction","target":["https:\/\/fernox.com\/es\/product\/tf1-sigma-filter\/"]}]},{"@type":"ImageObject","inLanguage":"en-US","@id":"https:\/\/fernox.com\/es\/product\/tf1-sigma-filter\/#primaryimage","url":"https:\/\/fernox.com\/es\/wp-content\/uploads\/sites\/42\/2025\/12\/62591-1LRS.jpg","contentUrl":"https:\/\/fernox.com\/es\/wp-content\/uploads\/sites\/42\/2025\/12\/62591-1LRS.jpg","width":600,"height":600},{"@type":"BreadcrumbList","@id":"https:\/\/fernox.com\/es\/product\/tf1-sigma-filter\/#breadcrumb","itemListElement":[{"@type":"ListItem","position":1,"name":"Home","item":"https:\/\/fernox.com\/es\/"},{"@type":"ListItem","position":2,"name":"Products","item":"https:\/\/fernox.com\/es\/shop\/"},{"@type":"ListItem","position":3,"name":"TF1 Sigma Filter"}]},{"@type":"WebSite","@id":"https:\/\/fernox.com\/es\/#website","url":"https:\/\/fernox.com\/es\/","name":"Fernox Spain","description":"","publisher":{"@id":"https:\/\/fernox.com\/es\/#organization"},"potentialAction":[{"@type":"SearchAction","target":{"@type":"EntryPoint","urlTemplate":"https:\/\/fernox.com\/es\/?s={search_term_string}"},"query-input":{"@type":"PropertyValueSpecification","valueRequired":true,"valueName":"search_term_string"}}],"inLanguage":"en-US"},{"@type":"Organization","@id":"https:\/\/fernox.com\/es\/#organization","name":"Fernox Spain","url":"https:\/\/fernox.com\/es\/","logo":{"@type":"ImageObject","inLanguage":"en-US","@id":"https:\/\/fernox.com\/es\/#\/schema\/logo\/image\/","url":"https:\/\/fernox.com\/es\/wp-content\/uploads\/sites\/42\/2020\/11\/cropped-fernox-Logo-transparent.png","contentUrl":"https:\/\/fernox.com\/es\/wp-content\/uploads\/sites\/42\/2020\/11\/cropped-fernox-Logo-transparent.png","width":664,"height":150,"caption":"Fernox Spain"},"image":{"@id":"https:\/\/fernox.com\/es\/#\/schema\/logo\/image\/"}}]}},"_links":{"self":[{"href":"https:\/\/fernox.com\/es\/wp-json\/wp\/v2\/product\/46188","targetHints":{"allow":["GET"]}}],"collection":[{"href":"https:\/\/fernox.com\/es\/wp-json\/wp\/v2\/product"}],"about":[{"href":"https:\/\/fernox.com\/es\/wp-json\/wp\/v2\/types\/product"}],"wp:featuredmedia":[{"embeddable":true,"href":"https:\/\/fernox.com\/es\/wp-json\/wp\/v2\/media\/46484"}],"wp:attachment":[{"href":"https:\/\/fernox.com\/es\/wp-json\/wp\/v2\/media?parent=46188"}],"wp:term":[{"taxonomy":"product_brand","embeddable":true,"href":"https:\/\/fernox.com\/es\/wp-json\/wp\/v2\/product_brand?post=46188"},{"taxonomy":"product_cat","embeddable":true,"href":"https:\/\/fernox.com\/es\/wp-json\/wp\/v2\/product_cat?post=46188"},{"taxonomy":"product_tag","embeddable":true,"href":"https:\/\/fernox.com\/es\/wp-json\/wp\/v2\/product_tag?post=46188"}],"curies":[{"name":"wp","href":"https:\/\/api.w.org\/{rel}","templated":true}]}}