{"id":46185,"date":"2026-03-30T07:02:49","date_gmt":"2026-03-30T05:02:49","guid":{"rendered":"https:\/\/fernox.com\/es\/product\/tf1-sigma-ub-filter\/"},"modified":"2026-03-30T07:02:58","modified_gmt":"2026-03-30T05:02:58","slug":"tf1-sigma-ub-filter","status":"publish","type":"product","link":"https:\/\/fernox.com\/es\/product\/tf1-sigma-ub-filter\/","title":{"rendered":"TF1 Sigma UB Filter"},"content":{"rendered":"<p>Filtro compuesto bajo el sistema de caldera con un colector de lat\u00f3n dise\u00f1ado para una instalaci\u00f3n f\u00e1cil en \u00e1reas peque\u00f1as y restringidas, con tuber\u00edas ocultas. Este filtro de alto rendimiento se puede instalar directamente debajo de la caldera o en espacios restringidos debido a su dise\u00f1o compacto y vers\u00e1til. El Filtro TF1 Sigma UB ofrece la mejor opci\u00f3n para los instaladores y proporciona una protecci\u00f3n de alta eficiencia contra la acumulaci\u00f3n de residuos en el sistema.<\/p>\n<ul>\n<li>Un dise\u00f1o compacto de alta capacidad.\n<\/li>\n<li>Ideal para su uso en espacios restringidos.\n<\/li>\n<li>V\u00e1lvula de tres v\u00edas integrada con funcionalidad de aislamiento y limpieza del filtro.\n<\/li>\n<li>Construcci\u00f3n duradera y robusta, fabricada con un pol\u00edmero t\u00e9cnico reforzado con vidrio de alta calidad y lat\u00f3n forjado no poroso.\n<\/li>\n<li>No bloquear\u00e1 ni restringir\u00e1 el flujo.\n<\/li>\n<li>Disponible con conexiones de entrada de \u00be\u201d y 1\u201d.<br \/>\n<\/li>\n<\/ul>\n","protected":false},"excerpt":{"rendered":"<p>Filtro compuesto bajo el sistema de caldera con un colector de lat\u00f3n dise\u00f1ado para una instalaci\u00f3n f\u00e1cil en \u00e1reas peque\u00f1as y restringidas, con tuber\u00edas ocultas. Este filtro de alto rendimiento se puede instalar directamente debajo de la caldera o en espacios restringidos debido a su dise\u00f1o compacto y vers\u00e1til. El Filtro TF1 Sigma UB ofrece [&hellip;]<\/p>\n","protected":false},"featured_media":46480,"template":"","meta":{"_acf_changed":false},"product_brand":[],"product_cat":[174],"product_tag":[],"class_list":{"0":"post-46185","1":"product","2":"type-product","3":"status-publish","4":"has-post-thumbnail","6":"product_cat-filters","7":"pa_tamano-de-conexion-metrico-3-4","8":"pa_tipo-de-ajuste-bsp","10":"first","11":"instock","12":"purchasable","13":"product-type-simple"},"acf":[],"yoast_head":"<!-- This site is optimized with the Yoast SEO plugin v27.3 - https:\/\/yoast.com\/product\/yoast-seo-wordpress\/ -->\n<title>TF1 Sigma UB Filter - Fernox Spain<\/title>\n<meta name=\"robots\" content=\"index, follow, max-snippet:-1, max-image-preview:large, max-video-preview:-1\" \/>\n<link rel=\"canonical\" href=\"https:\/\/fernox.com\/es\/product\/tf1-sigma-ub-filter\/\" \/>\n<meta property=\"og:locale\" content=\"en_US\" \/>\n<meta property=\"og:type\" content=\"article\" \/>\n<meta property=\"og:title\" content=\"TF1 Sigma UB Filter - Fernox Spain\" \/>\n<meta property=\"og:description\" content=\"Filtro compuesto bajo el sistema de caldera con un colector de lat\u00f3n dise\u00f1ado para una instalaci\u00f3n f\u00e1cil en \u00e1reas peque\u00f1as y restringidas, con tuber\u00edas ocultas. Este filtro de alto rendimiento se puede instalar directamente debajo de la caldera o en espacios restringidos debido a su dise\u00f1o compacto y vers\u00e1til. El Filtro TF1 Sigma UB ofrece [&hellip;]\" \/>\n<meta property=\"og:url\" content=\"https:\/\/fernox.com\/es\/product\/tf1-sigma-ub-filter\/\" \/>\n<meta property=\"og:site_name\" content=\"Fernox Spain\" \/>\n<meta property=\"article:modified_time\" content=\"2026-03-30T05:02:58+00:00\" \/>\n<meta property=\"og:image\" content=\"https:\/\/fernox.com\/es\/wp-content\/uploads\/sites\/42\/2025\/12\/62589_1LRS.jpg\" \/>\n\t<meta property=\"og:image:width\" content=\"600\" \/>\n\t<meta property=\"og:image:height\" content=\"600\" \/>\n\t<meta property=\"og:image:type\" content=\"image\/jpeg\" \/>\n<meta name=\"twitter:card\" content=\"summary_large_image\" \/>\n<meta name=\"twitter:label1\" content=\"Est. reading time\" \/>\n\t<meta name=\"twitter:data1\" content=\"1 minute\" \/>\n<script type=\"application\/ld+json\" class=\"yoast-schema-graph\">{\"@context\":\"https:\\\/\\\/schema.org\",\"@graph\":[{\"@type\":\"WebPage\",\"@id\":\"https:\\\/\\\/fernox.com\\\/es\\\/product\\\/tf1-sigma-ub-filter\\\/\",\"url\":\"https:\\\/\\\/fernox.com\\\/es\\\/product\\\/tf1-sigma-ub-filter\\\/\",\"name\":\"TF1 Sigma UB Filter - Fernox Spain\",\"isPartOf\":{\"@id\":\"https:\\\/\\\/fernox.com\\\/es\\\/#website\"},\"primaryImageOfPage\":{\"@id\":\"https:\\\/\\\/fernox.com\\\/es\\\/product\\\/tf1-sigma-ub-filter\\\/#primaryimage\"},\"image\":{\"@id\":\"https:\\\/\\\/fernox.com\\\/es\\\/product\\\/tf1-sigma-ub-filter\\\/#primaryimage\"},\"thumbnailUrl\":\"https:\\\/\\\/fernox.com\\\/es\\\/wp-content\\\/uploads\\\/sites\\\/42\\\/2025\\\/12\\\/62589_1LRS.jpg\",\"datePublished\":\"2026-03-30T05:02:49+00:00\",\"dateModified\":\"2026-03-30T05:02:58+00:00\",\"breadcrumb\":{\"@id\":\"https:\\\/\\\/fernox.com\\\/es\\\/product\\\/tf1-sigma-ub-filter\\\/#breadcrumb\"},\"inLanguage\":\"en-US\",\"potentialAction\":[{\"@type\":\"ReadAction\",\"target\":[\"https:\\\/\\\/fernox.com\\\/es\\\/product\\\/tf1-sigma-ub-filter\\\/\"]}]},{\"@type\":\"ImageObject\",\"inLanguage\":\"en-US\",\"@id\":\"https:\\\/\\\/fernox.com\\\/es\\\/product\\\/tf1-sigma-ub-filter\\\/#primaryimage\",\"url\":\"https:\\\/\\\/fernox.com\\\/es\\\/wp-content\\\/uploads\\\/sites\\\/42\\\/2025\\\/12\\\/62589_1LRS.jpg\",\"contentUrl\":\"https:\\\/\\\/fernox.com\\\/es\\\/wp-content\\\/uploads\\\/sites\\\/42\\\/2025\\\/12\\\/62589_1LRS.jpg\",\"width\":600,\"height\":600},{\"@type\":\"BreadcrumbList\",\"@id\":\"https:\\\/\\\/fernox.com\\\/es\\\/product\\\/tf1-sigma-ub-filter\\\/#breadcrumb\",\"itemListElement\":[{\"@type\":\"ListItem\",\"position\":1,\"name\":\"Home\",\"item\":\"https:\\\/\\\/fernox.com\\\/es\\\/\"},{\"@type\":\"ListItem\",\"position\":2,\"name\":\"Products\",\"item\":\"https:\\\/\\\/fernox.com\\\/es\\\/shop\\\/\"},{\"@type\":\"ListItem\",\"position\":3,\"name\":\"TF1 Sigma UB Filter\"}]},{\"@type\":\"WebSite\",\"@id\":\"https:\\\/\\\/fernox.com\\\/es\\\/#website\",\"url\":\"https:\\\/\\\/fernox.com\\\/es\\\/\",\"name\":\"Fernox Spain\",\"description\":\"\",\"publisher\":{\"@id\":\"https:\\\/\\\/fernox.com\\\/es\\\/#organization\"},\"potentialAction\":[{\"@type\":\"SearchAction\",\"target\":{\"@type\":\"EntryPoint\",\"urlTemplate\":\"https:\\\/\\\/fernox.com\\\/es\\\/?s={search_term_string}\"},\"query-input\":{\"@type\":\"PropertyValueSpecification\",\"valueRequired\":true,\"valueName\":\"search_term_string\"}}],\"inLanguage\":\"en-US\"},{\"@type\":\"Organization\",\"@id\":\"https:\\\/\\\/fernox.com\\\/es\\\/#organization\",\"name\":\"Fernox Spain\",\"url\":\"https:\\\/\\\/fernox.com\\\/es\\\/\",\"logo\":{\"@type\":\"ImageObject\",\"inLanguage\":\"en-US\",\"@id\":\"https:\\\/\\\/fernox.com\\\/es\\\/#\\\/schema\\\/logo\\\/image\\\/\",\"url\":\"https:\\\/\\\/fernox.com\\\/es\\\/wp-content\\\/uploads\\\/sites\\\/42\\\/2020\\\/11\\\/cropped-fernox-Logo-transparent.png\",\"contentUrl\":\"https:\\\/\\\/fernox.com\\\/es\\\/wp-content\\\/uploads\\\/sites\\\/42\\\/2020\\\/11\\\/cropped-fernox-Logo-transparent.png\",\"width\":664,\"height\":150,\"caption\":\"Fernox Spain\"},\"image\":{\"@id\":\"https:\\\/\\\/fernox.com\\\/es\\\/#\\\/schema\\\/logo\\\/image\\\/\"}}]}<\/script>\n<!-- \/ Yoast SEO plugin. -->","yoast_head_json":{"title":"TF1 Sigma UB Filter - Fernox Spain","robots":{"index":"index","follow":"follow","max-snippet":"max-snippet:-1","max-image-preview":"max-image-preview:large","max-video-preview":"max-video-preview:-1"},"canonical":"https:\/\/fernox.com\/es\/product\/tf1-sigma-ub-filter\/","og_locale":"en_US","og_type":"article","og_title":"TF1 Sigma UB Filter - Fernox Spain","og_description":"Filtro compuesto bajo el sistema de caldera con un colector de lat\u00f3n dise\u00f1ado para una instalaci\u00f3n f\u00e1cil en \u00e1reas peque\u00f1as y restringidas, con tuber\u00edas ocultas. Este filtro de alto rendimiento se puede instalar directamente debajo de la caldera o en espacios restringidos debido a su dise\u00f1o compacto y vers\u00e1til. El Filtro TF1 Sigma UB ofrece [&hellip;]","og_url":"https:\/\/fernox.com\/es\/product\/tf1-sigma-ub-filter\/","og_site_name":"Fernox Spain","article_modified_time":"2026-03-30T05:02:58+00:00","og_image":[{"width":600,"height":600,"url":"https:\/\/fernox.com\/es\/wp-content\/uploads\/sites\/42\/2025\/12\/62589_1LRS.jpg","type":"image\/jpeg"}],"twitter_card":"summary_large_image","twitter_misc":{"Est. reading time":"1 minute"},"schema":{"@context":"https:\/\/schema.org","@graph":[{"@type":"WebPage","@id":"https:\/\/fernox.com\/es\/product\/tf1-sigma-ub-filter\/","url":"https:\/\/fernox.com\/es\/product\/tf1-sigma-ub-filter\/","name":"TF1 Sigma UB Filter - Fernox Spain","isPartOf":{"@id":"https:\/\/fernox.com\/es\/#website"},"primaryImageOfPage":{"@id":"https:\/\/fernox.com\/es\/product\/tf1-sigma-ub-filter\/#primaryimage"},"image":{"@id":"https:\/\/fernox.com\/es\/product\/tf1-sigma-ub-filter\/#primaryimage"},"thumbnailUrl":"https:\/\/fernox.com\/es\/wp-content\/uploads\/sites\/42\/2025\/12\/62589_1LRS.jpg","datePublished":"2026-03-30T05:02:49+00:00","dateModified":"2026-03-30T05:02:58+00:00","breadcrumb":{"@id":"https:\/\/fernox.com\/es\/product\/tf1-sigma-ub-filter\/#breadcrumb"},"inLanguage":"en-US","potentialAction":[{"@type":"ReadAction","target":["https:\/\/fernox.com\/es\/product\/tf1-sigma-ub-filter\/"]}]},{"@type":"ImageObject","inLanguage":"en-US","@id":"https:\/\/fernox.com\/es\/product\/tf1-sigma-ub-filter\/#primaryimage","url":"https:\/\/fernox.com\/es\/wp-content\/uploads\/sites\/42\/2025\/12\/62589_1LRS.jpg","contentUrl":"https:\/\/fernox.com\/es\/wp-content\/uploads\/sites\/42\/2025\/12\/62589_1LRS.jpg","width":600,"height":600},{"@type":"BreadcrumbList","@id":"https:\/\/fernox.com\/es\/product\/tf1-sigma-ub-filter\/#breadcrumb","itemListElement":[{"@type":"ListItem","position":1,"name":"Home","item":"https:\/\/fernox.com\/es\/"},{"@type":"ListItem","position":2,"name":"Products","item":"https:\/\/fernox.com\/es\/shop\/"},{"@type":"ListItem","position":3,"name":"TF1 Sigma UB Filter"}]},{"@type":"WebSite","@id":"https:\/\/fernox.com\/es\/#website","url":"https:\/\/fernox.com\/es\/","name":"Fernox Spain","description":"","publisher":{"@id":"https:\/\/fernox.com\/es\/#organization"},"potentialAction":[{"@type":"SearchAction","target":{"@type":"EntryPoint","urlTemplate":"https:\/\/fernox.com\/es\/?s={search_term_string}"},"query-input":{"@type":"PropertyValueSpecification","valueRequired":true,"valueName":"search_term_string"}}],"inLanguage":"en-US"},{"@type":"Organization","@id":"https:\/\/fernox.com\/es\/#organization","name":"Fernox Spain","url":"https:\/\/fernox.com\/es\/","logo":{"@type":"ImageObject","inLanguage":"en-US","@id":"https:\/\/fernox.com\/es\/#\/schema\/logo\/image\/","url":"https:\/\/fernox.com\/es\/wp-content\/uploads\/sites\/42\/2020\/11\/cropped-fernox-Logo-transparent.png","contentUrl":"https:\/\/fernox.com\/es\/wp-content\/uploads\/sites\/42\/2020\/11\/cropped-fernox-Logo-transparent.png","width":664,"height":150,"caption":"Fernox Spain"},"image":{"@id":"https:\/\/fernox.com\/es\/#\/schema\/logo\/image\/"}}]}},"_links":{"self":[{"href":"https:\/\/fernox.com\/es\/wp-json\/wp\/v2\/product\/46185","targetHints":{"allow":["GET"]}}],"collection":[{"href":"https:\/\/fernox.com\/es\/wp-json\/wp\/v2\/product"}],"about":[{"href":"https:\/\/fernox.com\/es\/wp-json\/wp\/v2\/types\/product"}],"wp:featuredmedia":[{"embeddable":true,"href":"https:\/\/fernox.com\/es\/wp-json\/wp\/v2\/media\/46480"}],"wp:attachment":[{"href":"https:\/\/fernox.com\/es\/wp-json\/wp\/v2\/media?parent=46185"}],"wp:term":[{"taxonomy":"product_brand","embeddable":true,"href":"https:\/\/fernox.com\/es\/wp-json\/wp\/v2\/product_brand?post=46185"},{"taxonomy":"product_cat","embeddable":true,"href":"https:\/\/fernox.com\/es\/wp-json\/wp\/v2\/product_cat?post=46185"},{"taxonomy":"product_tag","embeddable":true,"href":"https:\/\/fernox.com\/es\/wp-json\/wp\/v2\/product_tag?post=46185"}],"curies":[{"name":"wp","href":"https:\/\/api.w.org\/{rel}","templated":true}]}}