{"id":46184,"date":"2026-04-13T07:02:19","date_gmt":"2026-04-13T05:02:19","guid":{"rendered":"https:\/\/fernox.com\/es\/product\/heat-transfer-fluid-hp-eg-20l\/"},"modified":"2026-04-13T07:02:19","modified_gmt":"2026-04-13T05:02:19","slug":"heat-transfer-fluid-hp-eg-20l","status":"publish","type":"product","link":"https:\/\/fernox.com\/es\/product\/heat-transfer-fluid-hp-eg-20l\/","title":{"rendered":"Heat Transfer Fluid HP-EG 20L"},"content":{"rendered":"<p>Un fluido de transferencia de calor concentrado, para usar con bombas de calor de fuente de aire y tierra a base de etilenglicol. Este producto de alto rendimiento est\u00e1 dise\u00f1ado para proteger contra la corrosi\u00f3n y la calcificaci\u00f3n, y cuenta con protecci\u00f3n anticongelamiento de -10\u00a0a -33\u00a0\u00b0C.<\/p>\n<ul>\n<li>Fluido de transferencia de calor de alto rendimiento para una m\u00e1xima protecci\u00f3n contra la corrosi\u00f3n y las incrustaciones, para prolongar la vida \u00fatil del sistema.\n<\/li>\n<li>Mayor eficiencia y menor viscosidad que los productos a base de propilenglicol.\n<\/li>\n<li>Una viscosidad m\u00e1s baja significa que se usa menos energ\u00eda para bombear el fluido de transferencia de calor alrededor del sistema.\n<\/li>\n<li>Excelente amortiguaci\u00f3n del pH a fin de mantener el pH \u00f3ptimo del sistema para un sistema de metales mixtos.\n<\/li>\n<li>Soluci\u00f3n rentable cuando la eficiencia t\u00e9rmica es un requisito fundamental.\n<\/li>\n<li>Compatible con todos los metales y materiales en los sistemas de bombas de calor.<br \/>\n<\/li>\n<\/ul>\n","protected":false},"excerpt":{"rendered":"<p>Un fluido de transferencia de calor concentrado, para usar con bombas de calor de fuente de aire y tierra a base de etilenglicol. Este producto de alto rendimiento est\u00e1 dise\u00f1ado para proteger contra la corrosi\u00f3n y la calcificaci\u00f3n, y cuenta con protecci\u00f3n anticongelamiento de -10\u00a0a -33\u00a0\u00b0C. Fluido de transferencia de calor de alto rendimiento para [&hellip;]<\/p>\n","protected":false},"featured_media":46478,"template":"","meta":{"_acf_changed":false},"product_brand":[],"product_cat":[209,128,210],"product_tag":[],"class_list":{"0":"post-46184","1":"product","2":"type-product","3":"status-publish","4":"has-post-thumbnail","6":"product_cat-heat-pumps","7":"product_cat-renewable-technologies","8":"product_cat-renewable-technologieschemistry","10":"first","11":"instock","12":"purchasable","13":"product-type-simple"},"acf":[],"_links":{"self":[{"href":"https:\/\/fernox.com\/es\/wp-json\/wp\/v2\/product\/46184","targetHints":{"allow":["GET"]}}],"collection":[{"href":"https:\/\/fernox.com\/es\/wp-json\/wp\/v2\/product"}],"about":[{"href":"https:\/\/fernox.com\/es\/wp-json\/wp\/v2\/types\/product"}],"wp:featuredmedia":[{"embeddable":true,"href":"https:\/\/fernox.com\/es\/wp-json\/wp\/v2\/media\/46478"}],"wp:attachment":[{"href":"https:\/\/fernox.com\/es\/wp-json\/wp\/v2\/media?parent=46184"}],"wp:term":[{"taxonomy":"product_brand","embeddable":true,"href":"https:\/\/fernox.com\/es\/wp-json\/wp\/v2\/product_brand?post=46184"},{"taxonomy":"product_cat","embeddable":true,"href":"https:\/\/fernox.com\/es\/wp-json\/wp\/v2\/product_cat?post=46184"},{"taxonomy":"product_tag","embeddable":true,"href":"https:\/\/fernox.com\/es\/wp-json\/wp\/v2\/product_tag?post=46184"}],"curies":[{"name":"wp","href":"https:\/\/api.w.org\/{rel}","templated":true}]}}