{"id":46177,"date":"2026-04-13T07:02:19","date_gmt":"2026-04-13T05:02:19","guid":{"rendered":"https:\/\/fernox.com\/es\/product\/tf1-sigma-hp-filter\/"},"modified":"2026-04-13T07:02:29","modified_gmt":"2026-04-13T05:02:29","slug":"tf1-sigma-hp-filter","status":"publish","type":"product","link":"https:\/\/fernox.com\/es\/product\/tf1-sigma-hp-filter\/","title":{"rendered":"TF1 Sigma HP Filter"},"content":{"rendered":"<p>Espec\u00edficamente dise\u00f1ado para proteger las bombas de calor geot\u00e9rmicas y de aire, el TF1 Sigma HP Filter elimina eficazmente todo tipo de residuos de los sistemas de calefacci\u00f3n renovables mediante una tecnolog\u00eda pendiente de patente. El innovador TF1 Sigma HP Filter no restringe el flujo, incluso a caudales elevados, y no se bloquea, lo que garantiza el mantenimiento del COP (coeficiente de rendimiento) del sistema, reduciendo as\u00ed el consumo de energ\u00eda y el derroche de combustible. F\u00e1cil y r\u00e1pido de instalar, el TF1 Sigma HP Filter se suministra con v\u00e1lvulas de paso total de serie, lo que mejora el rendimiento del sistema y aumenta la eficiencia energ\u00e9tica.<\/p>\n<ul>\n<li>Filtro eficiente y de alto rendimiento, dise\u00f1ado espec\u00edficamente para sistemas de bomba de calor geot\u00e9rmica y de aire.\n<\/li>\n<li>El TF1 Sigma HP Filter utiliza una tecnolog\u00eda de filtraci\u00f3n \u00fanica que es extremadamente eficaz a caudales elevados y en una amplia gama de tipos de residuos para garantizar que el sistema permanezca libre de contaminantes.\n<\/li>\n<li>De construcci\u00f3n duradera y robusta, el TF1 Sigma HP Filter est\u00e1 fabricado en pol\u00edmero de ingenier\u00eda reforzado con fibra de vidrio de alta calidad con v\u00e1lvulas de paso total de lat\u00f3n de serie.\n<\/li>\n<li>El TF1 Sigma HP Filter, c\u00f3modo de limpiar y de mantenimiento r\u00e1pido a trav\u00e9s de la v\u00e1lvula de drenaje, no requiere la parada del sistema ni el desmontaje del filtro, lo que se traduce en una reducci\u00f3n del tiempo invertido in situ como parte del mantenimiento anual.\n<\/li>\n<li>F\u00e1cil de instalar, este filtro sellado permite orientaciones de instalaci\u00f3n horizontales y verticales.\n<\/li>\n<li>Valores diferenciales de presi\u00f3n l\u00edderes en el mercado, que garantizan que la bomba de calor funcione al m\u00e1ximo COP.<br \/>\n<\/li>\n<\/ul>\n","protected":false},"excerpt":{"rendered":"<p>Espec\u00edficamente dise\u00f1ado para proteger las bombas de calor geot\u00e9rmicas y de aire, el TF1 Sigma HP Filter elimina eficazmente todo tipo de residuos de los sistemas de calefacci\u00f3n renovables mediante una tecnolog\u00eda pendiente de patente. El innovador TF1 Sigma HP Filter no restringe el flujo, incluso a caudales elevados, y no se bloquea, lo que [&hellip;]<\/p>\n","protected":false},"featured_media":46470,"template":"","meta":{"_acf_changed":false},"product_brand":[],"product_cat":[174,128,211],"product_tag":[],"class_list":{"0":"post-46177","1":"product","2":"type-product","3":"status-publish","4":"has-post-thumbnail","6":"product_cat-filters","7":"product_cat-renewable-technologies","8":"product_cat-renewable-technologiesdevices","9":"pa_tamano-de-conexion-metrico-1-1-2","10":"pa_tamano-de-conexion-metrico-1-1-4","11":"pa_tamano-de-conexion-metrico-472","12":"pa_tamano-de-conexion-metrico-28mm","13":"pa_tipo-de-ajuste-with-valves","15":"first","16":"instock","17":"purchasable","18":"product-type-variable"},"acf":[],"_links":{"self":[{"href":"https:\/\/fernox.com\/es\/wp-json\/wp\/v2\/product\/46177","targetHints":{"allow":["GET"]}}],"collection":[{"href":"https:\/\/fernox.com\/es\/wp-json\/wp\/v2\/product"}],"about":[{"href":"https:\/\/fernox.com\/es\/wp-json\/wp\/v2\/types\/product"}],"wp:featuredmedia":[{"embeddable":true,"href":"https:\/\/fernox.com\/es\/wp-json\/wp\/v2\/media\/46470"}],"wp:attachment":[{"href":"https:\/\/fernox.com\/es\/wp-json\/wp\/v2\/media?parent=46177"}],"wp:term":[{"taxonomy":"product_brand","embeddable":true,"href":"https:\/\/fernox.com\/es\/wp-json\/wp\/v2\/product_brand?post=46177"},{"taxonomy":"product_cat","embeddable":true,"href":"https:\/\/fernox.com\/es\/wp-json\/wp\/v2\/product_cat?post=46177"},{"taxonomy":"product_tag","embeddable":true,"href":"https:\/\/fernox.com\/es\/wp-json\/wp\/v2\/product_tag?post=46177"}],"curies":[{"name":"wp","href":"https:\/\/api.w.org\/{rel}","templated":true}]}}