{"id":46169,"date":"2026-04-13T07:02:30","date_gmt":"2026-04-13T05:02:30","guid":{"rendered":"https:\/\/fernox.com\/es\/product\/tf1-sigma-mini\/"},"modified":"2026-04-13T07:02:48","modified_gmt":"2026-04-13T05:02:48","slug":"tf1-sigma-mini","status":"publish","type":"product","link":"https:\/\/fernox.com\/es\/product\/tf1-sigma-mini\/","title":{"rendered":"TF1 Sigma Mini"},"content":{"rendered":"<p>El TF1 Sigma Mini es un filtro de sistema compacto y de alto rendimiento que utiliza un potente im\u00e1n de neodimio para proteger su sistema contra los efectos da\u00f1inos de la corrosi\u00f3n. El TF1 Sigma Mini tiene la huella m\u00e1s peque\u00f1a de cualquier filtro en el mercado, lo que significa que se puede instalar f\u00e1cilmente directamente debajo de una caldera o en espacios restringidos en tuber\u00edas horizontales o verticales.<\/p>\n<ul>\n<li>Uno de los filtros m\u00e1s compactos del mercado, dise\u00f1ado espec\u00edficamente para espacios restringidos con solo 105 mm de espacio libre.\n<\/li>\n<li>Dise\u00f1ado para garantizar una p\u00e9rdida m\u00ednima de presi\u00f3n, adem\u00e1s de mantener una alta eficiencia de recolecci\u00f3n, asegurando al mismo tiempo que el filtro no se bloquee.\n<\/li>\n<li>Mantenimiento r\u00e1pido, f\u00e1cil y sin ensuciar a trav\u00e9s del punto de drenaje del filtro, sin necesidad de desmontar las partes del componente.\n<\/li>\n<li>F\u00e1cil y r\u00e1pido de instalar.\n<p><\/li>\n<\/ul>\n","protected":false},"excerpt":{"rendered":"<p>El TF1 Sigma Mini es un filtro de sistema compacto y de alto rendimiento que utiliza un potente im\u00e1n de neodimio para proteger su sistema contra los efectos da\u00f1inos de la corrosi\u00f3n. El TF1 Sigma Mini tiene la huella m\u00e1s peque\u00f1a de cualquier filtro en el mercado, lo que significa que se puede instalar f\u00e1cilmente [&hellip;]<\/p>\n","protected":false},"featured_media":46451,"template":"","meta":{"_acf_changed":false},"product_brand":[],"product_cat":[174],"product_tag":[],"class_list":{"0":"post-46169","1":"product","2":"type-product","3":"status-publish","4":"has-post-thumbnail","6":"product_cat-filters","7":"pa_tamano-de-conexion-metrico-22mm","8":"pa_tamano-de-conexion-metrico-3-4","9":"pa_tipo-de-ajuste-bsp","10":"pa_tipo-de-ajuste-slipsocket","12":"first","13":"instock","14":"featured","15":"purchasable","16":"product-type-variable"},"acf":[],"_links":{"self":[{"href":"https:\/\/fernox.com\/es\/wp-json\/wp\/v2\/product\/46169","targetHints":{"allow":["GET"]}}],"collection":[{"href":"https:\/\/fernox.com\/es\/wp-json\/wp\/v2\/product"}],"about":[{"href":"https:\/\/fernox.com\/es\/wp-json\/wp\/v2\/types\/product"}],"wp:featuredmedia":[{"embeddable":true,"href":"https:\/\/fernox.com\/es\/wp-json\/wp\/v2\/media\/46451"}],"wp:attachment":[{"href":"https:\/\/fernox.com\/es\/wp-json\/wp\/v2\/media?parent=46169"}],"wp:term":[{"taxonomy":"product_brand","embeddable":true,"href":"https:\/\/fernox.com\/es\/wp-json\/wp\/v2\/product_brand?post=46169"},{"taxonomy":"product_cat","embeddable":true,"href":"https:\/\/fernox.com\/es\/wp-json\/wp\/v2\/product_cat?post=46169"},{"taxonomy":"product_tag","embeddable":true,"href":"https:\/\/fernox.com\/es\/wp-json\/wp\/v2\/product_tag?post=46169"}],"curies":[{"name":"wp","href":"https:\/\/api.w.org\/{rel}","templated":true}]}}