{"id":46168,"date":"2026-04-13T07:02:30","date_gmt":"2026-04-13T05:02:30","guid":{"rendered":"https:\/\/fernox.com\/es\/product\/protector-f1-265ml\/"},"modified":"2026-04-13T07:02:32","modified_gmt":"2026-04-13T05:02:32","slug":"protector-f1-265ml","status":"publish","type":"product","link":"https:\/\/fernox.com\/es\/product\/protector-f1-265ml\/","title":{"rendered":"Protector F1 265ml"},"content":{"rendered":"<p>Fernox Protector F1 265ml proporciona protecci\u00f3n a largo plazo contra la corrosi\u00f3n interna y la formaci\u00f3n de cal en sistemas de calefacci\u00f3n central. Adecuado para todo tipo de calderas, radiadores y sistemas de tuber\u00edas, este producto es compatible con todos los metales y materiales com\u00fanmente utilizados en sistemas de calefacci\u00f3n central, incluido el aluminio.<\/p>\n<p>Parte de la reconocida y eficaz gama Protector F1 de Fernox, este producto de 265 ml ofrece un embalaje reducido y  con menos residuos sin comprometer el alto rendimiento, la calidad ni la facilidad de uso. Con esta dosificaci\u00f3n puede tratar un sistema promedio de 100 litros o 12 radiadores y puede dosificarse a trav\u00e9s de un filtro TF1.<\/p>\n<p>Los niveles de Protector F1 deben revisarse anualmente como parte del servicio de mantenimiento. La concentraci\u00f3n del producto, para garantizar una protecci\u00f3n completa, puede medirse f\u00e1cilmente in situ utilizando las tiras de prueba de inhibidor Fernox Express.<\/p>\n<p>Despu\u00e9s de cinco a\u00f1os, los sistemas deben ser re-dosificados con inhibidor o comprobarse la calidad y limpieza del agua del sistema.<\/p>\n<p>Si se protege un sistema de calefacci\u00f3n central usando Fernox Protector F1, despu\u00e9s de limpiarlo con Fernox Cleaner F3, puedes restaurar y mantener la eficiencia del sistema, logrando un ahorro de energ\u00eda de hasta un 15% cada vez que funciona el sistema.<\/p>\n<ul>\n<li>Detiene la corrosi\u00f3n y la formaci\u00f3n de cal para prolongar la vida \u00fatil y la eficiencia del sistema.\n<\/li>\n<li>Apto para sistemas de calefacci\u00f3n con metales mixtos, incluido el aluminio.\n<\/li>\n<li>Alto rendimiento en el control del pH, con capacidad amortiguadora para mantener un pH \u00f3ptimo del sistema.\n<\/li>\n<li>Previene puntos fr\u00edos en los radiadores, bloqueos en las bombas y ruidos en la caldera.\n<\/li>\n<li>Trata un hogar de tama\u00f1o promedio con hasta 100 litros, 12 radiadores y 190 m\u00b2 de calefacci\u00f3n por suelo radiante.<br \/>\nProducto de menor volumen: menos residuos de embalaje y menor impacto ambiental.\n<\/li>\n<li>Se puede dosificar f\u00e1cilmente a trav\u00e9s de cualquier filtro Fernox TF1.<br \/>\n<\/li>\n<\/ul>\n","protected":false},"excerpt":{"rendered":"<p>Fernox Protector F1 265ml proporciona protecci\u00f3n a largo plazo contra la corrosi\u00f3n interna y la formaci\u00f3n de cal en sistemas de calefacci\u00f3n central. Adecuado para todo tipo de calderas, radiadores y sistemas de tuber\u00edas, este producto es compatible con todos los metales y materiales com\u00fanmente utilizados en sistemas de calefacci\u00f3n central, incluido el aluminio. Parte [&hellip;]<\/p>\n","protected":false},"featured_media":46445,"template":"","meta":{"_acf_changed":false},"product_brand":[],"product_cat":[175],"product_tag":[],"class_list":{"0":"post-46168","1":"product","2":"type-product","3":"status-publish","4":"has-post-thumbnail","6":"product_cat-inhibitors-protectors","8":"first","9":"instock","10":"purchasable","11":"product-type-simple"},"acf":[],"_links":{"self":[{"href":"https:\/\/fernox.com\/es\/wp-json\/wp\/v2\/product\/46168","targetHints":{"allow":["GET"]}}],"collection":[{"href":"https:\/\/fernox.com\/es\/wp-json\/wp\/v2\/product"}],"about":[{"href":"https:\/\/fernox.com\/es\/wp-json\/wp\/v2\/types\/product"}],"wp:featuredmedia":[{"embeddable":true,"href":"https:\/\/fernox.com\/es\/wp-json\/wp\/v2\/media\/46445"}],"wp:attachment":[{"href":"https:\/\/fernox.com\/es\/wp-json\/wp\/v2\/media?parent=46168"}],"wp:term":[{"taxonomy":"product_brand","embeddable":true,"href":"https:\/\/fernox.com\/es\/wp-json\/wp\/v2\/product_brand?post=46168"},{"taxonomy":"product_cat","embeddable":true,"href":"https:\/\/fernox.com\/es\/wp-json\/wp\/v2\/product_cat?post=46168"},{"taxonomy":"product_tag","embeddable":true,"href":"https:\/\/fernox.com\/es\/wp-json\/wp\/v2\/product_tag?post=46168"}],"curies":[{"name":"wp","href":"https:\/\/api.w.org\/{rel}","templated":true}]}}