{"id":46167,"date":"2026-04-13T07:02:30","date_gmt":"2026-04-13T05:02:30","guid":{"rendered":"https:\/\/fernox.com\/es\/product\/cleaner-f3-265ml\/"},"modified":"2026-04-13T07:02:33","modified_gmt":"2026-04-13T05:02:33","slug":"cleaner-f3-265ml","status":"publish","type":"product","link":"https:\/\/fernox.com\/es\/product\/cleaner-f3-265ml\/","title":{"rendered":"Cleaner F3 265ml"},"content":{"rendered":"<p>Fernox Cleaner F3 265ml es un limpiador universal de acci\u00f3n r\u00e1pida y eficaz, con pH neutro, para sistemas de calefacci\u00f3n central. Est\u00e1 dise\u00f1ado para eliminar residuos, lodos y formaci\u00f3n de cal de sistemas existentes. Restaura la eficiencia del calefacci\u00f3n y elimina los ruidos de la caldera. Est\u00e1 dise\u00f1ado para la limpieza previa a la puesta en marcha de nuevas instalaciones, eliminando residuos de fundente y otros escombros para ayudar a prolongar la vida \u00fatil del sistema.<\/p>\n<p>Parte de la reconocida y confiable gama Fernox Cleaner, este producto de 265 ml ofrece un embalaje reducido y menos residuos sin comprometer el alto rendimiento, la calidad ni la facilidad de uso. Esta botella de tama\u00f1o conveniente puede tratar un sistema promedio de 100 litros o 12 radiadores y puede dosificarse a trav\u00e9s de un filtro TF1.<\/p>\n<p>Cleaner F3 puede usarse para todo tipo de m\u00e9todos de limpieza: enjuagues manuales o magn\u00e9ticos, y para sistemas con alto contenido de lodo, se puede usar junto con una unidad de lavado a presi\u00f3n.<\/p>\n<p>Limpiar un sistema de calefacci\u00f3n central usando Fernox Cleaner F3 y protegerlo con Fernox Protector F1 puede restaurar y mantener la eficiencia del sistema, logrando un ahorro de gas de hasta un 15% cada vez que calientas tu habitaci\u00f3n.<\/p>\n<ul>\n<li>Elimina lodo, cal y residuos de instalaci\u00f3n\n<\/li>\n<li>Apto para su uso en sistemas nuevos y existentes para optimizar la eficiencia.\n<\/li>\n<li>Compatible con todos los metales y materiales en sistemas de calefacci\u00f3n, incluido el aluminio.\n<\/li>\n<li>Trata un hogar de tama\u00f1o promedio con hasta 100 litros, 12 radiadores y 190 m\u00b2 de calefacci\u00f3n por suelo radiante.<br \/>\nProducto de menor volumen: menos residuos de embalaje y menor impacto ambiental.\n<\/li>\n<li>Se puede dosificar f\u00e1cilmente a trav\u00e9s de cualquier filtro Fernox TF1.\n<\/li>\n<li>F\u00f3rmula con pH neutro, no peligrosa<br \/>\n<\/li>\n<\/ul>\n","protected":false},"excerpt":{"rendered":"<p>Fernox Cleaner F3 265ml es un limpiador universal de acci\u00f3n r\u00e1pida y eficaz, con pH neutro, para sistemas de calefacci\u00f3n central. Est\u00e1 dise\u00f1ado para eliminar residuos, lodos y formaci\u00f3n de cal de sistemas existentes. Restaura la eficiencia del calefacci\u00f3n y elimina los ruidos de la caldera. Est\u00e1 dise\u00f1ado para la limpieza previa a la puesta [&hellip;]<\/p>\n","protected":false},"featured_media":46443,"template":"","meta":{"_acf_changed":false},"product_brand":[],"product_cat":[178],"product_tag":[],"class_list":{"0":"post-46167","1":"product","2":"type-product","3":"status-publish","4":"has-post-thumbnail","6":"product_cat-cleaners","8":"first","9":"instock","10":"purchasable","11":"product-type-simple"},"acf":[],"_links":{"self":[{"href":"https:\/\/fernox.com\/es\/wp-json\/wp\/v2\/product\/46167","targetHints":{"allow":["GET"]}}],"collection":[{"href":"https:\/\/fernox.com\/es\/wp-json\/wp\/v2\/product"}],"about":[{"href":"https:\/\/fernox.com\/es\/wp-json\/wp\/v2\/types\/product"}],"wp:featuredmedia":[{"embeddable":true,"href":"https:\/\/fernox.com\/es\/wp-json\/wp\/v2\/media\/46443"}],"wp:attachment":[{"href":"https:\/\/fernox.com\/es\/wp-json\/wp\/v2\/media?parent=46167"}],"wp:term":[{"taxonomy":"product_brand","embeddable":true,"href":"https:\/\/fernox.com\/es\/wp-json\/wp\/v2\/product_brand?post=46167"},{"taxonomy":"product_cat","embeddable":true,"href":"https:\/\/fernox.com\/es\/wp-json\/wp\/v2\/product_cat?post=46167"},{"taxonomy":"product_tag","embeddable":true,"href":"https:\/\/fernox.com\/es\/wp-json\/wp\/v2\/product_tag?post=46167"}],"curies":[{"name":"wp","href":"https:\/\/api.w.org\/{rel}","templated":true}]}}