{"id":46165,"date":"2026-03-30T07:03:14","date_gmt":"2026-03-30T05:03:14","guid":{"rendered":"https:\/\/fernox.com\/es\/product\/express-inhibitor-test\/"},"modified":"2026-03-30T07:03:16","modified_gmt":"2026-03-30T05:03:16","slug":"express-inhibitor-test","status":"publish","type":"product","link":"https:\/\/fernox.com\/es\/product\/express-inhibitor-test\/","title":{"rendered":"Express Inhibitor Test"},"content":{"rendered":"<p>El Test R\u00e1pido de Inhibidores proporciona un an\u00e1lisis r\u00e1pido en el sitio de la concentraci\u00f3n de todos los Protectores Fernox y otros inhibidores a base de molibdato en el agua de los sistemas de calefacci\u00f3n central. Es f\u00e1cil e intuitivo de usar y es un m\u00e9todo de prueba simple para determinar la presencia de inhibidores en el sistema. Las pruebas de concentraci\u00f3n de inhibidores pueden ayudar a garantizar el cumplimiento de las normativas locales y las mejores pr\u00e1cticas, y pueden ser necesarias para cumplir con las garant\u00edas de la caldera.<\/p>\n<p>El resultado de aprobaci\u00f3n o fallo se confirma mediante el color de las tiras de prueba en comparaci\u00f3n con la tabla de colores en el frasco. En caso de un resultado fallido, tome medidas correctivas simplemente a\u00f1adiendo m\u00e1s inhibidor y volviendo a realizar la prueba para confirmar un resultado exitoso.<\/p>\n<ul>\n<li>Pruebe r\u00e1pida y f\u00e1cilmente la concentraci\u00f3n de inhibidor en el sitio.\n<\/li>\n<li>Una tira de prueba por sistema. Cada frasco contiene 50 tiras de prueba\n<\/li>\n<li>Apto para todos los inhibidores a base de molibdato.\n<\/li>\n<li>Cumpla f\u00e1cilmente con las normativas locales y las mejores pr\u00e1cticas.\n<\/li>\n<li>Esto permite cumplir con las garant\u00edas de la caldera.\n<p><\/li>\n<\/ul>\n","protected":false},"excerpt":{"rendered":"<p>El Test R\u00e1pido de Inhibidores proporciona un an\u00e1lisis r\u00e1pido en el sitio de la concentraci\u00f3n de todos los Protectores Fernox y otros inhibidores a base de molibdato en el agua de los sistemas de calefacci\u00f3n central. Es f\u00e1cil e intuitivo de usar y es un m\u00e9todo de prueba simple para determinar la presencia de inhibidores [&hellip;]<\/p>\n","protected":false},"featured_media":46439,"template":"","meta":{"_acf_changed":false},"product_brand":[],"product_cat":[180],"product_tag":[],"class_list":{"0":"post-46165","1":"product","2":"type-product","3":"status-publish","4":"has-post-thumbnail","6":"product_cat-test-kits","8":"first","9":"instock","10":"purchasable","11":"product-type-simple"},"acf":[],"yoast_head":"<!-- This site is optimized with the Yoast SEO plugin v27.3 - https:\/\/yoast.com\/product\/yoast-seo-wordpress\/ -->\n<title>Express Inhibitor Test - Fernox Spain<\/title>\n<meta name=\"robots\" content=\"index, follow, max-snippet:-1, max-image-preview:large, max-video-preview:-1\" \/>\n<link rel=\"canonical\" href=\"https:\/\/fernox.com\/es\/product\/express-inhibitor-test\/\" \/>\n<meta property=\"og:locale\" content=\"en_US\" \/>\n<meta property=\"og:type\" content=\"article\" \/>\n<meta property=\"og:title\" content=\"Express Inhibitor Test - Fernox Spain\" \/>\n<meta property=\"og:description\" content=\"El Test R\u00e1pido de Inhibidores proporciona un an\u00e1lisis r\u00e1pido en el sitio de la concentraci\u00f3n de todos los Protectores Fernox y otros inhibidores a base de molibdato en el agua de los sistemas de calefacci\u00f3n central. Es f\u00e1cil e intuitivo de usar y es un m\u00e9todo de prueba simple para determinar la presencia de inhibidores [&hellip;]\" \/>\n<meta property=\"og:url\" content=\"https:\/\/fernox.com\/es\/product\/express-inhibitor-test\/\" \/>\n<meta property=\"og:site_name\" content=\"Fernox Spain\" \/>\n<meta property=\"article:modified_time\" content=\"2026-03-30T05:03:16+00:00\" \/>\n<meta property=\"og:image\" content=\"https:\/\/fernox.com\/es\/wp-content\/uploads\/sites\/42\/2025\/12\/62735-1LRS.jpg\" \/>\n\t<meta property=\"og:image:width\" content=\"800\" \/>\n\t<meta property=\"og:image:height\" content=\"800\" \/>\n\t<meta property=\"og:image:type\" content=\"image\/jpeg\" \/>\n<meta name=\"twitter:card\" content=\"summary_large_image\" \/>\n<meta name=\"twitter:label1\" content=\"Est. reading time\" \/>\n\t<meta name=\"twitter:data1\" content=\"1 minute\" \/>\n<script type=\"application\/ld+json\" class=\"yoast-schema-graph\">{\"@context\":\"https:\\\/\\\/schema.org\",\"@graph\":[{\"@type\":\"WebPage\",\"@id\":\"https:\\\/\\\/fernox.com\\\/es\\\/product\\\/express-inhibitor-test\\\/\",\"url\":\"https:\\\/\\\/fernox.com\\\/es\\\/product\\\/express-inhibitor-test\\\/\",\"name\":\"Express Inhibitor Test - Fernox Spain\",\"isPartOf\":{\"@id\":\"https:\\\/\\\/fernox.com\\\/es\\\/#website\"},\"primaryImageOfPage\":{\"@id\":\"https:\\\/\\\/fernox.com\\\/es\\\/product\\\/express-inhibitor-test\\\/#primaryimage\"},\"image\":{\"@id\":\"https:\\\/\\\/fernox.com\\\/es\\\/product\\\/express-inhibitor-test\\\/#primaryimage\"},\"thumbnailUrl\":\"https:\\\/\\\/fernox.com\\\/es\\\/wp-content\\\/uploads\\\/sites\\\/42\\\/2025\\\/12\\\/62735-1LRS.jpg\",\"datePublished\":\"2026-03-30T05:03:14+00:00\",\"dateModified\":\"2026-03-30T05:03:16+00:00\",\"breadcrumb\":{\"@id\":\"https:\\\/\\\/fernox.com\\\/es\\\/product\\\/express-inhibitor-test\\\/#breadcrumb\"},\"inLanguage\":\"en-US\",\"potentialAction\":[{\"@type\":\"ReadAction\",\"target\":[\"https:\\\/\\\/fernox.com\\\/es\\\/product\\\/express-inhibitor-test\\\/\"]}]},{\"@type\":\"ImageObject\",\"inLanguage\":\"en-US\",\"@id\":\"https:\\\/\\\/fernox.com\\\/es\\\/product\\\/express-inhibitor-test\\\/#primaryimage\",\"url\":\"https:\\\/\\\/fernox.com\\\/es\\\/wp-content\\\/uploads\\\/sites\\\/42\\\/2025\\\/12\\\/62735-1LRS.jpg\",\"contentUrl\":\"https:\\\/\\\/fernox.com\\\/es\\\/wp-content\\\/uploads\\\/sites\\\/42\\\/2025\\\/12\\\/62735-1LRS.jpg\",\"width\":800,\"height\":800},{\"@type\":\"BreadcrumbList\",\"@id\":\"https:\\\/\\\/fernox.com\\\/es\\\/product\\\/express-inhibitor-test\\\/#breadcrumb\",\"itemListElement\":[{\"@type\":\"ListItem\",\"position\":1,\"name\":\"Home\",\"item\":\"https:\\\/\\\/fernox.com\\\/es\\\/\"},{\"@type\":\"ListItem\",\"position\":2,\"name\":\"Products\",\"item\":\"https:\\\/\\\/fernox.com\\\/es\\\/shop\\\/\"},{\"@type\":\"ListItem\",\"position\":3,\"name\":\"Express Inhibitor Test\"}]},{\"@type\":\"WebSite\",\"@id\":\"https:\\\/\\\/fernox.com\\\/es\\\/#website\",\"url\":\"https:\\\/\\\/fernox.com\\\/es\\\/\",\"name\":\"Fernox Spain\",\"description\":\"\",\"publisher\":{\"@id\":\"https:\\\/\\\/fernox.com\\\/es\\\/#organization\"},\"potentialAction\":[{\"@type\":\"SearchAction\",\"target\":{\"@type\":\"EntryPoint\",\"urlTemplate\":\"https:\\\/\\\/fernox.com\\\/es\\\/?s={search_term_string}\"},\"query-input\":{\"@type\":\"PropertyValueSpecification\",\"valueRequired\":true,\"valueName\":\"search_term_string\"}}],\"inLanguage\":\"en-US\"},{\"@type\":\"Organization\",\"@id\":\"https:\\\/\\\/fernox.com\\\/es\\\/#organization\",\"name\":\"Fernox Spain\",\"url\":\"https:\\\/\\\/fernox.com\\\/es\\\/\",\"logo\":{\"@type\":\"ImageObject\",\"inLanguage\":\"en-US\",\"@id\":\"https:\\\/\\\/fernox.com\\\/es\\\/#\\\/schema\\\/logo\\\/image\\\/\",\"url\":\"https:\\\/\\\/fernox.com\\\/es\\\/wp-content\\\/uploads\\\/sites\\\/42\\\/2020\\\/11\\\/cropped-fernox-Logo-transparent.png\",\"contentUrl\":\"https:\\\/\\\/fernox.com\\\/es\\\/wp-content\\\/uploads\\\/sites\\\/42\\\/2020\\\/11\\\/cropped-fernox-Logo-transparent.png\",\"width\":664,\"height\":150,\"caption\":\"Fernox Spain\"},\"image\":{\"@id\":\"https:\\\/\\\/fernox.com\\\/es\\\/#\\\/schema\\\/logo\\\/image\\\/\"}}]}<\/script>\n<!-- \/ Yoast SEO plugin. -->","yoast_head_json":{"title":"Express Inhibitor Test - Fernox Spain","robots":{"index":"index","follow":"follow","max-snippet":"max-snippet:-1","max-image-preview":"max-image-preview:large","max-video-preview":"max-video-preview:-1"},"canonical":"https:\/\/fernox.com\/es\/product\/express-inhibitor-test\/","og_locale":"en_US","og_type":"article","og_title":"Express Inhibitor Test - Fernox Spain","og_description":"El Test R\u00e1pido de Inhibidores proporciona un an\u00e1lisis r\u00e1pido en el sitio de la concentraci\u00f3n de todos los Protectores Fernox y otros inhibidores a base de molibdato en el agua de los sistemas de calefacci\u00f3n central. Es f\u00e1cil e intuitivo de usar y es un m\u00e9todo de prueba simple para determinar la presencia de inhibidores [&hellip;]","og_url":"https:\/\/fernox.com\/es\/product\/express-inhibitor-test\/","og_site_name":"Fernox Spain","article_modified_time":"2026-03-30T05:03:16+00:00","og_image":[{"width":800,"height":800,"url":"https:\/\/fernox.com\/es\/wp-content\/uploads\/sites\/42\/2025\/12\/62735-1LRS.jpg","type":"image\/jpeg"}],"twitter_card":"summary_large_image","twitter_misc":{"Est. reading time":"1 minute"},"schema":{"@context":"https:\/\/schema.org","@graph":[{"@type":"WebPage","@id":"https:\/\/fernox.com\/es\/product\/express-inhibitor-test\/","url":"https:\/\/fernox.com\/es\/product\/express-inhibitor-test\/","name":"Express Inhibitor Test - Fernox Spain","isPartOf":{"@id":"https:\/\/fernox.com\/es\/#website"},"primaryImageOfPage":{"@id":"https:\/\/fernox.com\/es\/product\/express-inhibitor-test\/#primaryimage"},"image":{"@id":"https:\/\/fernox.com\/es\/product\/express-inhibitor-test\/#primaryimage"},"thumbnailUrl":"https:\/\/fernox.com\/es\/wp-content\/uploads\/sites\/42\/2025\/12\/62735-1LRS.jpg","datePublished":"2026-03-30T05:03:14+00:00","dateModified":"2026-03-30T05:03:16+00:00","breadcrumb":{"@id":"https:\/\/fernox.com\/es\/product\/express-inhibitor-test\/#breadcrumb"},"inLanguage":"en-US","potentialAction":[{"@type":"ReadAction","target":["https:\/\/fernox.com\/es\/product\/express-inhibitor-test\/"]}]},{"@type":"ImageObject","inLanguage":"en-US","@id":"https:\/\/fernox.com\/es\/product\/express-inhibitor-test\/#primaryimage","url":"https:\/\/fernox.com\/es\/wp-content\/uploads\/sites\/42\/2025\/12\/62735-1LRS.jpg","contentUrl":"https:\/\/fernox.com\/es\/wp-content\/uploads\/sites\/42\/2025\/12\/62735-1LRS.jpg","width":800,"height":800},{"@type":"BreadcrumbList","@id":"https:\/\/fernox.com\/es\/product\/express-inhibitor-test\/#breadcrumb","itemListElement":[{"@type":"ListItem","position":1,"name":"Home","item":"https:\/\/fernox.com\/es\/"},{"@type":"ListItem","position":2,"name":"Products","item":"https:\/\/fernox.com\/es\/shop\/"},{"@type":"ListItem","position":3,"name":"Express Inhibitor Test"}]},{"@type":"WebSite","@id":"https:\/\/fernox.com\/es\/#website","url":"https:\/\/fernox.com\/es\/","name":"Fernox Spain","description":"","publisher":{"@id":"https:\/\/fernox.com\/es\/#organization"},"potentialAction":[{"@type":"SearchAction","target":{"@type":"EntryPoint","urlTemplate":"https:\/\/fernox.com\/es\/?s={search_term_string}"},"query-input":{"@type":"PropertyValueSpecification","valueRequired":true,"valueName":"search_term_string"}}],"inLanguage":"en-US"},{"@type":"Organization","@id":"https:\/\/fernox.com\/es\/#organization","name":"Fernox Spain","url":"https:\/\/fernox.com\/es\/","logo":{"@type":"ImageObject","inLanguage":"en-US","@id":"https:\/\/fernox.com\/es\/#\/schema\/logo\/image\/","url":"https:\/\/fernox.com\/es\/wp-content\/uploads\/sites\/42\/2020\/11\/cropped-fernox-Logo-transparent.png","contentUrl":"https:\/\/fernox.com\/es\/wp-content\/uploads\/sites\/42\/2020\/11\/cropped-fernox-Logo-transparent.png","width":664,"height":150,"caption":"Fernox Spain"},"image":{"@id":"https:\/\/fernox.com\/es\/#\/schema\/logo\/image\/"}}]}},"_links":{"self":[{"href":"https:\/\/fernox.com\/es\/wp-json\/wp\/v2\/product\/46165","targetHints":{"allow":["GET"]}}],"collection":[{"href":"https:\/\/fernox.com\/es\/wp-json\/wp\/v2\/product"}],"about":[{"href":"https:\/\/fernox.com\/es\/wp-json\/wp\/v2\/types\/product"}],"wp:featuredmedia":[{"embeddable":true,"href":"https:\/\/fernox.com\/es\/wp-json\/wp\/v2\/media\/46439"}],"wp:attachment":[{"href":"https:\/\/fernox.com\/es\/wp-json\/wp\/v2\/media?parent=46165"}],"wp:term":[{"taxonomy":"product_brand","embeddable":true,"href":"https:\/\/fernox.com\/es\/wp-json\/wp\/v2\/product_brand?post=46165"},{"taxonomy":"product_cat","embeddable":true,"href":"https:\/\/fernox.com\/es\/wp-json\/wp\/v2\/product_cat?post=46165"},{"taxonomy":"product_tag","embeddable":true,"href":"https:\/\/fernox.com\/es\/wp-json\/wp\/v2\/product_tag?post=46165"}],"curies":[{"name":"wp","href":"https:\/\/api.w.org\/{rel}","templated":true}]}}