{"id":46164,"date":"2026-04-27T06:02:49","date_gmt":"2026-04-27T04:02:49","guid":{"rendered":"https:\/\/fernox.com\/es\/product\/limescale-remover-ds-3-25kg\/"},"modified":"2026-04-27T06:02:52","modified_gmt":"2026-04-27T04:02:52","slug":"limescale-remover-ds-3-25kg","status":"publish","type":"product","link":"https:\/\/fernox.com\/es\/product\/limescale-remover-ds-3-25kg\/","title":{"rendered":"Limescale Remover DS-3 25kg"},"content":{"rendered":"<p>Usando \u00e1cido sulf\u00farico, Limescale Remover DS-3 es un producto poderoso pero respetuoso con el medio ambiente, ideal para su uso en la eliminaci\u00f3n de dep\u00f3sitos de cal que se forman en los electrodom\u00e9sticos y calentadores. Dise\u00f1ado teniendo al consumidor en mente, el producto es seguro y f\u00e1cil de usar: despu\u00e9s de cada aplicaci\u00f3n el producto cambia de color para indicar cuando el DS-3 se ha agotado y est\u00e1 listo para echarlo por el desag\u00fce.  Fernox DS-3 se usa para eliminar cal de cual tipo de calentador de agua y restaurar su eficacia. Es seguro para usarlo con acero, acero inoxidable, hierro fundido, cobre, lat\u00f3n, PVC, polietileno de caucho ABS y la mayor\u00eda de las tuber\u00edas de pl\u00e1stico.  Limitaciones: no se debe usar con aluminio, zinc, acero galvanizado, acr\u00edlico (por ejemplo, teteras y ba\u00f1os de pl\u00e1stico) de calibre delgado o muy corro\u00eddo, superficies cromadas o esmaltadas (por ejemplo, ba\u00f1os), hormig\u00f3n y amianto. Ante cualquier duda. compruebe con el fabricante<\/p>\n<ul>\n<li>Restaura eficientemente todo tipo de calentadores de agua\n<\/li>\n<li>Poderoso limpiador de cal \u00e1cida, disuelve hasta el 50 % de su propio peso de cal\n<\/li>\n<li>F\u00f3rmula inhibidora de corrosi\u00f3n\n<\/li>\n<li>Cambia de color cuando est\u00e1 agotado\n<\/li>\n<li>Seguro de aplicar y f\u00e1cil de usar\n<\/li>\n<li>Aprobado por Belgaqua.<br \/>\n<\/li>\n<\/ul>\n","protected":false},"excerpt":{"rendered":"<p>Usando \u00e1cido sulf\u00farico, Limescale Remover DS-3 es un producto poderoso pero respetuoso con el medio ambiente, ideal para su uso en la eliminaci\u00f3n de dep\u00f3sitos de cal que se forman en los electrodom\u00e9sticos y calentadores. Dise\u00f1ado teniendo al consumidor en mente, el producto es seguro y f\u00e1cil de usar: despu\u00e9s de cada aplicaci\u00f3n el producto [&hellip;]<\/p>\n","protected":false},"featured_media":46438,"template":"","meta":{"_acf_changed":false},"product_brand":[],"product_cat":[201],"product_tag":[],"class_list":{"0":"post-46164","1":"product","2":"type-product","3":"status-publish","4":"has-post-thumbnail","6":"product_cat-limescale-remedies","8":"first","9":"instock","10":"purchasable","11":"product-type-simple"},"acf":[],"_links":{"self":[{"href":"https:\/\/fernox.com\/es\/wp-json\/wp\/v2\/product\/46164","targetHints":{"allow":["GET"]}}],"collection":[{"href":"https:\/\/fernox.com\/es\/wp-json\/wp\/v2\/product"}],"about":[{"href":"https:\/\/fernox.com\/es\/wp-json\/wp\/v2\/types\/product"}],"wp:featuredmedia":[{"embeddable":true,"href":"https:\/\/fernox.com\/es\/wp-json\/wp\/v2\/media\/46438"}],"wp:attachment":[{"href":"https:\/\/fernox.com\/es\/wp-json\/wp\/v2\/media?parent=46164"}],"wp:term":[{"taxonomy":"product_brand","embeddable":true,"href":"https:\/\/fernox.com\/es\/wp-json\/wp\/v2\/product_brand?post=46164"},{"taxonomy":"product_cat","embeddable":true,"href":"https:\/\/fernox.com\/es\/wp-json\/wp\/v2\/product_cat?post=46164"},{"taxonomy":"product_tag","embeddable":true,"href":"https:\/\/fernox.com\/es\/wp-json\/wp\/v2\/product_tag?post=46164"}],"curies":[{"name":"wp","href":"https:\/\/api.w.org\/{rel}","templated":true}]}}