{"id":4977,"date":"2020-12-10T10:11:15","date_gmt":"2020-12-10T10:11:15","guid":{"rendered":"https:\/\/fxdevelopment.co.uk\/uk\/?page_id=4977"},"modified":"2024-11-15T12:04:12","modified_gmt":"2024-11-15T12:04:12","slug":"oems-specifiers","status":"publish","type":"page","link":"https:\/\/fernox.com\/es\/oems-specifiers\/","title":{"rendered":"OEM y Especificadores"},"content":{"rendered":"\t\t<div data-elementor-type=\"wp-page\" data-elementor-id=\"4977\" class=\"elementor elementor-4977\" data-elementor-post-type=\"page\">\n\t\t\t\t\t\t<section class=\"elementor-section elementor-top-section elementor-element elementor-element-4bb14d18 elementor-section-boxed elementor-section-height-default elementor-section-height-default\" data-id=\"4bb14d18\" data-element_type=\"section\" data-e-type=\"section\">\n\t\t\t\t\t\t<div class=\"elementor-container elementor-column-gap-default\">\n\t\t\t\t\t<div class=\"elementor-column elementor-col-100 elementor-top-column elementor-element elementor-element-313e544f\" data-id=\"313e544f\" data-element_type=\"column\" data-e-type=\"column\">\n\t\t\t<div class=\"elementor-widget-wrap elementor-element-populated\">\n\t\t\t\t\t\t<div class=\"elementor-element elementor-element-78fe5f09 elementor-widget elementor-widget-text-editor\" data-id=\"78fe5f09\" data-element_type=\"widget\" data-e-type=\"widget\" data-widget_type=\"text-editor.default\">\n\t\t\t\t<div class=\"elementor-widget-container\">\n\t\t\t\t\t\t\t\t\t\n<figure class=\"wp-block-image size-large is-resized\"><img fetchpriority=\"high\" decoding=\"async\" class=\"wp-image-21333\" src=\"https:\/\/fxdevelopment.co.uk\/usa-new\/wp-content\/uploads\/sites\/24\/2021\/02\/specifier1-edited.jpg\" alt=\"\" width=\"800\" height=\"450\" \/><\/figure>\n\n<h2 class=\"wp-block-heading\"><span style=\"color: #000000;\"><strong>\u00bfPor qu\u00e9 elegir Fernox?<\/strong><\/span><\/h2>\n<p><span style=\"color: #000000;\"><\/span><\/p>\n<ul class=\"wp-block-list\">\n<li><span style=\"color: #000000;\">Fabricante l\u00edder en tratamiento del agua<\/span><\/li>\n<li><span style=\"color: #000000;\">Marca de confianza \u2013 m\u00e1s de 50 a\u00f1os de experiencia en la industria de calefacci\u00f3n y fontaner\u00eda<\/span><\/li>\n<li><span style=\"color: #000000;\">Productos innovadores galardonados<\/span><\/li>\n<li><span style=\"color: #000000;\">Soporte t\u00e9cnico y servicio experto<\/span><\/li>\n<li><span style=\"color: #000000;\">Amplia instalaci\u00f3n interna de I+D<\/span><\/li>\n<li><span style=\"color: #000000;\">Compromiso con el desarrollo de productos<\/span><\/li>\n<li><span style=\"color: #000000;\">Pruebas de agua del sistema \u2013 an\u00e1lisis en laboratorio, resultados en 24 horas<\/span><\/li>\n<\/ul>\n\t\t\t\t\t\t\t\t<\/div>\n\t\t\t\t<\/div>\n\t\t\t\t\t<\/div>\n\t\t<\/div>\n\t\t\t\t\t<\/div>\n\t\t<\/section>\n\t\t\t\t<\/div>\n\t\t","protected":false},"excerpt":{"rendered":"<p>\u00bfPor qu\u00e9 elegir Fernox? Fabricante l\u00edder en tratamiento del agua Marca de confianza \u2013 m\u00e1s de 50 a\u00f1os de experiencia en la industria de calefacci\u00f3n y fontaner\u00eda Productos innovadores galardonados Soporte t\u00e9cnico y servicio experto Amplia instalaci\u00f3n interna de I+D Compromiso con el desarrollo de productos Pruebas de agua del sistema \u2013 an\u00e1lisis en laboratorio, [&hellip;]<\/p>\n","protected":false},"author":1,"featured_media":0,"parent":0,"menu_order":0,"comment_status":"closed","ping_status":"closed","template":"","meta":{"_acf_changed":false,"footnotes":""},"class_list":["post-4977","page","type-page","status-publish","hentry"],"acf":[],"_links":{"self":[{"href":"https:\/\/fernox.com\/es\/wp-json\/wp\/v2\/pages\/4977","targetHints":{"allow":["GET"]}}],"collection":[{"href":"https:\/\/fernox.com\/es\/wp-json\/wp\/v2\/pages"}],"about":[{"href":"https:\/\/fernox.com\/es\/wp-json\/wp\/v2\/types\/page"}],"author":[{"embeddable":true,"href":"https:\/\/fernox.com\/es\/wp-json\/wp\/v2\/users\/1"}],"replies":[{"embeddable":true,"href":"https:\/\/fernox.com\/es\/wp-json\/wp\/v2\/comments?post=4977"}],"version-history":[{"count":0,"href":"https:\/\/fernox.com\/es\/wp-json\/wp\/v2\/pages\/4977\/revisions"}],"wp:attachment":[{"href":"https:\/\/fernox.com\/es\/wp-json\/wp\/v2\/media?parent=4977"}],"curies":[{"name":"wp","href":"https:\/\/api.w.org\/{rel}","templated":true}]}}