{"id":4976,"date":"2020-12-10T10:10:28","date_gmt":"2020-12-10T10:10:28","guid":{"rendered":"https:\/\/fxdevelopment.co.uk\/uk\/?page_id=4976"},"modified":"2024-11-15T11:50:56","modified_gmt":"2024-11-15T11:50:56","slug":"homeowner","status":"publish","type":"page","link":"https:\/\/fernox.com\/es\/homeowner\/","title":{"rendered":"Propietario de Vivienda"},"content":{"rendered":"\t\t<div data-elementor-type=\"wp-page\" data-elementor-id=\"4976\" class=\"elementor elementor-4976\" data-elementor-post-type=\"page\">\n\t\t\t\t\t\t<section class=\"elementor-section elementor-top-section elementor-element elementor-element-41d8ca02 elementor-section-boxed elementor-section-height-default elementor-section-height-default\" data-id=\"41d8ca02\" data-element_type=\"section\" data-e-type=\"section\">\n\t\t\t\t\t\t<div class=\"elementor-container elementor-column-gap-default\">\n\t\t\t\t\t<div class=\"elementor-column elementor-col-100 elementor-top-column elementor-element elementor-element-6e5d5361\" data-id=\"6e5d5361\" data-element_type=\"column\" data-e-type=\"column\">\n\t\t\t<div class=\"elementor-widget-wrap elementor-element-populated\">\n\t\t\t\t\t\t<div class=\"elementor-element elementor-element-58402549 elementor-widget elementor-widget-text-editor\" data-id=\"58402549\" data-element_type=\"widget\" data-e-type=\"widget\" data-widget_type=\"text-editor.default\">\n\t\t\t\t<div class=\"elementor-widget-container\">\n\t\t\t\t\t\t\t\t\t\n<div class=\"wp-block-image\">\n<figure class=\"aligncenter size-large is-resized\"><img fetchpriority=\"high\" decoding=\"async\" class=\"wp-image-21338\" src=\"https:\/\/fxdevelopment.co.uk\/usa-new\/wp-content\/uploads\/sites\/24\/2021\/02\/homeowner1-1-edited.jpg\" alt=\"\" width=\"897\" height=\"504\" srcset=\"https:\/\/fernox.com\/es\/wp-content\/uploads\/sites\/42\/2021\/02\/homeowner1-1-edited.jpg 897w, https:\/\/fernox.com\/es\/wp-content\/uploads\/sites\/42\/2021\/02\/homeowner1-1-edited-300x169.jpg 300w, https:\/\/fernox.com\/es\/wp-content\/uploads\/sites\/42\/2021\/02\/homeowner1-1-edited-768x432.jpg 768w, https:\/\/fernox.com\/es\/wp-content\/uploads\/sites\/42\/2021\/02\/homeowner1-1-edited-600x337.jpg 600w\" sizes=\"(max-width: 897px) 100vw, 897px\" \/><\/figure>\n<\/div>\n\n<h2 class=\"wp-block-heading\"><span style=\"color: #000000;\"><strong>\u00bfPor qu\u00e9 es importante el tratamiento del agua?<\/strong><\/span><\/h2>\n<p><span style=\"color: #000000;\"><\/span><\/p>\n<ul class=\"wp-block-list\">\n<li><span style=\"color: #000000;\">Reducir las facturas de gas<\/span><\/li>\n<li><span style=\"color: #000000;\">Cumplimiento de la garant\u00eda de la caldera<\/span><\/li>\n<li><span style=\"color: #000000;\">Cumplimiento de las normativas de construcci\u00f3n<\/span><\/li>\n<li><span style=\"color: #000000;\">Ampliar la vida \u00fatil de la caldera y del sistema y Optimizar el rendimiento del sistema<\/span><\/li>\n<\/ul>\n\t\t\t\t\t\t\t\t<\/div>\n\t\t\t\t<\/div>\n\t\t\t\t\t<\/div>\n\t\t<\/div>\n\t\t\t\t\t<\/div>\n\t\t<\/section>\n\t\t\t\t<\/div>\n\t\t","protected":false},"excerpt":{"rendered":"<p>\u00bfPor qu\u00e9 es importante el tratamiento del agua? Reducir las facturas de gas Cumplimiento de la garant\u00eda de la caldera Cumplimiento de las normativas de construcci\u00f3n Ampliar la vida \u00fatil de la caldera y del sistema y Optimizar el rendimiento del sistema<\/p>\n","protected":false},"author":1,"featured_media":0,"parent":0,"menu_order":0,"comment_status":"closed","ping_status":"closed","template":"","meta":{"_acf_changed":false,"footnotes":""},"class_list":["post-4976","page","type-page","status-publish","hentry"],"acf":[],"_links":{"self":[{"href":"https:\/\/fernox.com\/es\/wp-json\/wp\/v2\/pages\/4976","targetHints":{"allow":["GET"]}}],"collection":[{"href":"https:\/\/fernox.com\/es\/wp-json\/wp\/v2\/pages"}],"about":[{"href":"https:\/\/fernox.com\/es\/wp-json\/wp\/v2\/types\/page"}],"author":[{"embeddable":true,"href":"https:\/\/fernox.com\/es\/wp-json\/wp\/v2\/users\/1"}],"replies":[{"embeddable":true,"href":"https:\/\/fernox.com\/es\/wp-json\/wp\/v2\/comments?post=4976"}],"version-history":[{"count":0,"href":"https:\/\/fernox.com\/es\/wp-json\/wp\/v2\/pages\/4976\/revisions"}],"wp:attachment":[{"href":"https:\/\/fernox.com\/es\/wp-json\/wp\/v2\/media?parent=4976"}],"curies":[{"name":"wp","href":"https:\/\/api.w.org\/{rel}","templated":true}]}}