{"id":4975,"date":"2020-12-10T10:09:30","date_gmt":"2020-12-10T10:09:30","guid":{"rendered":"https:\/\/fxdevelopment.co.uk\/uk\/?page_id=4975"},"modified":"2024-11-15T15:04:21","modified_gmt":"2024-11-15T15:04:21","slug":"merchants","status":"publish","type":"page","link":"https:\/\/fernox.com\/es\/merchants\/","title":{"rendered":"Comerciante \/ Distribuidor"},"content":{"rendered":"\t\t<div data-elementor-type=\"wp-page\" data-elementor-id=\"4975\" class=\"elementor elementor-4975\" data-elementor-post-type=\"page\">\n\t\t\t\t\t\t<section class=\"elementor-section elementor-top-section elementor-element elementor-element-5c8bd920 elementor-section-boxed elementor-section-height-default elementor-section-height-default\" data-id=\"5c8bd920\" data-element_type=\"section\" data-e-type=\"section\">\n\t\t\t\t\t\t<div class=\"elementor-container elementor-column-gap-default\">\n\t\t\t\t\t<div class=\"elementor-column elementor-col-100 elementor-top-column elementor-element elementor-element-c1b83b0\" data-id=\"c1b83b0\" data-element_type=\"column\" data-e-type=\"column\">\n\t\t\t<div class=\"elementor-widget-wrap elementor-element-populated\">\n\t\t\t\t\t\t<div class=\"elementor-element elementor-element-7d8a1cfc elementor-widget elementor-widget-text-editor\" data-id=\"7d8a1cfc\" data-element_type=\"widget\" data-e-type=\"widget\" data-widget_type=\"text-editor.default\">\n\t\t\t\t<div class=\"elementor-widget-container\">\n\t\t\t\t\t\t\t\t\t<p><\/p>\n<div>\n<figure><img fetchpriority=\"high\" decoding=\"async\" src=\"https:\/\/fxdevelopment.co.uk\/usa-new\/wp-content\/uploads\/sites\/24\/2021\/02\/catalogue-edited.jpg\" alt=\"\" width=\"770\" height=\"433\" \/><\/figure>\n<\/div>\n<p><\/p>\n<h2 class=\"wp-block-heading\"><strong><span style=\"color: #000000;\">\u00bfPor qu\u00e9 elegir Fernox?<\/span><\/strong><\/h2>\n<p><\/p>\n<ul class=\"wp-block-list\">\n<li><span style=\"color: #000000;\">Gama completa de productos: tratamiento del agua, filtros de sistemas, fontaner\u00eda<\/span><\/li>\n<li><span style=\"color: #000000;\">Marca l\u00edder en el mercado y de confianza durante m\u00e1s de 50 a\u00f1os<\/span><\/li>\n<li><span style=\"color: #000000;\">Productos de calidad y fiabilidad excepcionales<\/span><\/li>\n<li><span style=\"color: #000000;\">Cadena de suministro garantizada<\/span><\/li>\n<li><span style=\"color: #000000;\">Material de soporte de marketing<\/span><\/li>\n<\/ul>\n<p><\/p>\t\t\t\t\t\t\t\t<\/div>\n\t\t\t\t<\/div>\n\t\t\t\t\t<\/div>\n\t\t<\/div>\n\t\t\t\t\t<\/div>\n\t\t<\/section>\n\t\t\t\t<\/div>\n\t\t","protected":false},"excerpt":{"rendered":"<p>\u00bfPor qu\u00e9 elegir Fernox? Gama completa de productos: tratamiento del agua, filtros de sistemas, fontaner\u00eda Marca l\u00edder en el mercado y de confianza durante m\u00e1s de 50 a\u00f1os Productos de calidad y fiabilidad excepcionales Cadena de suministro garantizada Material de soporte de marketing<\/p>\n","protected":false},"author":1,"featured_media":0,"parent":0,"menu_order":0,"comment_status":"closed","ping_status":"closed","template":"","meta":{"_acf_changed":false,"footnotes":""},"class_list":["post-4975","page","type-page","status-publish","hentry"],"acf":[],"_links":{"self":[{"href":"https:\/\/fernox.com\/es\/wp-json\/wp\/v2\/pages\/4975","targetHints":{"allow":["GET"]}}],"collection":[{"href":"https:\/\/fernox.com\/es\/wp-json\/wp\/v2\/pages"}],"about":[{"href":"https:\/\/fernox.com\/es\/wp-json\/wp\/v2\/types\/page"}],"author":[{"embeddable":true,"href":"https:\/\/fernox.com\/es\/wp-json\/wp\/v2\/users\/1"}],"replies":[{"embeddable":true,"href":"https:\/\/fernox.com\/es\/wp-json\/wp\/v2\/comments?post=4975"}],"version-history":[{"count":0,"href":"https:\/\/fernox.com\/es\/wp-json\/wp\/v2\/pages\/4975\/revisions"}],"wp:attachment":[{"href":"https:\/\/fernox.com\/es\/wp-json\/wp\/v2\/media?parent=4975"}],"curies":[{"name":"wp","href":"https:\/\/api.w.org\/{rel}","templated":true}]}}