{"id":4974,"date":"2020-12-10T10:08:38","date_gmt":"2020-12-10T10:08:38","guid":{"rendered":"https:\/\/fxdevelopment.co.uk\/uk\/?page_id=4974"},"modified":"2024-11-15T15:01:16","modified_gmt":"2024-11-15T15:01:16","slug":"installer","status":"publish","type":"page","link":"https:\/\/fernox.com\/es\/installer\/","title":{"rendered":"Instalador"},"content":{"rendered":"\t\t<div data-elementor-type=\"wp-page\" data-elementor-id=\"4974\" class=\"elementor elementor-4974\" data-elementor-post-type=\"page\">\n\t\t\t\t\t\t<section class=\"elementor-section elementor-top-section elementor-element elementor-element-6d05cadb elementor-section-boxed elementor-section-height-default elementor-section-height-default\" data-id=\"6d05cadb\" data-element_type=\"section\" data-e-type=\"section\">\n\t\t\t\t\t\t<div class=\"elementor-container elementor-column-gap-default\">\n\t\t\t\t\t<div class=\"elementor-column elementor-col-100 elementor-top-column elementor-element elementor-element-1b3da0d5\" data-id=\"1b3da0d5\" data-element_type=\"column\" data-e-type=\"column\">\n\t\t\t<div class=\"elementor-widget-wrap elementor-element-populated\">\n\t\t\t\t\t\t<div class=\"elementor-element elementor-element-5fb3788a elementor-widget elementor-widget-text-editor\" data-id=\"5fb3788a\" data-element_type=\"widget\" data-e-type=\"widget\" data-widget_type=\"text-editor.default\">\n\t\t\t\t<div class=\"elementor-widget-container\">\n\t\t\t\t\t\t\t\t\t\n<div class=\"wp-block-image\">\n<figure class=\"aligncenter size-large is-resized\"><img fetchpriority=\"high\" decoding=\"async\" class=\"wp-image-21346\" src=\"https:\/\/fxdevelopment.co.uk\/usa-new\/wp-content\/uploads\/sites\/24\/2021\/02\/about-banner-edited.jpg\" alt=\"\" width=\"800\" height=\"450\" \/><\/figure>\n<\/div>\n\n<h2 class=\"wp-block-heading\"><span style=\"color: #000000;\"><strong>\u00bfPor qu\u00e9 elegir Fernox?<\/strong><\/span><\/h2>\n<p><span style=\"color: #000000;\"><\/span><\/p>\n<ul class=\"wp-block-list\">\n<li><span style=\"color: #000000;\">Productos de calidad y fiables<\/span><\/li>\n<li><span style=\"color: #000000;\">F\u00e1ciles de dosificar, r\u00e1pidos de instalar, filtros galardonados<\/span><\/li>\n<li><span style=\"color: #000000;\">Marca de confianza con m\u00e1s de 50 a\u00f1os de experiencia<\/span><\/li>\n<li><span style=\"color: #000000;\">Disponible en los principales distribuidores de fontaner\u00eda<\/span><\/li>\n<li><span style=\"color: #000000;\">Gama completa de productos<\/span><\/li>\n<li><span style=\"color: #000000;\">Inhibidor l\u00edder en el mercado: Protector F1<\/span><\/li>\n<\/ul>\n\t\t\t\t\t\t\t\t<\/div>\n\t\t\t\t<\/div>\n\t\t\t\t\t<\/div>\n\t\t<\/div>\n\t\t\t\t\t<\/div>\n\t\t<\/section>\n\t\t\t\t<\/div>\n\t\t","protected":false},"excerpt":{"rendered":"<p>\u00bfPor qu\u00e9 elegir Fernox? Productos de calidad y fiables F\u00e1ciles de dosificar, r\u00e1pidos de instalar, filtros galardonados Marca de confianza con m\u00e1s de 50 a\u00f1os de experiencia Disponible en los principales distribuidores de fontaner\u00eda Gama completa de productos Inhibidor l\u00edder en el mercado: Protector F1<\/p>\n","protected":false},"author":1,"featured_media":0,"parent":0,"menu_order":0,"comment_status":"closed","ping_status":"closed","template":"","meta":{"_acf_changed":false,"footnotes":""},"class_list":["post-4974","page","type-page","status-publish","hentry"],"acf":[],"_links":{"self":[{"href":"https:\/\/fernox.com\/es\/wp-json\/wp\/v2\/pages\/4974","targetHints":{"allow":["GET"]}}],"collection":[{"href":"https:\/\/fernox.com\/es\/wp-json\/wp\/v2\/pages"}],"about":[{"href":"https:\/\/fernox.com\/es\/wp-json\/wp\/v2\/types\/page"}],"author":[{"embeddable":true,"href":"https:\/\/fernox.com\/es\/wp-json\/wp\/v2\/users\/1"}],"replies":[{"embeddable":true,"href":"https:\/\/fernox.com\/es\/wp-json\/wp\/v2\/comments?post=4974"}],"version-history":[{"count":0,"href":"https:\/\/fernox.com\/es\/wp-json\/wp\/v2\/pages\/4974\/revisions"}],"wp:attachment":[{"href":"https:\/\/fernox.com\/es\/wp-json\/wp\/v2\/media?parent=4974"}],"curies":[{"name":"wp","href":"https:\/\/api.w.org\/{rel}","templated":true}]}}