{"id":46026,"date":"2025-09-18T17:19:28","date_gmt":"2025-09-18T15:19:28","guid":{"rendered":"https:\/\/fernox.com\/es\/?page_id=46026"},"modified":"2025-09-18T17:41:15","modified_gmt":"2025-09-18T15:41:15","slug":"tc-giweaway","status":"publish","type":"page","link":"https:\/\/fernox.com\/es\/tc-giweaway\/","title":{"rendered":"T&#038;C Giweaway"},"content":{"rendered":"\t\t<div data-elementor-type=\"wp-page\" data-elementor-id=\"46026\" class=\"elementor elementor-46026\" data-elementor-post-type=\"page\">\n\t\t\t\t<div class=\"elementor-element elementor-element-9409660 e-flex e-con-boxed e-con e-parent\" data-id=\"9409660\" data-element_type=\"container\" data-e-type=\"container\">\n\t\t\t\t\t<div class=\"e-con-inner\">\n\t\t\t\t<div class=\"elementor-element elementor-element-042ac02 elementor-widget elementor-widget-heading\" data-id=\"042ac02\" data-element_type=\"widget\" data-e-type=\"widget\" data-widget_type=\"heading.default\">\n\t\t\t\t<div class=\"elementor-widget-container\">\n\t\t\t\t\t<h2 class=\"elementor-heading-title elementor-size-default\">Bases del concurso \"Sorteo de verano\"<\/h2>\t\t\t\t<\/div>\n\t\t\t\t<\/div>\n\t\t\t\t<div class=\"elementor-element elementor-element-4eeec18 elementor-widget elementor-widget-heading\" data-id=\"4eeec18\" data-element_type=\"widget\" data-e-type=\"widget\" data-widget_type=\"heading.default\">\n\t\t\t\t<div class=\"elementor-widget-container\">\n\t\t\t\t\t<h5 class=\"elementor-heading-title elementor-size-default\">1.\tPROMOTOR Y SORTEO<\/h5>\t\t\t\t<\/div>\n\t\t\t\t<\/div>\n\t\t\t\t<div class=\"elementor-element elementor-element-6ac28fb elementor-widget elementor-widget-text-editor\" data-id=\"6ac28fb\" data-element_type=\"widget\" data-e-type=\"widget\" data-widget_type=\"text-editor.default\">\n\t\t\t\t<div class=\"elementor-widget-container\">\n\t\t\t\t\t\t\t\t\t<p>1. El nombre del sorteo es &#8220;Sorteo de verano&#8221; (el &#8220;<strong>Sorteo<\/strong>&#8220;).<\/p><p>1.2. Estas bases son de naturaleza obligatoria y se aplicar\u00e1n a su participaci\u00f3n en el Sorteo. Debe leerlas con atenci\u00f3n antes de participar en el Sorteo. Al participar en el Sorteo se entiende que el participante ha aceptado las bases y queda obligado por su contenido.<\/p><p>1.3. El promotor del Sorteo es MacDermid Performance Solutions Espa\u00f1ola, S.A., sociedad con domicilio social en la avenida de la Riera 36, 08960 Sant Just Desvern (Barcelona, Espa\u00f1a) (&#8220;<strong>Fernox<\/strong>&#8220;).<\/p><p>1.4. El Sorteo no cuenta con el patrocinio, el apoyo o la gesti\u00f3n de Meta, Instagram o Facebook ni tiene relaci\u00f3n con ellos, y los participantes aceptan no presentar reclamaciones a Instagram con respecto al Sorteo.<\/p><p>1.5. El Sorteo tiene como objetivo reconocer a los seguidores de Fernox.<\/p><p>1.6. Estas bases se podr\u00e1n consultar como m\u00ednimo durante el Per\u00edodo de Promoci\u00f3n seg\u00fan el apartado 2 siguiente en el sitio web https:\/\/fernox.com\/es\/, desde donde se podr\u00e1n imprimir o descargar.<\/p>\t\t\t\t\t\t\t\t<\/div>\n\t\t\t\t<\/div>\n\t\t\t\t<div class=\"elementor-element elementor-element-1cfb329 elementor-widget elementor-widget-heading\" data-id=\"1cfb329\" data-element_type=\"widget\" data-e-type=\"widget\" data-widget_type=\"heading.default\">\n\t\t\t\t<div class=\"elementor-widget-container\">\n\t\t\t\t\t<h5 class=\"elementor-heading-title elementor-size-default\">2.\tPROMOTOR Y SORTEO<\/h5>\t\t\t\t<\/div>\n\t\t\t\t<\/div>\n\t\t\t\t<div class=\"elementor-element elementor-element-ec1064d elementor-widget elementor-widget-text-editor\" data-id=\"ec1064d\" data-element_type=\"widget\" data-e-type=\"widget\" data-widget_type=\"text-editor.default\">\n\t\t\t\t<div class=\"elementor-widget-container\">\n\t\t\t\t\t\t\t\t\t<p>2.1. El Sorteo comenzar\u00e1 a las 00:01 h (CET) del jueves 18 de septiembre de 2025 (la &#8220;<strong>Fecha de Inicio<\/strong>&#8220;) y terminar\u00e1 a las 23:59 h (CET) del martes 30 de septiembre de 2025 (la &#8220;<strong>Fecha de Finalizaci\u00f3n<\/strong>&#8220;), ambos inclusive (el &#8220;<strong>Per\u00edodo de Promoci\u00f3n<\/strong>&#8220;).<\/p><p>2.2. No se tendr\u00e1n en cuenta ni se aceptar\u00e1n las participaciones recibidas fuera del Per\u00edodo de Promoci\u00f3n.<\/p>\t\t\t\t\t\t\t\t<\/div>\n\t\t\t\t<\/div>\n\t\t\t\t<div class=\"elementor-element elementor-element-0999120 elementor-widget elementor-widget-heading\" data-id=\"0999120\" data-element_type=\"widget\" data-e-type=\"widget\" data-widget_type=\"heading.default\">\n\t\t\t\t<div class=\"elementor-widget-container\">\n\t\t\t\t\t<h5 class=\"elementor-heading-title elementor-size-default\">3. REQUISITOS DE PARTICIPACI\u00d3N<\/h5>\t\t\t\t<\/div>\n\t\t\t\t<\/div>\n\t\t\t\t<div class=\"elementor-element elementor-element-4e6d844 elementor-widget elementor-widget-text-editor\" data-id=\"4e6d844\" data-element_type=\"widget\" data-e-type=\"widget\" data-widget_type=\"text-editor.default\">\n\t\t\t\t<div class=\"elementor-widget-container\">\n\t\t\t\t\t\t\t\t\t<p>3.1. En el Sorteo puede participar toda persona (excepto los Participantes Excluidos que se indican en el apartado 3.2) que cumpla las instrucciones y requisitos establecidos en estas bases y los requisitos siguientes:<\/p><ul><li>Residir en Espa\u00f1a (solo territorio peninsular);<\/li><li>Tener 18 a\u00f1os o m\u00e1s; y<\/li><li>Tener una cuenta en Instagram.<br \/><br \/><\/li><\/ul><p>3.2. Las personas siguientes no podr\u00e1n participar en el Sorteo (los &#8220;<strong>Participantes Excluidos<\/strong>&#8220;):<\/p><ul><li>Trabajadores del Promotor o de sus empresas relacionadas;<\/li><li>Trabajadores de representantes o proveedores del Promotor o de sus empresas relacionadas, que tengan una relaci\u00f3n profesional con el Sorteo o su gesti\u00f3n; y<\/li><li>Miembros de las familias u hogares directos de las personas especificadas en los apartados 3.2.1 y 3.2.2 anteriores.<br \/><br \/><\/li><\/ul><p>3.3. Al participar en el Sorteo, el participante confirma que re\u00fane los requisitos para su participaci\u00f3n y que puede reclamar el premio que gane. El Promotor podr\u00e1 pedirle que aporte pruebas de que re\u00fane los requisitos para participar en el Sorteo y podr\u00e1 descalificarle si no puede aportar esas pruebas cuando se soliciten.<\/p><p>El Promotor tambi\u00e9n podr\u00e1 descalificar del Sorteo a los participantes que no cumplan estas bases y, en especial, a los que participen (o se sospeche que participen) en el Sorteo de forma fraudulenta o enga\u00f1osa, incluido, a t\u00edtulo de ejemplo, mediante la manipulaci\u00f3n de c\u00f3digos, m\u00faltiples participaciones generadas por medios inform\u00e1ticos o participaciones que se hayan modificado, reconstruido, falsificado o manipulado.<\/p><p>3.4. El Promotor se reserva el derecho a comprobar, a su entera discreci\u00f3n, qui\u00e9nes cumplen los requisitos para participar en la promoci\u00f3n.<\/p>\t\t\t\t\t\t\t\t<\/div>\n\t\t\t\t<\/div>\n\t\t\t\t<div class=\"elementor-element elementor-element-f293704 elementor-widget elementor-widget-heading\" data-id=\"f293704\" data-element_type=\"widget\" data-e-type=\"widget\" data-widget_type=\"heading.default\">\n\t\t\t\t<div class=\"elementor-widget-container\">\n\t\t\t\t\t<h5 class=\"elementor-heading-title elementor-size-default\">4. \tC\u00d3MO PARTICIPAR<\/h5>\t\t\t\t<\/div>\n\t\t\t\t<\/div>\n\t\t\t\t<div class=\"elementor-element elementor-element-475b90f elementor-widget elementor-widget-text-editor\" data-id=\"475b90f\" data-element_type=\"widget\" data-e-type=\"widget\" data-widget_type=\"text-editor.default\">\n\t\t\t\t<div class=\"elementor-widget-container\">\n\t\t\t\t\t\t\t\t\t<p>4.1. La participaci\u00f3n en el Sorteo es gratuita y no es necesario realizar ninguna compra.<\/p><p>4.2. Para participar en el Sorteo:<\/p><ul><li>Los participantes deber\u00e1n dar &#8220;Me gusta&#8221; a la publicaci\u00f3n social del Sorteo en Instagram.<\/li><li>Los participantes deber\u00e1n comentar la publicaci\u00f3n social del Sorteo en Instagram respondiendo a la siguiente pregunta: <u>&#8220;Si fuera instalador, \u00bfc\u00f3mo recomendar\u00eda Fernox a un cliente en una frase?&#8221;<\/u>.<\/li><li>Los participantes deber\u00e1n etiquetar a un amigo cuando hagan su comentario; y<\/li><li>Los participantes deber\u00e1n compartir en sus historias la publicaci\u00f3n social del Sorteo.<br \/><br \/><\/li><\/ul><p>4.3. Cada comentario publicado que cumpla los requisitos previstos en el apartado 4.2 dar\u00e1 al Participante una participaci\u00f3n adicional. Los participantes podr\u00e1n hacer varios comentarios para mejorar sus posibilidades de ganar el premio.<\/p><p>4.4. El Promotor no asume ninguna responsabilidad por las participaciones que no se completen con \u00e9xito debido a fallos t\u00e9cnicos, como es cualquier tipo de mal funcionamiento t\u00e9cnico, error de hardware o software inform\u00e1tico, fallo de sat\u00e9lite, de la red o del servidor.<\/p>\t\t\t\t\t\t\t\t<\/div>\n\t\t\t\t<\/div>\n\t\t\t\t<div class=\"elementor-element elementor-element-dac745c elementor-widget elementor-widget-heading\" data-id=\"dac745c\" data-element_type=\"widget\" data-e-type=\"widget\" data-widget_type=\"heading.default\">\n\t\t\t\t<div class=\"elementor-widget-container\">\n\t\t\t\t\t<h5 class=\"elementor-heading-title elementor-size-default\">5.\tFUNCIONAMIENTO DEL SORTEO Y PREMIO<\/h5>\t\t\t\t<\/div>\n\t\t\t\t<\/div>\n\t\t\t\t<div class=\"elementor-element elementor-element-223caf9 elementor-widget elementor-widget-text-editor\" data-id=\"223caf9\" data-element_type=\"widget\" data-e-type=\"widget\" data-widget_type=\"text-editor.default\">\n\t\t\t\t<div class=\"elementor-widget-container\">\n\t\t\t\t\t\t\t\t\t<p>Al final del Per\u00edodo de Promoci\u00f3n, un jurado interno de Fernox elegir\u00e1 a tres (3) ganadores. El jurado valorar\u00e1 todas las participaciones bas\u00e1ndose en la originalidad y creatividad de la respuesta. Los tres ganadores ser\u00e1n aquellos que hayan respondido de forma m\u00e1s brillante, a criterio del jurado, a la pregunta del concurso el 18 de septiembre (&#8220;<strong>Fecha del Concurso<\/strong>&#8220;).<\/p>\t\t\t\t\t\t\t\t<\/div>\n\t\t\t\t<\/div>\n\t\t\t\t<div class=\"elementor-element elementor-element-b009fb8 elementor-widget elementor-widget-heading\" data-id=\"b009fb8\" data-element_type=\"widget\" data-e-type=\"widget\" data-widget_type=\"heading.default\">\n\t\t\t\t<div class=\"elementor-widget-container\">\n\t\t\t\t\t<h5 class=\"elementor-heading-title elementor-size-default\">6.\tPREMIO<\/h5>\t\t\t\t<\/div>\n\t\t\t\t<\/div>\n\t\t\t\t<div class=\"elementor-element elementor-element-c81700c elementor-widget elementor-widget-text-editor\" data-id=\"c81700c\" data-element_type=\"widget\" data-e-type=\"widget\" data-widget_type=\"text-editor.default\">\n\t\t\t\t<div class=\"elementor-widget-container\">\n\t\t\t\t\t\t\t\t\t<p>6.1. El premio para cada ganador ser\u00e1 un vale de Decathlon por valor de CIEN EUROS (100\u00a0\u20ac) (el &#8220;<strong>Premio<\/strong>&#8220;).<\/p><p>6.2. Hay tres (3) Premios en total.<\/p><p>6.3. Fernox facilitar\u00e1 y entregar\u00e1 los Premios.<\/p><p>6.4.El Promotor se reserva el derecho a sustituir el Premio por un premio alternativo de igual o mayor valor si existen circunstancias ajenas al Promotor que as\u00ed lo exijan.<\/p><p>6.5. El Premio no es negociable y no podr\u00e1 cambiarse, reembolsarse ni transferirse. Tampoco se ofrecer\u00e1n alternativas en met\u00e1lico.<\/p>\t\t\t\t\t\t\t\t<\/div>\n\t\t\t\t<\/div>\n\t\t\t\t<div class=\"elementor-element elementor-element-d945fb0 elementor-widget elementor-widget-heading\" data-id=\"d945fb0\" data-element_type=\"widget\" data-e-type=\"widget\" data-widget_type=\"heading.default\">\n\t\t\t\t<div class=\"elementor-widget-container\">\n\t\t\t\t\t<h5 class=\"elementor-heading-title elementor-size-default\">7.\tGANADORES<\/h5>\t\t\t\t<\/div>\n\t\t\t\t<\/div>\n\t\t\t\t<div class=\"elementor-element elementor-element-3e871e5 elementor-widget elementor-widget-text-editor\" data-id=\"3e871e5\" data-element_type=\"widget\" data-e-type=\"widget\" data-widget_type=\"text-editor.default\">\n\t\t\t\t<div class=\"elementor-widget-container\">\n\t\t\t\t\t\t\t\t\t<p>7.1. La decisi\u00f3n del Promotor ser\u00e1 definitiva y no podr\u00e1 entablarse correspondencia ni discusi\u00f3n al respecto.<\/p><p>7.2. El contacto con los ganadores se har\u00e1 en primera instancia mediante mensaje directo en el canal de redes sociales correspondiente entre el lunes 6 y el viernes 10 de octubre de 2025 (&#8220;<strong>Fecha del Anuncio<\/strong>&#8220;). Para reclamar el premio, los ganadores tendr\u00e1n que responder en Instagram Messenger con su nombre, direcci\u00f3n de correo electr\u00f3nico y direcci\u00f3n postal.<\/p><p>7.3. El Promotor emplear\u00e1 los medios razonables a su alcance para ponerse en contacto con los ganadores. Si no puede contactar con un ganador en los 14 d\u00edas siguientes a la Fecha del Anuncio, el Premio de ese ganador quedar\u00e1 anulado y el Promotor se reserva el derecho a ofrecer el Premio seg\u00fan el proceso antes descrito.<\/p><p>7.4. El Promotor les solicitar\u00e1 informaci\u00f3n personal, como datos de identificaci\u00f3n (por ejemplo, documento de identidad) e informaci\u00f3n de contacto (por ejemplo, direcci\u00f3n de entrega). Si los ganadores no facilitan esta informaci\u00f3n en los 14 d\u00edas siguientes a la Fecha del Anuncio, el Premio del ganador quedar\u00e1 anulado y el Promotor se reserva el derecho a ofrecer el Premio seg\u00fan el proceso antes descrito.<\/p><p>7.5. Los Premios se enviar\u00e1n directamente a los ganadores por correo postal. Los Premios se enviar\u00e1n a los ganadores en los 28 d\u00edas siguientes a la Fecha del Anuncio y se entregar\u00e1n en la direcci\u00f3n de entrega confirmada.<\/p><p>7.6. El Promotor no asume ninguna responsabilidad en caso de que un ganador no pueda aceptar el premio.<\/p><p>7.7. El Promotor no asume ninguna responsabilidad por las p\u00e9rdidas derivadas del suministro de datos de contacto o direcci\u00f3n incorrectos por parte de los ganadores.<\/p><p>7.8. El Promotor tendr\u00e1 la obligaci\u00f3n de publicar o facilitar informaci\u00f3n que indique que se ha producido una adjudicaci\u00f3n v\u00e1lida del premio.<\/p><p>7.9. El Promotor practicar\u00e1 las retenciones fiscales que correspondan conforme a la legislaci\u00f3n aplicable. A tal efecto, el Promotor solicitar\u00e1 a los ganadores toda la informaci\u00f3n necesaria.<\/p>\t\t\t\t\t\t\t\t<\/div>\n\t\t\t\t<\/div>\n\t\t\t\t<div class=\"elementor-element elementor-element-8406ebc elementor-widget elementor-widget-heading\" data-id=\"8406ebc\" data-element_type=\"widget\" data-e-type=\"widget\" data-widget_type=\"heading.default\">\n\t\t\t\t<div class=\"elementor-widget-container\">\n\t\t\t\t\t<h5 class=\"elementor-heading-title elementor-size-default\">8.\tLIMITACI\u00d3N DE RESPONSABILIDAD<\/h5>\t\t\t\t<\/div>\n\t\t\t\t<\/div>\n\t\t\t\t<div class=\"elementor-element elementor-element-0db5704 elementor-widget elementor-widget-text-editor\" data-id=\"0db5704\" data-element_type=\"widget\" data-e-type=\"widget\" data-widget_type=\"text-editor.default\">\n\t\t\t\t<div class=\"elementor-widget-container\">\n\t\t\t\t\t\t\t\t\t<p>8.1. En la medida en que lo permita la ley, el Promotor, sus representantes o distribuidores no ser\u00e1n responsables, en ning\u00fan caso, de resarcir al ganador ni asumir\u00e1n responsabilidad alguna por p\u00e9rdidas, da\u00f1os y perjuicios, da\u00f1os personales o muertes que se produzcan como consecuencia de la obtenci\u00f3n del premio, salvo cuando ello se deba a la negligencia del Promotor, sus representantes o distribuidores o la de sus trabajadores. Los derechos legales de los participantes no se ver\u00e1n afectados.<\/p><p>8.2. Ni Fernox ni otras personas o partes relacionadas con el Sorteo ser\u00e1n responsables de las p\u00e9rdidas o da\u00f1os y perjuicios sufridos (incluidos, a t\u00edtulo de ejemplo, p\u00e9rdidas o da\u00f1os y perjuicios indirectos o emergentes) ni de los da\u00f1os personales sufridos o las muertes producidas en relaci\u00f3n con la participaci\u00f3n en la promoci\u00f3n o con los premios ofrecidos.<\/p>\t\t\t\t\t\t\t\t<\/div>\n\t\t\t\t<\/div>\n\t\t\t\t<div class=\"elementor-element elementor-element-e830951 elementor-widget elementor-widget-heading\" data-id=\"e830951\" data-element_type=\"widget\" data-e-type=\"widget\" data-widget_type=\"heading.default\">\n\t\t\t\t<div class=\"elementor-widget-container\">\n\t\t\t\t\t<h5 class=\"elementor-heading-title elementor-size-default\">9.\tPROTECCI\u00d3N DE DATOS <\/h5>\t\t\t\t<\/div>\n\t\t\t\t<\/div>\n\t\t\t\t<div class=\"elementor-element elementor-element-c336b52 elementor-widget elementor-widget-text-editor\" data-id=\"c336b52\" data-element_type=\"widget\" data-e-type=\"widget\" data-widget_type=\"text-editor.default\">\n\t\t\t\t<div class=\"elementor-widget-container\">\n\t\t\t\t\t\t\t\t\t<p>9.1. Fernox Limited llevar\u00e1 a cabo el tratamiento de los datos personales de los participantes y ganadores con el fin de gestionar su participaci\u00f3n en el Sorteo, entregar el Premio cuando corresponda y cumplir las obligaciones fiscales pertinentes. Para recibir el Premio, los participantes deber\u00e1n facilitar sus datos personales.<\/p><p>9.2. Puede consultar m\u00e1s informaci\u00f3n sobre c\u00f3mo tratamos los datos personales de los participantes en la pol\u00edtica de privacidad del Promotor publicada en el sitio web de Fernox. V\u00e9ase tambi\u00e9n el apartado <strong>Error! Reference source not found.<\/strong> sobre el anuncio de los ganadores.<\/p><p>9.3. Los participantes y ganadores podr\u00e1n ejercitar sus derechos de protecci\u00f3n de datos (como los de acceso, rectificaci\u00f3n, supresi\u00f3n, oposici\u00f3n, portabilidad y limitaci\u00f3n del tratamiento) enviando un correo electr\u00f3nico a DPPA@MacDermid.com. Tambi\u00e9n pueden presentar su reclamaci\u00f3n ante la Autoridad Espa\u00f1ola de Protecci\u00f3n de Datos.<\/p>\t\t\t\t\t\t\t\t<\/div>\n\t\t\t\t<\/div>\n\t\t\t\t<div class=\"elementor-element elementor-element-263f9c3 elementor-widget elementor-widget-heading\" data-id=\"263f9c3\" data-element_type=\"widget\" data-e-type=\"widget\" data-widget_type=\"heading.default\">\n\t\t\t\t<div class=\"elementor-widget-container\">\n\t\t\t\t\t<h5 class=\"elementor-heading-title elementor-size-default\">10.\tCONDICIONES GENERALES<\/h5>\t\t\t\t<\/div>\n\t\t\t\t<\/div>\n\t\t\t\t<div class=\"elementor-element elementor-element-2a0c210 elementor-widget elementor-widget-text-editor\" data-id=\"2a0c210\" data-element_type=\"widget\" data-e-type=\"widget\" data-widget_type=\"text-editor.default\">\n\t\t\t\t<div class=\"elementor-widget-container\">\n\t\t\t\t\t\t\t\t\t<p>10.1. Si existen motivos para creer que se ha producido un incumplimiento de estas bases, el Promotor podr\u00e1 reservarse, a su entera discreci\u00f3n, el derecho a rechazar la participaci\u00f3n o negarse a entregar el Premio a las personas que incumplan las bases.<\/p><p>10.2. El Promotor podr\u00e1 suspender, cancelar o modificar el Sorteo cuando lo considere necesario y, en tal caso, lo pondr\u00e1 en conocimiento de los participantes. Se entender\u00e1 que los participantes aceptan que Fernox no ser\u00e1 responsable en caso de retirada, modificaci\u00f3n o variaci\u00f3n, salvo en caso de culpa por su parte.<\/p><p>10.3. El Promotor se reserva el derecho a modificar o adaptar estas bases para reflejar cambios menores que no afecten a la naturaleza del Sorteo o a los derechos de los participantes como consumidores (por ejemplo, cambios que reflejen leyes y requisitos reguladores de inter\u00e9s). Cuando hagamos cambios m\u00e1s importantes durante el Sorteo, comunicaremos tales modificaciones a los participantes.<\/p><p>10.4. Estas bases y el Sorteo se regir\u00e1n por la legislaci\u00f3n espa\u00f1ola y, con independencia de su lugar de residencia, los participantes podr\u00e1n interponer las reclamaciones o demandas oportunas contra nosotros ante los juzgados y tribunales de Barcelona (Espa\u00f1a).<\/p><p>10.5. Como consumidores, los participantes podr\u00e1n acogerse a las normas imperativas previstas en la legislaci\u00f3n del pa\u00eds en que sean residentes. Nada de lo dispuesto en estas bases, incluido este apartado, afectar\u00e1 a los derechos de los participantes como consumidores a acogerse a las normas imperativas citadas de la legislaci\u00f3n local.<\/p>\t\t\t\t\t\t\t\t<\/div>\n\t\t\t\t<\/div>\n\t\t\t\t\t<\/div>\n\t\t\t\t<\/div>\n\t\t\t\t<\/div>\n\t\t","protected":false},"excerpt":{"rendered":"<p>Bases del concurso &#8220;Sorteo de verano&#8221; 1. PROMOTOR Y SORTEO 1. El nombre del sorteo es &#8220;Sorteo de verano&#8221; (el &#8220;Sorteo&#8220;). 1.2. Estas bases son de naturaleza obligatoria y se aplicar\u00e1n a su participaci\u00f3n en el Sorteo. Debe leerlas con atenci\u00f3n antes de participar en el Sorteo. Al participar en el Sorteo se entiende que [&hellip;]<\/p>\n","protected":false},"author":62,"featured_media":0,"parent":0,"menu_order":0,"comment_status":"closed","ping_status":"closed","template":"elementor_header_footer","meta":{"_acf_changed":false,"footnotes":""},"class_list":["post-46026","page","type-page","status-publish","hentry"],"acf":[],"_links":{"self":[{"href":"https:\/\/fernox.com\/es\/wp-json\/wp\/v2\/pages\/46026","targetHints":{"allow":["GET"]}}],"collection":[{"href":"https:\/\/fernox.com\/es\/wp-json\/wp\/v2\/pages"}],"about":[{"href":"https:\/\/fernox.com\/es\/wp-json\/wp\/v2\/types\/page"}],"author":[{"embeddable":true,"href":"https:\/\/fernox.com\/es\/wp-json\/wp\/v2\/users\/62"}],"replies":[{"embeddable":true,"href":"https:\/\/fernox.com\/es\/wp-json\/wp\/v2\/comments?post=46026"}],"version-history":[{"count":0,"href":"https:\/\/fernox.com\/es\/wp-json\/wp\/v2\/pages\/46026\/revisions"}],"wp:attachment":[{"href":"https:\/\/fernox.com\/es\/wp-json\/wp\/v2\/media?parent=46026"}],"curies":[{"name":"wp","href":"https:\/\/api.w.org\/{rel}","templated":true}]}}