{"id":3671,"date":"2020-11-25T14:47:21","date_gmt":"2020-11-25T14:47:21","guid":{"rendered":"https:\/\/fxdevelopment.co.uk\/uk\/?page_id=3671"},"modified":"2024-11-15T12:11:17","modified_gmt":"2024-11-15T12:11:17","slug":"terms-conditions-sales","status":"publish","type":"page","link":"https:\/\/fernox.com\/es\/terms-conditions-sales\/","title":{"rendered":"T\u00e9rminos y Condiciones de Venta"},"content":{"rendered":"\t\t<div data-elementor-type=\"wp-page\" data-elementor-id=\"3671\" class=\"elementor elementor-3671\" data-elementor-post-type=\"page\">\n\t\t\t\t\t\t<section class=\"elementor-section elementor-top-section elementor-element elementor-element-e146e2c elementor-section-boxed elementor-section-height-default elementor-section-height-default\" data-id=\"e146e2c\" data-element_type=\"section\" data-e-type=\"section\">\n\t\t\t\t\t\t<div class=\"elementor-container elementor-column-gap-default\">\n\t\t\t\t\t<div class=\"elementor-column elementor-col-100 elementor-top-column elementor-element elementor-element-f713844\" data-id=\"f713844\" data-element_type=\"column\" data-e-type=\"column\">\n\t\t\t<div class=\"elementor-widget-wrap elementor-element-populated\">\n\t\t\t\t\t\t<div data-dce-text-color=\"#000000\" class=\"elementor-element elementor-element-87c4df2 elementor-widget elementor-widget-text-editor\" data-id=\"87c4df2\" data-element_type=\"widget\" data-e-type=\"widget\" data-widget_type=\"text-editor.default\">\n\t\t\t\t<div class=\"elementor-widget-container\">\n\t\t\t\t\t\t\t\t\t<p><strong>1. ACUERDO.<\/strong> Este documento establece los t\u00e9rminos y condiciones bajo los cuales el vendedor indicado en la parte frontal de este documento (&#8220;Vendedor&#8221;) vende sus productos al comprador (&#8220;Comprador&#8221;) cuando se realizan pedidos por parte del Comprador y son aceptados por el Vendedor. Todos los pedidos se aceptan sujetos a e incorporan estos T\u00e9rminos y Condiciones de Venta (&#8220;T&amp;C&#8221;). Los t\u00e9rminos establecidos en la parte frontal de este documento prevalecer\u00e1n sobre cualquier t\u00e9rmino inconsistente en el presente. En caso de que exista un acuerdo escrito separado entre las partes que entre en conflicto con estos T&amp;C, prevalecer\u00e1n los t\u00e9rminos del acuerdo escrito. Al realizar un pedido al Vendedor, el Comprador acepta estos T&amp;C. Estos T&amp;C anulan cualquier t\u00e9rmino o condici\u00f3n diferente o adicional contenido en cualquier orden de compra u otro documento presentado por el Comprador, a menos que tales t\u00e9rminos o condiciones diferentes o adicionales sean espec\u00edficamente acordados por escrito por el Vendedor. Al aceptar un pedido por parte del Vendedor, estos T&amp;C y este documento constituyen el &#8220;Acuerdo&#8221; entre el Comprador y el Vendedor para la compra y venta de los productos all\u00ed establecidos (&#8220;Productos&#8221;).<\/p><p><strong>2. ENTREGAS.<\/strong> El Vendedor intentar\u00e1 cumplir con las fechas de entrega solicitadas en los pedidos del Comprador, pero no ser\u00e1 responsable por no hacerlo. Cualquier hora o fecha de entrega especificada por el Vendedor es solo una estimaci\u00f3n. El Vendedor se reserva el derecho de realizar env\u00edos anticipados o por entregas parciales y facturar al Comprador en consecuencia. Los pesos y cantidades indicados por el Vendedor en el albar\u00e1n de entrega prevalecer\u00e1n, salvo en caso de error comprobado que sea comunicado al Vendedor dentro de los siete (7) d\u00edas posteriores a la entrega.<\/p><p><strong>3. CAMBIOS.<\/strong> El Comprador no podr\u00e1 modificar, cancelar ni alterar de otro modo los pedidos una vez que est\u00e9n en proceso sin el consentimiento por escrito del Vendedor. Cualquier cancelaci\u00f3n, modificaci\u00f3n o alteraci\u00f3n estar\u00e1 sujeta a condiciones adicionales que el Vendedor pueda imponer en ese momento, incluyendo el reembolso de cualquier costo, gasto o p\u00e9rdida relacionado con dicho cambio.<\/p><p><strong>4. PAGO.<\/strong> Las condiciones de pago son neto 30 d\u00edas desde la fecha de factura. El Vendedor emitir\u00e1 las facturas al momento del env\u00edo de los Productos. Cada entrega parcial constituye un pedido separado en cuanto al pago. Los pagos deber\u00e1n realizarse seg\u00fan las indicaciones, en la ubicaci\u00f3n y en la moneda especificadas en la factura. Cualquier monto no pagado despu\u00e9s de la fecha de vencimiento devengar\u00e1 intereses a una tasa del 1,5% mensual, o la tasa m\u00e1xima permitida por la ley, lo que sea menor. Ninguna parte de cualquier monto pendiente de pago al Vendedor podr\u00e1 ser reducida debido a cualquier contrademanda, compensaci\u00f3n, ajuste u otro derecho que el Comprador pueda tener contra el Vendedor o cualquier otra parte. Si el Comprador no paga por uno o m\u00e1s env\u00edos a su vencimiento, el Vendedor tendr\u00e1 derecho, adem\u00e1s de otros remedios, a: (a) suspender o cancelar futuras entregas, o (b) exigir el pago en efectivo antes del env\u00edo\/entrega. Si la viabilidad financiera del Comprador se vuelve insatisfactoria para el Vendedor, se podr\u00e1 exigir el pago en efectivo o una garant\u00eda satisfactoria antes de proceder con m\u00e1s entregas de Productos. El Comprador acepta proporcionar informaci\u00f3n crediticia al Vendedor si se solicita.<\/p><p><strong>5. PRECIO.<\/strong> A menos que se indique lo contrario en la parte frontal de un pedido de compra aceptado, el precio de los Productos ser\u00e1 determinado por el Vendedor en la fecha de aceptaci\u00f3n del pedido. Las cotizaciones de precios del Vendedor son provisionales \u00fanicamente y el Vendedor se reserva el derecho de cambiar dicho precio en cualquier momento. Los precios no incluyen impuestos ni otros cargos y, en algunos casos, pueden no reflejar recargos por materiales.<\/p><p><strong>6. IMPUESTOS Y CARGOS.<\/strong> El Comprador deber\u00e1 reembolsar al Vendedor todos los impuestos, derechos u otros cargos que el Vendedor pueda estar obligado a pagar a cualquier entidad gubernamental o recaudar para cualquier entidad gubernamental en relaci\u00f3n con la producci\u00f3n, venta, transporte, entrega o uso de los Productos vendidos en virtud del presente.<\/p><p><strong>7. ENV\u00cdO, T\u00cdTULO Y RIESGO DE P\u00c9RDIDA.<\/strong> El Vendedor enviar\u00e1 y entregar\u00e1 los Productos de acuerdo con el t\u00e9rmino comercial FCA, punto de env\u00edo (Incoterms 2010). El t\u00edtulo y el riesgo de p\u00e9rdida de los Productos se transfieren al Comprador al momento de la entrega de los Productos al transportista en el punto de env\u00edo.<\/p><p><strong>8. SIN LICENCIA.<\/strong> La venta de cualquier Producto en virtud del presente no transfiere al Comprador ning\u00fan derecho ni licencia bajo ninguna patente, marca registrada u otro derecho de propiedad intelectual con respecto a dicho Producto. El Vendedor conserva la propiedad de todos los derechos de propiedad intelectual sobre los Productos vendidos en virtud del presente.<\/p><p><strong>9. GARANT\u00cdAS.<\/strong> El Vendedor garantiza que, al momento de la entrega al Comprador, los Productos vendidos en virtud del presente se ajustar\u00e1n a las especificaciones est\u00e1ndar escritas del Vendedor para dichos Productos. La determinaci\u00f3n de la idoneidad de los Productos para los usos y aplicaciones contemplados por el Comprador ser\u00e1 responsabilidad exclusiva del Comprador. Cualquier sugerencia o recomendaci\u00f3n hecha por el Vendedor sobre los usos o aplicaciones de los Productos se considera confiable, pero el Vendedor no ofrece garant\u00eda ni garant\u00eda sobre los resultados que se obtendr\u00e1n, ya que las condiciones de uso y aplicaci\u00f3n por parte del Comprador y otros est\u00e1n fuera del control del Vendedor. El Vendedor no ser\u00e1 responsable de las reclamaciones causadas por lo siguiente: 1) negligencia del Comprador o de terceros; 2) alteraci\u00f3n, contaminaci\u00f3n o uso indebido del Producto; 3) cualquier especificaci\u00f3n o modificaci\u00f3n realizada a solicitud del Comprador; 4) fallo del Comprador en seguir las instrucciones de salud y seguridad proporcionadas por el Vendedor o de acuerdo con los est\u00e1ndares de la industria; y\/o 5) fallo del Comprador en cumplir con las leyes. Finalmente, el Vendedor no ser\u00e1 responsable de ninguna reclamaci\u00f3n de garant\u00eda: 1) presentada despu\u00e9s de la expiraci\u00f3n del per\u00edodo de reclamaci\u00f3n; o 2) si no se da al Vendedor una oportunidad razonable para examinar los Productos a los que se refiere la reclamaci\u00f3n y el Comprador no devuelve dichos Productos al Vendedor a solicitud de este.<\/p><p><strong>10. PER\u00cdODO DE RECLAMACI\u00d3N; DESCARGO DE RESPONSABILIDAD.<\/strong> En ning\u00fan caso el Comprador podr\u00e1 hacer una reclamaci\u00f3n de garant\u00eda o iniciar una acci\u00f3n contra el Vendedor m\u00e1s tarde del plazo m\u00e1s corto entre 7 d\u00edas despu\u00e9s del descubrimiento del incumplimiento o 6 meses despu\u00e9s de la entrega de los Productos a los que se refiere la reclamaci\u00f3n. El fallo del Comprador en dar al Vendedor un aviso por escrito de cualquier reclamaci\u00f3n o acci\u00f3n dentro del per\u00edodo de tiempo aplicable constituir\u00e1 una renuncia absoluta e incondicional de dicha reclamaci\u00f3n o acci\u00f3n. EXCEPTO COMO SE ESTABLECE EN ESTOS T&amp;C, EL VENDEDOR NO OFRECE OTRAS GARANT\u00cdAS, YA SEAN EXPL\u00cdCITAS O IMPL\u00cdCITAS, YA SEA POR OPERACI\u00d3N DE LA LEY O DE OTRO MODO, INCLUYENDO, PERO NO LIMIT\u00c1NDOSE A, GARANT\u00cdAS IMPL\u00cdCITAS DE COMERCIABILIDAD, IDONEIDAD PARA UN PROP\u00d3SITO PARTICULAR Y\/O CONTRA INFRACCI\u00d3N. EL COMPRADOR ASUME TODOS LOS RIESGOS RESULTANTES DEL USO DEL PRODUCTO COMPRADO, YA SEA USADO DE MANERA INDIVIDUAL O EN COMBINACI\u00d3N CON OTRAS SUSTANCIAS O EN CUALQUIER PROCESO.<\/p><p><strong>11. LIMITACI\u00d3N DE RESPONSABILIDAD.<\/strong> LA \u00daNICA RESPONSABILIDAD DEL VENDEDOR, Y EL REMEDIO EXCLUSIVO DEL COMPRADOR CONTRA EL VENDEDOR POR CUALQUIER Y TODAS LAS RECLAMACIONES, YA SEA POR INCUMPLIMIENTO DE CONTRATO, GARANT\u00cdA, AGRAVIO (INCLUYENDO NEGLIGENCIA) O DE OTRA MANERA, EST\u00c1 LIMITADA, A ELECCI\u00d3N DEL VENDEDOR, A: (a) ENV\u00cdO DE PRODUCTO DE REEMPLAZO, (b) MODIFICACI\u00d3N DEL PRODUCTO, O (c) REEMBOLSO O EMISI\u00d3N DE UN CR\u00c9DITO AL COMPRADOR POR UN MONTO IGUAL AL PRECIO DE COMPRA DEL PRODUCTO. AUNQUE LO ANTERIOR, EN NING\u00daN CASO EL VENDEDOR SER\u00c1 RESPONSABLE ANTE EL COMPRADOR POR CUALQUIER DA\u00d1O CONSECUENCIAL, INDIRECTO, INCIDENTAL, ESPECIAL, PUNITIVO O AGRAVADO, INCLUYENDO, SIN LIMITACI\u00d3N, P\u00c9RDIDA DE BENEFICIOS, P\u00c9RDIDA DE OPORTUNIDAD O DISMINUCI\u00d3N DE VALOR, RESULTANTE O DERIVADO DE O EN CONEXI\u00d3N CON EL INCUMPLIMIENTO DE LAS GARANT\u00cdAS DEL VENDEDOR O DE ESTOS T&amp;C O CUALQUIER CAUSA DERIVADA DE O EN CONEXI\u00d3N CON EL PRODUCTO. EN LA MEDIDA EN QUE LA LEY LO PERMITA, EL COMPRADOR RENUNCIA EXPRESAMENTE A CUALQUIER REMEDIO ESTATUTARIO QUE SEA INCONSISTENTE CON ESTA DISPOSICI\u00d3N.<\/p><p><strong>12. RECLAMACIONES POR DA\u00d1OS.<\/strong> El Comprador indemnizar\u00e1 y eximir\u00e1 al Vendedor, sus funcionarios, directores, empleados y agentes de y contra todas las reclamaciones, demandas, responsabilidades, da\u00f1os, p\u00e9rdidas, costos y gastos (incluidos los honorarios legales) relacionados con la venta o el uso de los Productos por el Comprador, sus agentes o cualquier tercero.<\/p><p><strong>13. FUERZA MAYOR.<\/strong> Ninguna de las partes ser\u00e1 responsable de no cumplir con sus obligaciones debido a cualquier evento fuera de su control razonable, como huelgas, cierres, disturbios, desastres naturales, fallos en la producci\u00f3n, acciones gubernamentales, guerra, terrorismo, desastres, interrupciones del transporte, fallos del sistema de comunicaciones o fuerzas similares.<\/p><p><strong>14. LEY APLICABLE Y JURISDICCI\u00d3N.<\/strong> Este Acuerdo se regir\u00e1 e interpretar\u00e1 de acuerdo con las leyes del estado de [Insertar Estado], sin dar efecto a sus principios sobre conflictos de leyes. Cualquier disputa que surja en virtud de este Acuerdo ser\u00e1 resuelta exclusivamente en los tribunales del estado o federales de dicho estado.<\/p><p><strong>15. DIVISIBILIDAD.<\/strong> Si cualquier disposici\u00f3n de este Acuerdo es considerada inv\u00e1lida o inaplicable por un tribunal de jurisdicci\u00f3n competente, dicha disposici\u00f3n ser\u00e1 modificada para reflejar la intenci\u00f3n de las partes, y las disposiciones restantes de este Acuerdo seguir\u00e1n siendo v\u00e1lidas y aplicables.<\/p><p><strong>16. ACUERDO COMPLETO.<\/strong> Este Acuerdo, junto con todos los documentos mencionados en el mismo, constituye el acuerdo completo entre las partes con respecto al objeto del mismo y reemplaza todas las negociaciones, discusiones, representaciones, entendimientos, acuerdos previos y contempor\u00e1neos entre las partes con respecto a dicho objeto.<\/p><p><strong>17. RENUNCIA.<\/strong> Ninguna de las partes podr\u00e1 renunciar a cualquier derecho bajo este Acuerdo, salvo que dicha renuncia sea por escrito y firmada por la parte que est\u00e1 renunciando. La renuncia a cualquier incumplimiento no se considerar\u00e1 una renuncia a cualquier incumplimiento posterior.<\/p><p><strong>18. NO TRANSFERENCIA.<\/strong> El Comprador no podr\u00e1 transferir ni ceder este Acuerdo ni ninguno de los derechos u obligaciones establecidos en \u00e9l sin el consentimiento previo por escrito del Vendedor. El Vendedor podr\u00e1 transferir este Acuerdo sin necesidad de consentimiento previo.<\/p><p><strong>19. INDEPENDENCIA DE LAS PARTES.<\/strong> Las partes de este Acuerdo son contratistas independientes. Nada de lo contenido en este Acuerdo crear\u00e1 una relaci\u00f3n de agencia, sociedad, empresa conjunta o empleador-empleado entre las partes. Ninguna de las partes tiene la autoridad para vincular a la otra parte.<\/p><p><strong>20. T\u00cdTULOS.<\/strong> Los t\u00edtulos de las secciones de este Acuerdo son solo para comodidad de referencia y no afectar\u00e1n la interpretaci\u00f3n de los t\u00e9rminos y condiciones contenidos en dicho Acuerdo.<\/p>\t\t\t\t\t\t\t\t<\/div>\n\t\t\t\t<\/div>\n\t\t\t\t\t<\/div>\n\t\t<\/div>\n\t\t\t\t\t<\/div>\n\t\t<\/section>\n\t\t\t\t<\/div>\n\t\t","protected":false},"excerpt":{"rendered":"<p>1. ACUERDO. Este documento establece los t\u00e9rminos y condiciones bajo los cuales el vendedor indicado en la parte frontal de este documento (&#8220;Vendedor&#8221;) vende sus productos al comprador (&#8220;Comprador&#8221;) cuando se realizan pedidos por parte del Comprador y son aceptados por el Vendedor. Todos los pedidos se aceptan sujetos a e incorporan estos T\u00e9rminos y [&hellip;]<\/p>\n","protected":false},"author":1,"featured_media":0,"parent":0,"menu_order":0,"comment_status":"closed","ping_status":"closed","template":"","meta":{"_acf_changed":false,"footnotes":""},"class_list":["post-3671","page","type-page","status-publish","hentry"],"acf":[],"_links":{"self":[{"href":"https:\/\/fernox.com\/es\/wp-json\/wp\/v2\/pages\/3671","targetHints":{"allow":["GET"]}}],"collection":[{"href":"https:\/\/fernox.com\/es\/wp-json\/wp\/v2\/pages"}],"about":[{"href":"https:\/\/fernox.com\/es\/wp-json\/wp\/v2\/types\/page"}],"author":[{"embeddable":true,"href":"https:\/\/fernox.com\/es\/wp-json\/wp\/v2\/users\/1"}],"replies":[{"embeddable":true,"href":"https:\/\/fernox.com\/es\/wp-json\/wp\/v2\/comments?post=3671"}],"version-history":[{"count":0,"href":"https:\/\/fernox.com\/es\/wp-json\/wp\/v2\/pages\/3671\/revisions"}],"wp:attachment":[{"href":"https:\/\/fernox.com\/es\/wp-json\/wp\/v2\/media?parent=3671"}],"curies":[{"name":"wp","href":"https:\/\/api.w.org\/{rel}","templated":true}]}}