{"id":36,"date":"2020-11-15T19:16:38","date_gmt":"2020-11-15T19:16:38","guid":{"rendered":"https:\/\/fxdevelopment.co.uk\/uk\/?page_id=36"},"modified":"2024-11-18T11:28:53","modified_gmt":"2024-11-18T11:28:53","slug":"about-us","status":"publish","type":"page","link":"https:\/\/fernox.com\/es\/about-us\/","title":{"rendered":"Qui\u00e9nes Somos"},"content":{"rendered":"\t\t<div data-elementor-type=\"wp-page\" data-elementor-id=\"36\" class=\"elementor elementor-36\" data-elementor-post-type=\"page\">\n\t\t\t\t\t\t<section class=\"elementor-section elementor-top-section elementor-element elementor-element-208c758 elementor-section-boxed elementor-section-height-default elementor-section-height-default\" data-id=\"208c758\" data-element_type=\"section\" data-e-type=\"section\">\n\t\t\t\t\t\t<div class=\"elementor-container elementor-column-gap-default\">\n\t\t\t\t\t<div class=\"elementor-column elementor-col-100 elementor-top-column elementor-element elementor-element-954f16a\" data-id=\"954f16a\" data-element_type=\"column\" data-e-type=\"column\">\n\t\t\t<div class=\"elementor-widget-wrap elementor-element-populated\">\n\t\t\t\t\t\t<div class=\"elementor-element elementor-element-7fcf242 elementor-widget elementor-widget-image\" data-id=\"7fcf242\" data-element_type=\"widget\" data-e-type=\"widget\" data-widget_type=\"image.default\">\n\t\t\t\t<div class=\"elementor-widget-container\">\n\t\t\t\t\t\t\t\t\t\t\t\t\t\t\t<img fetchpriority=\"high\" decoding=\"async\" width=\"800\" height=\"534\" src=\"https:\/\/fernox.com\/es\/wp-content\/uploads\/sites\/42\/2021\/02\/Fernox769-1024x683.jpg\" class=\"attachment-large size-large wp-image-18000\" alt=\"\" srcset=\"https:\/\/fernox.com\/es\/wp-content\/uploads\/sites\/42\/2021\/02\/Fernox769-1024x683.jpg 1024w, https:\/\/fernox.com\/es\/wp-content\/uploads\/sites\/42\/2021\/02\/Fernox769-300x200.jpg 300w, https:\/\/fernox.com\/es\/wp-content\/uploads\/sites\/42\/2021\/02\/Fernox769-768x512.jpg 768w, https:\/\/fernox.com\/es\/wp-content\/uploads\/sites\/42\/2021\/02\/Fernox769-1536x1024.jpg 1536w, https:\/\/fernox.com\/es\/wp-content\/uploads\/sites\/42\/2021\/02\/Fernox769-2048x1365.jpg 2048w, https:\/\/fernox.com\/es\/wp-content\/uploads\/sites\/42\/2021\/02\/Fernox769-600x400.jpg 600w\" sizes=\"(max-width: 800px) 100vw, 800px\" \/>\t\t\t\t\t\t\t\t\t\t\t\t\t\t\t<\/div>\n\t\t\t\t<\/div>\n\t\t\t\t<div data-dce-text-color=\"#000000\" class=\"elementor-element elementor-element-bd1d4c1 elementor-widget elementor-widget-text-editor\" data-id=\"bd1d4c1\" data-element_type=\"widget\" data-e-type=\"widget\" data-widget_type=\"text-editor.default\">\n\t\t\t\t<div class=\"elementor-widget-container\">\n\t\t\t\t\t\t\t\t\t<p>Fundada en 1964, Fernox es un fabricante l\u00edder de productos qu\u00edmicos para el tratamiento de agua, filtros para sistemas de calefacci\u00f3n central, consumibles de fontaner\u00eda y servicios de pruebas diagn\u00f3sticas. Fernox ha sido pionera en el desarrollo de productos energ\u00e9ticamente eficientes tanto para tecnolog\u00edas tradicionales como renovables en aplicaciones dom\u00e9sticas y comerciales. La empresa est\u00e1 comprometida con un programa progresivo de Investigaci\u00f3n y Desarrollo y ha invertido en un amplio equipo interno de I+D compuesto por cient\u00edficos ubicados en el Reino Unido, EE. UU. e India.<\/p><p>Su sede operativa se encuentra en Woking, Reino Unido, con instalaciones de fabricaci\u00f3n en el Reino Unido y Europa, adem\u00e1s de oficinas en Francia, Alemania, Italia, B\u00e9lgica, Pa\u00edses Bajos, Hungr\u00eda, Rep\u00fablica Popular de China y Estados Unidos. Fernox planea expandirse a\u00fan m\u00e1s en Europa del Este y Asia. La empresa opera como subsidiaria de <span style=\"color: #000000;\"><a style=\"color: #000000;\" href=\"https:\/\/www.macdermidenthone.com\/\" target=\"_blank\" rel=\"noopener\"><strong>MacDermid Enthone Industrial Solutions<\/strong><\/a>, un productor global diversificado de productos especializados de alta tecnolog\u00eda y proveedor de servicios t\u00e9cnicos, y es una unidad de negocio de <a style=\"color: #000000;\" href=\"https:\/\/www.elementsolutionsinc.com\/\" target=\"_blank\" rel=\"noopener\"><strong>Element Solutions Inc<\/strong><\/a> (NYSE: ESI). <a style=\"color: #000000;\" href=\"https:\/\/www.elementsolutionsinc.com\/\" target=\"_blank\" rel=\"noopener\"><strong>Element Solutions Inc<\/strong><\/a> es una dest<\/span>acada empresa de productos qu\u00edmicos especializados que ofrece una amplia gama de soluciones que mejoran los productos que las personas usan cada d\u00eda.<\/p><p>En 2019, la marca global Fernox fue registrada como una empresa del Reino Unido, Fernox Ltd, para reflejar un cambio en la estructura de la empresa.<\/p>\t\t\t\t\t\t\t\t<\/div>\n\t\t\t\t<\/div>\n\t\t\t\t\t<\/div>\n\t\t<\/div>\n\t\t\t\t\t<\/div>\n\t\t<\/section>\n\t\t\t\t<section class=\"elementor-section elementor-top-section elementor-element elementor-element-932d0e6 elementor-section-boxed elementor-section-height-default elementor-section-height-default\" data-id=\"932d0e6\" data-element_type=\"section\" data-e-type=\"section\">\n\t\t\t\t\t\t<div class=\"elementor-container elementor-column-gap-default\">\n\t\t\t\t\t<div class=\"elementor-column elementor-col-100 elementor-top-column elementor-element elementor-element-45a8248\" data-id=\"45a8248\" data-element_type=\"column\" data-e-type=\"column\">\n\t\t\t<div class=\"elementor-widget-wrap elementor-element-populated\">\n\t\t\t\t\t\t<div class=\"elementor-element elementor-element-82058dd elementor-widget elementor-widget-heading\" data-id=\"82058dd\" data-element_type=\"widget\" data-e-type=\"widget\" data-widget_type=\"heading.default\">\n\t\t\t\t<div class=\"elementor-widget-container\">\n\t\t\t\t\t<h2 class=\"elementor-heading-title elementor-size-default\">Investigaci\u00f3n y Desarrollo<\/h2>\t\t\t\t<\/div>\n\t\t\t\t<\/div>\n\t\t\t\t\t<\/div>\n\t\t<\/div>\n\t\t\t\t\t<\/div>\n\t\t<\/section>\n\t\t\t\t<section class=\"elementor-section elementor-top-section elementor-element elementor-element-5c1d63e elementor-section-boxed elementor-section-height-default elementor-section-height-default\" data-id=\"5c1d63e\" data-element_type=\"section\" data-e-type=\"section\">\n\t\t\t\t\t\t<div class=\"elementor-container elementor-column-gap-default\">\n\t\t\t\t\t<div class=\"elementor-column elementor-col-100 elementor-top-column elementor-element elementor-element-3b4183c\" data-id=\"3b4183c\" data-element_type=\"column\" data-e-type=\"column\">\n\t\t\t<div class=\"elementor-widget-wrap elementor-element-populated\">\n\t\t\t\t\t\t<div data-dce-text-color=\"#000000\" class=\"elementor-element elementor-element-e676d50 elementor-widget elementor-widget-text-editor\" data-id=\"e676d50\" data-element_type=\"widget\" data-e-type=\"widget\" data-widget_type=\"text-editor.default\">\n\t\t\t\t<div class=\"elementor-widget-container\">\n\t\t\t\t\t\t\t\t\t<p>Fernox cuenta con un exclusivo y dedicado equipo de I+D y Servicios T\u00e9cnicos, que responde a las cambiantes necesidades y crecientes demandas tecnol\u00f3gicas de la industria. A la vanguardia de la innovaci\u00f3n, Fernox se beneficia de 13 centros t\u00e9cnicos de I+D, con un equipo de 250 cient\u00edficos e ingenieros en todo el mundo.<\/p><p>Fernox aplica una estricta pol\u00edtica de responsabilidad corporativa que fomenta las mejores pr\u00e1cticas y proh\u00edbe las pruebas en animales. Sus productos qu\u00edmicos superan significativamente los est\u00e1ndares de la industria y han obtenido aprobaciones y acreditaciones de Energy Savings Trust Registered, KIWA, WRAS, Belgaqua y NSF (anteriormente BuildCert).<\/p>\t\t\t\t\t\t\t\t<\/div>\n\t\t\t\t<\/div>\n\t\t\t\t\t<\/div>\n\t\t<\/div>\n\t\t\t\t\t<\/div>\n\t\t<\/section>\n\t\t\t\t<\/div>\n\t\t","protected":false},"excerpt":{"rendered":"<p>Fundada en 1964, Fernox es un fabricante l\u00edder de productos qu\u00edmicos para el tratamiento de agua, filtros para sistemas de calefacci\u00f3n central, consumibles de fontaner\u00eda y servicios de pruebas diagn\u00f3sticas. Fernox ha sido pionera en el desarrollo de productos energ\u00e9ticamente eficientes tanto para tecnolog\u00edas tradicionales como renovables en aplicaciones dom\u00e9sticas y comerciales. La empresa est\u00e1 [&hellip;]<\/p>\n","protected":false},"author":1,"featured_media":18000,"parent":0,"menu_order":0,"comment_status":"closed","ping_status":"closed","template":"","meta":{"_acf_changed":false,"footnotes":""},"class_list":["post-36","page","type-page","status-publish","has-post-thumbnail","hentry"],"acf":[],"_links":{"self":[{"href":"https:\/\/fernox.com\/es\/wp-json\/wp\/v2\/pages\/36","targetHints":{"allow":["GET"]}}],"collection":[{"href":"https:\/\/fernox.com\/es\/wp-json\/wp\/v2\/pages"}],"about":[{"href":"https:\/\/fernox.com\/es\/wp-json\/wp\/v2\/types\/page"}],"author":[{"embeddable":true,"href":"https:\/\/fernox.com\/es\/wp-json\/wp\/v2\/users\/1"}],"replies":[{"embeddable":true,"href":"https:\/\/fernox.com\/es\/wp-json\/wp\/v2\/comments?post=36"}],"version-history":[{"count":0,"href":"https:\/\/fernox.com\/es\/wp-json\/wp\/v2\/pages\/36\/revisions"}],"wp:featuredmedia":[{"embeddable":true,"href":"https:\/\/fernox.com\/es\/wp-json\/wp\/v2\/media\/18000"}],"wp:attachment":[{"href":"https:\/\/fernox.com\/es\/wp-json\/wp\/v2\/media?parent=36"}],"curies":[{"name":"wp","href":"https:\/\/api.w.org\/{rel}","templated":true}]}}