{"id":54097,"date":"2026-04-30T05:04:07","date_gmt":"2026-04-30T03:04:07","guid":{"rendered":"https:\/\/fernox.com\/cz\/product\/antifreeze-protector-alphi-11\/"},"modified":"2026-04-30T05:04:08","modified_gmt":"2026-04-30T03:04:08","slug":"antifreeze-protector-alphi-11","status":"publish","type":"product","link":"https:\/\/fernox.com\/cz\/product\/antifreeze-protector-alphi-11\/","title":{"rendered":"Antifreeze Protector Alphi-11"},"content":{"rendered":"<p>Antifreeze Protector Alphi-11 je kombinovan\u00fd produkt proti zamrz\u00e1n\u00ed a inhibitor, kter\u00fd poskytuje ochranu proti vnit\u0159n\u00ed korozi a tvorb\u011b vodn\u00edho kamene v dom\u00e1c\u00edch syst\u00e9mech \u00fast\u0159edn\u00edho topen\u00ed. Antifreeze Protector Alphi-11 je vhodn\u00fd pro pou\u017eit\u00ed se v\u0161emi kovy a materi\u00e1ly b\u011b\u017en\u011b pou\u017e\u00edvan\u00fdmi v topn\u00fdch syst\u00e9mech.<\/p>\n<ul>\n<li>Chr\u00e1n\u00ed p\u0159ed koroz\u00ed a usazov\u00e1n\u00edm vodn\u00edho kamene v syst\u00e9mech \u00fast\u0159edn\u00edho topen\u00ed, \u010d\u00edm\u017e udr\u017euje energetickou \u00fa\u010dinnost\n<\/li>\n<li>Kombinovan\u00fd nemrznouc\u00ed prost\u0159edek a inhibitor koroze pro prodlou\u017een\u00ed \u017eivotnosti syst\u00e9mu\n<\/li>\n<li>Zabra\u0148uje zamrz\u00e1n\u00ed potrub\u00ed\n<\/li>\n<li>Kompatibiln\u00ed se v\u0161emi kovy a materi\u00e1ly b\u011b\u017en\u011b pou\u017e\u00edvan\u00fdmi v topn\u00fdch syst\u00e9mech, v\u010detn\u011b hlin\u00edku\n<\/li>\n<li>Netoxick\u00e9, ekologick\u00e9 slo\u017een\u00ed, schv\u00e1leno NSF CIAS, KIWA a Belgaqua\n<\/li>\n<li>Chr\u00e1n\u00ed syst\u00e9my s teplou a studenou vodou<br \/>\n<\/li>\n<\/ul>\n","protected":false},"excerpt":{"rendered":"<p>Antifreeze Protector Alphi-11 je kombinovan\u00fd produkt proti zamrz\u00e1n\u00ed a inhibitor, kter\u00fd poskytuje ochranu proti vnit\u0159n\u00ed korozi a tvorb\u011b vodn\u00edho kamene v dom\u00e1c\u00edch syst\u00e9mech \u00fast\u0159edn\u00edho topen\u00ed. Antifreeze Protector Alphi-11 je vhodn\u00fd pro pou\u017eit\u00ed se v\u0161emi kovy a materi\u00e1ly b\u011b\u017en\u011b pou\u017e\u00edvan\u00fdmi v topn\u00fdch syst\u00e9mech. Chr\u00e1n\u00ed p\u0159ed koroz\u00ed a usazov\u00e1n\u00edm vodn\u00edho kamene v syst\u00e9mech \u00fast\u0159edn\u00edho topen\u00ed, \u010d\u00edm\u017e udr\u017euje [&hellip;]<\/p>\n","protected":false},"featured_media":54711,"template":"","meta":{"_acf_changed":false},"product_brand":[],"product_cat":[163,24],"product_tag":[],"class_list":{"0":"post-54097","1":"product","2":"type-product","3":"status-publish","4":"has-post-thumbnail","6":"product_cat-commercial-rangechemistry","7":"product_cat-inhibitors-protectors","9":"first","10":"instock","11":"purchasable","12":"product-type-simple"},"acf":[],"_links":{"self":[{"href":"https:\/\/fernox.com\/cz\/wp-json\/wp\/v2\/product\/54097","targetHints":{"allow":["GET"]}}],"collection":[{"href":"https:\/\/fernox.com\/cz\/wp-json\/wp\/v2\/product"}],"about":[{"href":"https:\/\/fernox.com\/cz\/wp-json\/wp\/v2\/types\/product"}],"wp:featuredmedia":[{"embeddable":true,"href":"https:\/\/fernox.com\/cz\/wp-json\/wp\/v2\/media\/54711"}],"wp:attachment":[{"href":"https:\/\/fernox.com\/cz\/wp-json\/wp\/v2\/media?parent=54097"}],"wp:term":[{"taxonomy":"product_brand","embeddable":true,"href":"https:\/\/fernox.com\/cz\/wp-json\/wp\/v2\/product_brand?post=54097"},{"taxonomy":"product_cat","embeddable":true,"href":"https:\/\/fernox.com\/cz\/wp-json\/wp\/v2\/product_cat?post=54097"},{"taxonomy":"product_tag","embeddable":true,"href":"https:\/\/fernox.com\/cz\/wp-json\/wp\/v2\/product_tag?post=54097"}],"curies":[{"name":"wp","href":"https:\/\/api.w.org\/{rel}","templated":true}]}}