{"id":53972,"date":"2026-04-20T17:07:19","date_gmt":"2026-04-20T15:07:19","guid":{"rendered":"https:\/\/fernox.com\/cz\/product\/corrosion-and-ph-test-2\/"},"modified":"2026-04-20T17:07:21","modified_gmt":"2026-04-20T15:07:21","slug":"corrosion-and-ph-test","status":"publish","type":"product","link":"https:\/\/fernox.com\/cz\/product\/corrosion-and-ph-test\/","title":{"rendered":"Corrosion and pH Test"},"content":{"rendered":"<p>Test koroze a pH umo\u017e\u0148uje rychl\u00fd test na m\u00edst\u011b pro stanoven\u00ed koroze a \u00farovn\u011b pH vody v syst\u00e9mu \u00fast\u0159edn\u00edho vyt\u00e1p\u011bn\u00ed.<\/p>\n<ul>\n<li>Rychl\u00e9 a jednoduch\u00e9 testov\u00e1n\u00ed na m\u00edst\u011b, kter\u00e9 poskytuje okam\u017eit\u00e9 z\u00e1v\u011bry a doporu\u010den\u00ed\n<\/li>\n<li>Jeden testovac\u00ed prou\u017eek na syst\u00e9m. Ka\u017ed\u00e1 n\u00e1dobka obsahuje 50 testovac\u00edch prou\u017ek\u016f.\n<\/li>\n<li>Vhodn\u00e9 pro testov\u00e1n\u00ed p\u0159\u00edtomnosti rozpu\u0161t\u011bn\u00fdch kov\u016f a \u00farovn\u011b pH ve vod\u011b v syst\u00e9mu \u00fast\u0159edn\u00edho vyt\u00e1p\u011bn\u00ed\n<\/li>\n<li>Umo\u017e\u0148uje spln\u011bn\u00ed po\u017eadavk\u016f normy BS 7593:2019 a syst\u00e9mu Benchmark\n<\/li>\n<li>Usnad\u0148uje dodr\u017eov\u00e1n\u00ed z\u00e1ruk na kotle\n<p><\/li>\n<\/ul>\n","protected":false},"excerpt":{"rendered":"<p>Test koroze a pH umo\u017e\u0148uje rychl\u00fd test na m\u00edst\u011b pro stanoven\u00ed koroze a \u00farovn\u011b pH vody v syst\u00e9mu \u00fast\u0159edn\u00edho vyt\u00e1p\u011bn\u00ed. Rychl\u00e9 a jednoduch\u00e9 testov\u00e1n\u00ed na m\u00edst\u011b, kter\u00e9 poskytuje okam\u017eit\u00e9 z\u00e1v\u011bry a doporu\u010den\u00ed Jeden testovac\u00ed prou\u017eek na syst\u00e9m. Ka\u017ed\u00e1 n\u00e1dobka obsahuje 50 testovac\u00edch prou\u017ek\u016f. Vhodn\u00e9 pro testov\u00e1n\u00ed p\u0159\u00edtomnosti rozpu\u0161t\u011bn\u00fdch kov\u016f a \u00farovn\u011b pH ve vod\u011b v [&hellip;]<\/p>\n","protected":false},"featured_media":54344,"template":"","meta":{"_acf_changed":false},"product_brand":[],"product_cat":[21],"product_tag":[],"class_list":{"0":"post-53972","1":"product","2":"type-product","3":"status-publish","4":"has-post-thumbnail","6":"product_cat-filters","8":"first","9":"instock","10":"purchasable","11":"product-type-simple"},"acf":[],"_links":{"self":[{"href":"https:\/\/fernox.com\/cz\/wp-json\/wp\/v2\/product\/53972","targetHints":{"allow":["GET"]}}],"collection":[{"href":"https:\/\/fernox.com\/cz\/wp-json\/wp\/v2\/product"}],"about":[{"href":"https:\/\/fernox.com\/cz\/wp-json\/wp\/v2\/types\/product"}],"wp:featuredmedia":[{"embeddable":true,"href":"https:\/\/fernox.com\/cz\/wp-json\/wp\/v2\/media\/54344"}],"wp:attachment":[{"href":"https:\/\/fernox.com\/cz\/wp-json\/wp\/v2\/media?parent=53972"}],"wp:term":[{"taxonomy":"product_brand","embeddable":true,"href":"https:\/\/fernox.com\/cz\/wp-json\/wp\/v2\/product_brand?post=53972"},{"taxonomy":"product_cat","embeddable":true,"href":"https:\/\/fernox.com\/cz\/wp-json\/wp\/v2\/product_cat?post=53972"},{"taxonomy":"product_tag","embeddable":true,"href":"https:\/\/fernox.com\/cz\/wp-json\/wp\/v2\/product_tag?post=53972"}],"curies":[{"name":"wp","href":"https:\/\/api.w.org\/{rel}","templated":true}]}}