{"id":53296,"date":"2026-04-20T17:07:19","date_gmt":"2026-04-20T15:07:19","guid":{"rendered":"https:\/\/fernox.com\/cz\/product\/biocide-f7-200ml\/"},"modified":"2026-04-20T17:07:20","modified_gmt":"2026-04-20T15:07:20","slug":"biocide-f7-200ml","status":"publish","type":"product","link":"https:\/\/fernox.com\/cz\/product\/biocide-f7-200ml\/","title":{"rendered":"Biocide F7 200ml"},"content":{"rendered":"<p>Biocide F7 chr\u00e1n\u00ed p\u0159ed r\u016fstem bakteri\u00ed a pl\u00edsn\u00ed v syst\u00e9mech vyt\u00e1p\u011bn\u00ed obytn\u00fdch budov a v syst\u00e9mech s neevaporativn\u00ed chlazenou vodou. Spole\u010dnost Fernox d\u016frazn\u011b doporu\u010duje d\u00e1vkovat spolu s p\u0159\u00edpravkem Biocide F7 tak\u00e9 p\u0159\u00edpravek Fernox Protector, nap\u0159\u00edklad Protector F1 nebo Antifreeze Alphi-11, aby byla zaji\u0161t\u011bna \u00fapln\u00e1 ochrana syst\u00e9mu p\u0159ed koroz\u00ed a usazov\u00e1n\u00edm vodn\u00edho kamene a aby byla zachov\u00e1na energetick\u00e1 \u00fa\u010dinnost.<\/p>\n<p>Biocide F7 se tak\u00e9 pou\u017e\u00edv\u00e1 k \u010di\u0161t\u011bn\u00ed a prevenci op\u011btovn\u00e9ho v\u00fdskytu mikrobiologick\u00e9ho zne\u010di\u0161t\u011bn\u00ed, kter\u00e9 zp\u016fsobuje \u017eel\u00e9ovit\u00e9 usazeniny (pl\u00edsn\u011b) v nap\u00e1jec\u00edch a expanzn\u00edch n\u00e1dr\u017e\u00edch. P\u0159id\u00e1n\u00edm Biocide F7 se tak\u00e9 eliminuje plyn vznikaj\u00edc\u00ed fermentac\u00ed v syst\u00e9mech.<\/p>\n<ul>\n<li>Zabra\u0148uje op\u011btovn\u00e9mu v\u00fdskytu \u017eelatinov\u00fdch usazenin v n\u00edzkoteplotn\u00edch topn\u00fdch syst\u00e9mech, jako jsou podlahov\u00e9 syst\u00e9my, a \u010dist\u00ed p\u0159\u00edvodn\u00ed a expanzn\u00ed n\u00e1dr\u017ee.\n<\/li>\n<li>Rychl\u00e9 a \u00fa\u010dinn\u00e9 p\u016fsoben\u00ed \u2013 za\u010dne p\u016fsobit do 24 hodin.\n<\/li>\n<li>Jednoduch\u00e1 aplikace, p\u0159id\u00e1vejte p\u0159es radi\u00e1tor, v\u011b\u0161\u00e1k na ru\u010dn\u00edky, plnic\u00ed smy\u010dku nebo inline syst\u00e9mov\u00fd filtr\n<\/li>\n<li>Kompatibiln\u00ed se v\u0161emi ochrann\u00fdmi prost\u0159edky Fernox\n<\/li>\n<li>Vysoce \u00fa\u010dinn\u00fd biocid s dvoj\u00edm \u00fa\u010dinkem \u2013 dezinfek\u010dn\u00ed a konzerva\u010dn\u00ed prost\u0159edek poskytuje kr\u00e1tkodobou i dlouhodobou ochranu\n<\/li>\n<li>Jedna 200ml l\u00e1hev Biocide F7 o\u0161et\u0159\u00ed a\u017e 250 m2 podlahov\u00fdch syst\u00e9m\u016f a 150 litr\u016f objemu syst\u00e9mu<br \/>\n<\/li>\n<\/ul>\n","protected":false},"excerpt":{"rendered":"<p>Biocide F7 chr\u00e1n\u00ed p\u0159ed r\u016fstem bakteri\u00ed a pl\u00edsn\u00ed v syst\u00e9mech vyt\u00e1p\u011bn\u00ed obytn\u00fdch budov a v syst\u00e9mech s neevaporativn\u00ed chlazenou vodou. Spole\u010dnost Fernox d\u016frazn\u011b doporu\u010duje d\u00e1vkovat spolu s p\u0159\u00edpravkem Biocide F7 tak\u00e9 p\u0159\u00edpravek Fernox Protector, nap\u0159\u00edklad Protector F1 nebo Antifreeze Alphi-11, aby byla zaji\u0161t\u011bna \u00fapln\u00e1 ochrana syst\u00e9mu p\u0159ed koroz\u00ed a usazov\u00e1n\u00edm vodn\u00edho kamene a aby byla [&hellip;]<\/p>\n","protected":false},"featured_media":54343,"template":"","meta":{"_acf_changed":false},"product_brand":[],"product_cat":[33],"product_tag":[],"class_list":{"0":"post-53296","1":"product","2":"type-product","3":"status-publish","4":"has-post-thumbnail","6":"product_cat-bacterial-control","8":"first","9":"instock","10":"purchasable","11":"product-type-simple"},"acf":[],"_links":{"self":[{"href":"https:\/\/fernox.com\/cz\/wp-json\/wp\/v2\/product\/53296","targetHints":{"allow":["GET"]}}],"collection":[{"href":"https:\/\/fernox.com\/cz\/wp-json\/wp\/v2\/product"}],"about":[{"href":"https:\/\/fernox.com\/cz\/wp-json\/wp\/v2\/types\/product"}],"wp:featuredmedia":[{"embeddable":true,"href":"https:\/\/fernox.com\/cz\/wp-json\/wp\/v2\/media\/54343"}],"wp:attachment":[{"href":"https:\/\/fernox.com\/cz\/wp-json\/wp\/v2\/media?parent=53296"}],"wp:term":[{"taxonomy":"product_brand","embeddable":true,"href":"https:\/\/fernox.com\/cz\/wp-json\/wp\/v2\/product_brand?post=53296"},{"taxonomy":"product_cat","embeddable":true,"href":"https:\/\/fernox.com\/cz\/wp-json\/wp\/v2\/product_cat?post=53296"},{"taxonomy":"product_tag","embeddable":true,"href":"https:\/\/fernox.com\/cz\/wp-json\/wp\/v2\/product_tag?post=53296"}],"curies":[{"name":"wp","href":"https:\/\/api.w.org\/{rel}","templated":true}]}}