{"id":53285,"date":"2026-04-20T17:07:09","date_gmt":"2026-04-20T15:07:09","guid":{"rendered":"https:\/\/fernox.com\/cz\/product\/tf1-total-filter-with-protector-filter-fluid-f9\/"},"modified":"2026-04-20T17:07:20","modified_gmt":"2026-04-20T15:07:20","slug":"tf1-total-filter-with-protector-filter-fluid-f9","status":"publish","type":"product","link":"https:\/\/fernox.com\/cz\/product\/tf1-total-filter-with-protector-filter-fluid-f9\/","title":{"rendered":"TF1 Total Filter with Protector+ Filter Fluid F9"},"content":{"rendered":"<p>Ocen\u011bn\u00fd filtr TF1 Total Filter kombinuje hydrocyklonick\u00e9 p\u016fsoben\u00ed s v\u00fdkonn\u00fdmi neodymov\u00fdmi magnetick\u00fdmi moduly, aby odstranil magnetick\u00e9 i nemagnetick\u00e9 ne\u010distoty ze syst\u00e9mov\u00e9 vody a bezpe\u010dn\u011b je zadr\u017eel ve filtru. Vyroben\u00fd z precizn\u011b navr\u017een\u00e9ho kompozitn\u00edho plastu, tento filtr se hod\u00ed na vertik\u00e1ln\u00ed i horizont\u00e1ln\u00ed potrub\u00ed. Pro snadnou instalaci lze jej pou\u017e\u00edt s \u00fahlem a\u017e 45\u202f\u00b0. \u010ci\u0161t\u011bn\u00ed trv\u00e1 jen p\u00e1r minut a neomezuje pr\u016ftok. Doporu\u010den je s vylep\u0161en\u00fdm inhibitorem, Protector+ Filter Fluid F9 265\u202fml, kter\u00fd obsahuje disperzant pro maximalizaci \u00fa\u010dinnosti p\u0159i sb\u011bru ne\u010distot. Komplement\u00e1rn\u00ed \u00fa\u010dinek chemik\u00e1lie a filtru poskytuje prvot\u0159\u00eddn\u00ed ochranu kotle a syst\u00e9mu.<\/p>\n<ul>\n<li>P\u0159esn\u011b konstruovan\u00fd, hydrocyklonick\u00fd a magnetick\u00fd in-line syst\u00e9m filtru pro odstran\u011bn\u00ed magnetick\u00fdch a nemagnetick\u00fdch ne\u010distot ze syst\u00e9mov\u00e9 vody.\n<\/li>\n<li>Zahrnuje jednu l\u00e1hev Fernox Protector+ Filter Fluid F9 265 ml\n<\/li>\n<li>Jedine\u010dn\u00e9 p\u016fsoben\u00ed, odstra\u0148uje magnetick\u00e9 a nemagnetick\u00e9 ne\u010distoty ze syst\u00e9mov\u00e9 vody. Rychl\u00e9 a snadn\u00e9 \u010di\u0161t\u011bn\u00ed bez demont\u00e1\u017ee jednotky\n<\/li>\n<li>V\u010detn\u011b v\u0161ech ventil\u016f a armatur\n<\/li>\n<li>D\u00e1vkovac\u00ed bod pro v\u00fdrobky \u0159ady Fernox \u201eF\u201c\n<p><\/li>\n<\/ul>\n","protected":false},"excerpt":{"rendered":"<p>Ocen\u011bn\u00fd filtr TF1 Total Filter kombinuje hydrocyklonick\u00e9 p\u016fsoben\u00ed s v\u00fdkonn\u00fdmi neodymov\u00fdmi magnetick\u00fdmi moduly, aby odstranil magnetick\u00e9 i nemagnetick\u00e9 ne\u010distoty ze syst\u00e9mov\u00e9 vody a bezpe\u010dn\u011b je zadr\u017eel ve filtru. Vyroben\u00fd z precizn\u011b navr\u017een\u00e9ho kompozitn\u00edho plastu, tento filtr se hod\u00ed na vertik\u00e1ln\u00ed i horizont\u00e1ln\u00ed potrub\u00ed. Pro snadnou instalaci lze jej pou\u017e\u00edt s \u00fahlem a\u017e 45\u202f\u00b0. \u010ci\u0161t\u011bn\u00ed trv\u00e1 [&hellip;]<\/p>\n","protected":false},"featured_media":54342,"template":"","meta":{"_acf_changed":false},"product_brand":[],"product_cat":[27],"product_tag":[],"class_list":{"0":"post-53285","1":"product","2":"type-product","3":"status-publish","4":"has-post-thumbnail","6":"product_cat-filter-packs","7":"pa_fit-size-169","8":"pa_fit-size-22mm","9":"pa_fit-size-28mm","10":"pa_fit-size-3-4","11":"pa_fit-type-with-valves","13":"first","14":"instock","15":"purchasable","16":"product-type-variable"},"acf":[],"_links":{"self":[{"href":"https:\/\/fernox.com\/cz\/wp-json\/wp\/v2\/product\/53285","targetHints":{"allow":["GET"]}}],"collection":[{"href":"https:\/\/fernox.com\/cz\/wp-json\/wp\/v2\/product"}],"about":[{"href":"https:\/\/fernox.com\/cz\/wp-json\/wp\/v2\/types\/product"}],"wp:featuredmedia":[{"embeddable":true,"href":"https:\/\/fernox.com\/cz\/wp-json\/wp\/v2\/media\/54342"}],"wp:attachment":[{"href":"https:\/\/fernox.com\/cz\/wp-json\/wp\/v2\/media?parent=53285"}],"wp:term":[{"taxonomy":"product_brand","embeddable":true,"href":"https:\/\/fernox.com\/cz\/wp-json\/wp\/v2\/product_brand?post=53285"},{"taxonomy":"product_cat","embeddable":true,"href":"https:\/\/fernox.com\/cz\/wp-json\/wp\/v2\/product_cat?post=53285"},{"taxonomy":"product_tag","embeddable":true,"href":"https:\/\/fernox.com\/cz\/wp-json\/wp\/v2\/product_tag?post=53285"}],"curies":[{"name":"wp","href":"https:\/\/api.w.org\/{rel}","templated":true}]}}