{"id":53281,"date":"2026-04-23T05:02:57","date_gmt":"2026-04-23T03:02:57","guid":{"rendered":"https:\/\/fernox.com\/cz\/product\/tf1-compact-filter-with-protector-filter-fluid-f9\/"},"modified":"2026-04-23T05:03:20","modified_gmt":"2026-04-23T03:03:20","slug":"tf1-compact-filter-with-protector-filter-fluid-f9","status":"publish","type":"product","link":"https:\/\/fernox.com\/cz\/product\/tf1-compact-filter-with-protector-filter-fluid-f9\/","title":{"rendered":"TF1 Compact Filter with Protector+ Filter Fluid F9"},"content":{"rendered":"<p>Vysoce v\u00fdkonn\u00fd, magnetick\u00fd pr\u016fto\u010dn\u00fd syst\u00e9mov\u00fd filtr TF1 Compact Filter je ide\u00e1ln\u00ed pro mal\u00e1 a omezen\u00e1 m\u00edsta. Tento snadno instalovateln\u00fd kompozitn\u00ed plastov\u00fd filtr lze namontovat na svisl\u00e9 i vodorovn\u00e9 potrub\u00ed v r\u016fzn\u00fdch poloh\u00e1ch. Jeho konstrukce umo\u017e\u0148uje zachyt\u00e1v\u00e1n\u00ed jak magnetick\u00fdch, tak nemagnetick\u00fdch ne\u010distot pomoc\u00ed hydrocyklonov\u00e9ho \u00fa\u010dinku a speci\u00e1ln\u011b navr\u017een\u00fdch magnetick\u00fdch modul\u016f, kter\u00e9 shroma\u017e\u010fuj\u00ed a zadr\u017euj\u00ed ne\u010distoty uvnit\u0159 filtru p\u0159ed jejich bezpe\u010dn\u00fdm odstran\u011bn\u00edm. Rychl\u00e9 a \u010dist\u00e9 \u010di\u0161t\u011bn\u00ed pomoc\u00ed vypou\u0161t\u011bc\u00edho ventilu za m\u00e9n\u011b ne\u017e 2 minuty \u2013 bez nutnosti demont\u00e1\u017ee jednotky. Dod\u00e1v\u00e1 se s vylep\u0161en\u00fdm inhibitorem \u2013 Protector+ Filter Fluid F9 265 ml, kter\u00fd obsahuje disperg\u00e1tor pro maximalizaci \u00fa\u010dinnosti filtru p\u0159i zachyt\u00e1v\u00e1n\u00ed ne\u010distot. Kombinovan\u00fd \u00fa\u010dinek chemick\u00e9ho p\u0159\u00edpravku a filtru poskytuje maxim\u00e1ln\u00ed ochranu kotle a topn\u00e9ho syst\u00e9mu.<\/p>\n<ul>\n<li>P\u0159esn\u011b konstruovan\u00fd, hydrocyklonick\u00fd a magnetick\u00fd in-line syst\u00e9m filtru pro odstran\u011bn\u00ed magnetick\u00fdch a nemagnetick\u00fdch ne\u010distot ze syst\u00e9mov\u00e9 vody.\n<\/li>\n<li>Ide\u00e1ln\u00ed pro pou\u017eit\u00ed v mal\u00fdch, omezen\u00fdch prostorech a p\u0159\u00edstupov\u00fdch oblastech\n<\/li>\n<li>Zahrnuje 265ml l\u00e1hev filtra\u010dn\u00ed kapaliny Fernox Protector+, kter\u00e1 napom\u00e1h\u00e1 \u00fa\u010dinnosti filtru p\u0159i zachycov\u00e1n\u00ed ne\u010distot z vody v syst\u00e9mu\n<\/li>\n<li>Inovativn\u00ed inhibitor plus \u00faprava vody disperga\u010dn\u00ed chemik\u00e1li\u00ed poskytuj\u00ed trvalou ochranu kotle p\u0159ed cirkuluj\u00edc\u00edmi ne\u010distotami\n<\/li>\n<li>Vhodn\u00e9 pro vertik\u00e1ln\u00ed i horizont\u00e1ln\u00ed potrub\u00ed. V\u010detn\u011b v\u0161ech ventil\u016f a armatur\n<\/li>\n<li>5 let z\u00e1ruky<br \/>\n<\/li>\n<\/ul>\n","protected":false},"excerpt":{"rendered":"<p>Vysoce v\u00fdkonn\u00fd, magnetick\u00fd pr\u016fto\u010dn\u00fd syst\u00e9mov\u00fd filtr TF1 Compact Filter je ide\u00e1ln\u00ed pro mal\u00e1 a omezen\u00e1 m\u00edsta. Tento snadno instalovateln\u00fd kompozitn\u00ed plastov\u00fd filtr lze namontovat na svisl\u00e9 i vodorovn\u00e9 potrub\u00ed v r\u016fzn\u00fdch poloh\u00e1ch. Jeho konstrukce umo\u017e\u0148uje zachyt\u00e1v\u00e1n\u00ed jak magnetick\u00fdch, tak nemagnetick\u00fdch ne\u010distot pomoc\u00ed hydrocyklonov\u00e9ho \u00fa\u010dinku a speci\u00e1ln\u011b navr\u017een\u00fdch magnetick\u00fdch modul\u016f, kter\u00e9 shroma\u017e\u010fuj\u00ed a zadr\u017euj\u00ed ne\u010distoty uvnit\u0159 [&hellip;]<\/p>\n","protected":false},"featured_media":54463,"template":"","meta":{"_acf_changed":false},"product_brand":[],"product_cat":[27],"product_tag":[],"class_list":{"0":"post-53281","1":"product","2":"type-product","3":"status-publish","4":"has-post-thumbnail","6":"product_cat-filter-packs","7":"pa_fit-size-22mm","8":"pa_fit-size-3-4","9":"pa_fit-type-with-valves","11":"first","12":"instock","13":"purchasable","14":"product-type-variable"},"acf":[],"_links":{"self":[{"href":"https:\/\/fernox.com\/cz\/wp-json\/wp\/v2\/product\/53281","targetHints":{"allow":["GET"]}}],"collection":[{"href":"https:\/\/fernox.com\/cz\/wp-json\/wp\/v2\/product"}],"about":[{"href":"https:\/\/fernox.com\/cz\/wp-json\/wp\/v2\/types\/product"}],"wp:featuredmedia":[{"embeddable":true,"href":"https:\/\/fernox.com\/cz\/wp-json\/wp\/v2\/media\/54463"}],"wp:attachment":[{"href":"https:\/\/fernox.com\/cz\/wp-json\/wp\/v2\/media?parent=53281"}],"wp:term":[{"taxonomy":"product_brand","embeddable":true,"href":"https:\/\/fernox.com\/cz\/wp-json\/wp\/v2\/product_brand?post=53281"},{"taxonomy":"product_cat","embeddable":true,"href":"https:\/\/fernox.com\/cz\/wp-json\/wp\/v2\/product_cat?post=53281"},{"taxonomy":"product_tag","embeddable":true,"href":"https:\/\/fernox.com\/cz\/wp-json\/wp\/v2\/product_tag?post=53281"}],"curies":[{"name":"wp","href":"https:\/\/api.w.org\/{rel}","templated":true}]}}